{"id":1477,"date":"2018-12-17T21:53:45","date_gmt":"2018-12-17T20:53:45","guid":{"rendered":"http:\/\/www.cheyennecarronparfums.com\/?page_id=1477"},"modified":"2025-02-17T16:43:51","modified_gmt":"2025-02-17T15:43:51","slug":"creation-sur-mesure","status":"publish","type":"page","link":"https:\/\/cheyennecarronparfums.com\/de\/creation-sur-mesure\/","title":{"rendered":"Ma\u00dfgeschneiderte Kreation"},"content":{"rendered":"<p>[et_pb_section fb_built=\u00a0\u00bb1&Prime; _builder_version=\u00a0\u00bb4.27.4&Prime; _module_preset=\u00a0\u00bbdefault\u00a0\u00bb global_colors_info=\u00a0\u00bb{}\u00a0\u00bb][et_pb_row column_structure=\u00a0\u00bb1_2,1_2&Prime; _builder_version=\u00a0\u00bb4.27.4&Prime; _module_preset=\u00a0\u00bbdefault\u00a0\u00bb global_colors_info=\u00a0\u00bb{}\u00a0\u00bb][et_pb_column type=\u00a0\u00bb1_2&Prime; _builder_version=\u00a0\u00bb4.27.4&Prime; _module_preset=\u00a0\u00bbdefault\u00a0\u00bb global_colors_info=\u00a0\u00bb{}\u00a0\u00bb][et_pb_heading title=\u00a0\u00bbMarques\u00a0\u00bb url=\u00a0\u00bbhttps:\/\/cheyennecarronparfums.com\/marques\/\u00a0\u00bb _builder_version=\u00a0\u00bb4.27.4&Prime; _module_preset=\u00a0\u00bbdefault\u00a0\u00bb title_font=\u00a0\u00bb|||on|||||\u00a0\u00bb title_text_align=\u00a0\u00bbcenter\u00a0\u00bb background_image=\u00a0\u00bbhttps:\/\/cheyennecarronparfums.com\/wp-content\/uploads\/2025\/02\/ORCHIDEES-scaled.jpg\u00a0\u00bb custom_padding=\u00a0\u00bb8vw||8vw||true|false\u00a0\u00bb global_colors_info=\u00a0\u00bb{}\u00a0\u00bb][\/et_pb_heading][\/et_pb_column][et_pb_column type=\u00a0\u00bb1_2&Prime; _builder_version=\u00a0\u00bb4.27.4&Prime; _module_preset=\u00a0\u00bbdefault\u00a0\u00bb global_colors_info=\u00a0\u00bb{}\u00a0\u00bb][et_pb_heading title=\u00a0\u00bbParticuliers\u00a0\u00bb url=\u00a0\u00bbhttps:\/\/cheyennecarronparfums.com\/particuliers\/\u00a0\u00bb _builder_version=\u00a0\u00bb4.27.4&Prime; _module_preset=\u00a0\u00bbdefault\u00a0\u00bb title_font=\u00a0\u00bb|||on|||||\u00a0\u00bb title_text_align=\u00a0\u00bbcenter\u00a0\u00bb background_image=\u00a0\u00bbhttps:\/\/cheyennecarronparfums.com\/wp-content\/uploads\/2025\/02\/Photo-6-Ok.jpg\u00a0\u00bb custom_padding=\u00a0\u00bb8vw||8vw||true|false\u00a0\u00bb global_colors_info=\u00a0\u00bb{}\u00a0\u00bb][\/et_pb_heading][\/et_pb_column][\/et_pb_row][\/et_pb_section][et_pb_section fb_built=\u00a0\u00bb1&Prime; admin_label=\u00a0\u00bbsection\u00a0\u00bb _builder_version=\u00a0\u00bb4.16&Prime; global_colors_info=\u00a0\u00bb{}\u00a0\u00bb][et_pb_row admin_label=\u00a0\u00bbrow\u00a0\u00bb _builder_version=\u00a0\u00bb4.16&Prime; background_size=\u00a0\u00bbinitial\u00a0\u00bb background_position=\u00a0\u00bbtop_left\u00a0\u00bb background_repeat=\u00a0\u00bbrepeat\u00a0\u00bb global_colors_info=\u00a0\u00bb{}\u00a0\u00bb][et_pb_column type=\u00a0\u00bb4_4&Prime; _builder_version=\u00a0\u00bb4.16&Prime; custom_padding=\u00a0\u00bb|||\u00a0\u00bb global_colors_info=\u00a0\u00bb{}\u00a0\u00bb custom_padding__hover=\u00a0\u00bb|||\u00a0\u00bb][et_pb_text admin_label=\u00a0\u00bbText\u00a0\u00bb _builder_version=\u00a0\u00bb4.27.4&Prime; background_size=\u00a0\u00bbinitial\u00a0\u00bb background_position=\u00a0\u00bbtop_left\u00a0\u00bb background_repeat=\u00a0\u00bbrepeat\u00a0\u00bb global_colors_info=\u00a0\u00bb{}\u00a0\u00bb text_font_size=\u00a0\u00bb18px\u00a0\u00bb text_orientation=\u00a0\u00bbcenter\u00a0\u00bb hover_enabled=\u00a0\u00bb0&Prime; sticky_enabled=\u00a0\u00bb0&Prime;]<\/p>\n<p class=\"x_MsoNormal\"><span style=\"color: #000000;\">Quelle est cette senteur unique, ce parfum remarquable qui vous incarne, qui parle de votre marque ou qui repr\u00e9sente\u00a0votre produit ? Cheyenne-Marie Carron est l\u00e0 pour vous aider \u00e0 le cr\u00e9er.<\/span><\/p>\n<p class=\"x_MsoNormal\"><span style=\"color: #000000;\">Professionnels ou particuliers, venez la rencontrer. Cheyenne-Marie Carron \u00e9coutera vos aspirations et vos d\u00e9sirs pour les\u00a0retranscrire en un po\u00e8me olfactif unique.<\/span><\/p>\n<p><span style=\"color: #000000;\">Vous pourrez choisir entre diff\u00e9rentes propositions (qui vous seront remises sous la forme d\u2019\u00e9chantillons de 15ml.)<\/span><\/p>\n<p><span style=\"color: #000000;\">Celles-ci pourront\u00a0ensuite\u00a0\u00eatre affin\u00e9es jusqu\u2019\u00e0 atteindre la\u00a0fragrance ultime.<\/span><\/p>\n<p><span style=\"color: #000000;\">Contactez Cheyenne-Marie Carron par courriel ou courrier :<\/span><\/p>\n<p align=\"center\"><span style=\"color: #000000;\"><a id=\"LPlnk111026\" href=\"mailto:cmcparfums@gmail.com\" target=\"_blank\" rel=\"noopener noreferrer\">cmcparfums@gmail.com<\/a><\/span><\/p>\n<p class=\"x_MsoNormal\" align=\"center\"><span style=\"color: #000000;\"><b>FOLK<\/b><b><\/b><\/span><\/p>\n<p class=\"x_MsoNormal\" align=\"center\">1 rue Saint Antoine<\/p>\n<p class=\"x_MsoNormal\" align=\"center\">26530 Le grand Serre<\/p>\n<p>[\/et_pb_text][\/et_pb_column][\/et_pb_row][\/et_pb_section]<\/p>\n","protected":false},"excerpt":{"rendered":"<p>Quelle est cette senteur unique, ce parfum remarquable qui vous incarne, qui parle de votre marque ou qui repr\u00e9sente\u00a0votre produit ? Cheyenne-Marie Carron est l\u00e0 pour vous aider \u00e0 le cr\u00e9er. Professionnels ou particuliers, venez la rencontrer. Cheyenne-Marie Carron \u00e9coutera vos aspirations et vos d\u00e9sirs pour les\u00a0retranscrire en un po\u00e8me olfactif unique. Vous pourrez choisir [&hellip;]<\/p>\n","protected":false},"author":1,"featured_media":0,"parent":0,"menu_order":0,"comment_status":"closed","ping_status":"closed","template":"","meta":{"_acf_changed":false,"_et_pb_use_builder":"on","_et_pb_old_content":"<p class=\"x_MsoNormal\"><span style=\"color: #000000;\">Quelle est cette senteur unique, ce parfum remarquable qui vous incarne, qui parle de votre marque ou qui repr\u00e9sente\u00a0votre produit ? Cheyenne-Marie Carron est l\u00e0 pour vous aider \u00e0 le cr\u00e9er.<\/span><\/p>\n<p class=\"x_MsoNormal\"><span style=\"color: #000000;\">Professionnels ou particuliers, venez la rencontrer. Cheyenne-Marie Carron \u00e9coutera vos aspirations et vos d\u00e9sirs pour les\u00a0retranscrire en un po\u00e8me olfactif unique.<\/span><\/p>\n<span style=\"color: #000000;\">Vous pourrez choisir entre diff\u00e9rentes propositions (qui vous seront remises sous la forme d\u2019\u00e9chantillons de 15ml.)<\/span>\n\n<span style=\"color: #000000;\">Celles-ci pourront\u00a0ensuite\u00a0\u00eatre affin\u00e9es jusqu\u2019\u00e0 atteindre la\u00a0fragrance ultime.<\/span>\n\n<span style=\"color: #000000;\">Contactez Cheyenne-Marie Carron par courriel ou courrier :<\/span>\n<p align=\"center\"><span style=\"color: #000000;\"><a id=\"LPlnk111026\" href=\"mailto:cmcparfums@gmail.com\" target=\"_blank\" rel=\"noopener noreferrer\">cmcparfums@gmail.com<\/a><\/span><\/p>\n<p class=\"x_MsoNormal\" align=\"center\"><span style=\"color: #000000;\"><b>FOLK<\/b><b><\/b><\/span><\/p>\n<p class=\"x_MsoNormal\" align=\"center\"><span style=\"color: #000000;\"><i>15 rue raynouard<\/i><\/span><\/p>\n<p class=\"x_MsoNormal\" align=\"center\"><span style=\"color: #000000;\"><i>75016 paris<\/i><\/span><\/p>","_et_gb_content_width":"","footnotes":""},"class_list":["post-1477","page","type-page","status-publish","hentry"],"acf":[],"jetpack_sharing_enabled":true,"_links":{"self":[{"href":"https:\/\/cheyennecarronparfums.com\/de\/wp-json\/wp\/v2\/pages\/1477","targetHints":{"allow":["GET"]}}],"collection":[{"href":"https:\/\/cheyennecarronparfums.com\/de\/wp-json\/wp\/v2\/pages"}],"about":[{"href":"https:\/\/cheyennecarronparfums.com\/de\/wp-json\/wp\/v2\/types\/page"}],"author":[{"embeddable":true,"href":"https:\/\/cheyennecarronparfums.com\/de\/wp-json\/wp\/v2\/users\/1"}],"replies":[{"embeddable":true,"href":"https:\/\/cheyennecarronparfums.com\/de\/wp-json\/wp\/v2\/comments?post=1477"}],"version-history":[{"count":5,"href":"https:\/\/cheyennecarronparfums.com\/de\/wp-json\/wp\/v2\/pages\/1477\/revisions"}],"predecessor-version":[{"id":4159,"href":"https:\/\/cheyennecarronparfums.com\/de\/wp-json\/wp\/v2\/pages\/1477\/revisions\/4159"}],"wp:attachment":[{"href":"https:\/\/cheyennecarronparfums.com\/de\/wp-json\/wp\/v2\/media?parent=1477"}],"curies":[{"name":"wp","href":"https:\/\/api.w.org\/{rel}","templated":true}]}}