{"id":373,"date":"2018-01-19T22:01:17","date_gmt":"2018-01-19T21:01:17","guid":{"rendered":"http:\/\/www.cheyennecarronparfums.com\/?page_id=373"},"modified":"2026-03-29T14:08:34","modified_gmt":"2026-03-29T12:08:34","slug":"conditions-generales-dutilisation","status":"publish","type":"page","link":"https:\/\/cheyennecarronparfums.com\/de\/conditions-generales-dutilisation\/","title":{"rendered":"Conditions g\u00e9n\u00e9rales d&rsquo;utilisation"},"content":{"rendered":"<p>[et_pb_section fb_built=\u00a0\u00bb1&Prime; admin_label=\u00a0\u00bbsection\u00a0\u00bb _builder_version=\u00a0\u00bb4.16&Prime; global_colors_info=\u00a0\u00bb{}\u00a0\u00bb][et_pb_row admin_label=\u00a0\u00bbrow\u00a0\u00bb _builder_version=\u00a0\u00bb4.16&Prime; background_size=\u00a0\u00bbinitial\u00a0\u00bb background_position=\u00a0\u00bbtop_left\u00a0\u00bb background_repeat=\u00a0\u00bbrepeat\u00a0\u00bb global_colors_info=\u00a0\u00bb{}\u00a0\u00bb][et_pb_column type=\u00a0\u00bb4_4&Prime; _builder_version=\u00a0\u00bb4.16&Prime; custom_padding=\u00a0\u00bb|||\u00a0\u00bb global_colors_info=\u00a0\u00bb{}\u00a0\u00bb custom_padding__hover=\u00a0\u00bb|||\u00a0\u00bb][et_pb_text admin_label=\u00a0\u00bbText\u00a0\u00bb _builder_version=\u00a0\u00bb4.27.6&Prime; text_font_size=\u00a0\u00bb20px\u00a0\u00bb text_line_height=\u00a0\u00bb1.5em\u00a0\u00bb background_size=\u00a0\u00bbinitial\u00a0\u00bb background_position=\u00a0\u00bbtop_left\u00a0\u00bb background_repeat=\u00a0\u00bbrepeat\u00a0\u00bb text_orientation=\u00a0\u00bbjustified\u00a0\u00bb global_colors_info=\u00a0\u00bb{}\u00a0\u00bb]<\/p>\n<p>CHEYENNE-MARIE CARRON PARFUMS SITE WEB FRAN\u00c7AIS CONDITIONS D\u2019UTILISATION<\/p>\n<p><span>Entreprise : FOLK <\/span><br \/><span>Nom commercial : Cheyenne Marie Carron <\/span><\/p>\n<p><span>1 rue saint Antoine<\/span><br \/><span>26530 LE GRAND SERRE<\/span><\/p>\n<p>France<span><\/span><\/p>\n<p>Soci\u00e9t\u00e9 par actions simplifi\u00e9e (SAS)<\/p>\n<p>Num\u00e9ro RCS : <b>834 763 146 RCS PARIS<\/b><\/p>\n<p>Num\u00e9ro de TVA : <b>FR01 834763146<\/b><\/p>\n<p>&nbsp;<\/p>\n<p>E-mail du Service Clients : <a href=\"mailto:cheyennecarron@gmail.com\">cmcparfums@gmail.com<\/a><b><a href=\"mailto:contact@cheyennecarronparfums.com\" target=\"_blank\" rel=\"noopener\"><\/a><\/b><b><\/b><\/p>\n<p>T\u00e9l\u00e9phone : +33 1 40 50 32 02 (du lundi au samedi, de 12h \u00e0 19h, fuseau horaire de Paris)<\/p>\n<p>Directrice de publication : Cheyenne-Marie CARRON<\/p>\n<p>H\u00e9bergeur : O2Switch<\/p>\n<p><strong>Vous devez avoir 18 ans ou l\u2019\u00e2ge de la majorit\u00e9 dans votre juridiction pour effectuer un achat sur notre site<\/strong>. Si vous avez moins de 18 ans ou l\u2019\u00e2ge de la majorit\u00e9 dans votre juridiction, vous ne pouvez pas effectuer d\u2019achat sur notre site.<\/p>\n<p>&nbsp;<\/p>\n<ol>\n<li><strong> PRODUITS ET SERVICES R\u00c9SERV\u00c9S \u00c0 L\u2019USAGE PERSONNEL<\/strong><\/li>\n<\/ol>\n<p>Les produits et services disponibles sur le site, ainsi que les \u00e9chantillons que nous pouvons vous fournir, sont uniquement destin\u00e9s \u00e0 un usage personnel. Vous ne pouvez pas vendre ou revendre aucun des produits ou services, ou aucun des \u00e9chantillons de ceux-ci, que vous achetez ou recevez de notre part. Nous nous r\u00e9servons le droit, avec ou sans pr\u00e9avis, d\u2019annuler ou de r\u00e9duire la quantit\u00e9 de toute commande \u00e0 satisfaire ou les produits ou services qui vous seront fournis dont nous pensons, \u00e0 notre seule discr\u00e9tion, qu\u2019ils peuvent entra\u00eener une violation de nos Conditions g\u00e9n\u00e9rales.<\/p>\n<p>&nbsp;<\/p>\n<ol start=\"2\">\n<li><strong> EXACTITUDE DES INFORMATIONS<\/strong><\/li>\n<\/ol>\n<p>Nous essayons d\u2019\u00eatre aussi pr\u00e9cis que possible lorsque nous d\u00e9crivons nos produits sur le Site ; cependant, dans la mesure permise par la loi applicable, nous ne garantissons pas que les descriptions, couleurs, informations ou autres contenus disponibles sur le Site soient exacts, complets, fiables, actuels ou exempts d\u2019erreurs.<\/p>\n<p>Ce Site peut contenir des erreurs typographiques ou des inexactitudes et peut ne pas \u00eatre complet ou actuel. Nous nous r\u00e9servons donc le droit de corriger toute erreur, inexactitude ou omission (y compris apr\u00e8s l\u2019envoi d\u2019une commande) et de modifier ou mettre \u00e0 jour les informations \u00e0 tout moment sans pr\u00e9avis.<\/p>\n<p>&nbsp;<\/p>\n<ol start=\"3\">\n<li><strong> PROPRI\u00c9T\u00c9 INTELLECTUELLE<\/strong><\/li>\n<\/ol>\n<p>Toutes les informations et tous les contenus disponibles sur le Site ainsi que l\u2019impression d\u2019ensemble de ce dernier, incluant en cela mais sans s\u2019y limiter les marques de commerce, logos, marques de service, fonctionnalit\u00e9s, fonctions, textes, \u00e9l\u00e9ments graphiques, photographies, ic\u00f4nes de boutons, images, clips audio, compilations de donn\u00e9es et logiciels ainsi que la compilation et l\u2019organisation de tous ces \u00e9l\u00e9ments (collectivement, le \u00ab Contenu \u00bb) sont la propri\u00e9t\u00e9 Cheyenne-Marie Carron Parfums ou la propri\u00e9t\u00e9 de ses soci\u00e9t\u00e9s m\u00e8res, filiales, soci\u00e9t\u00e9s affili\u00e9es, partenaires ou conc\u00e9dants de licence et sont prot\u00e9g\u00e9s par les lois des \u00c9tats-Unis et les lois internationales, y compris les lois r\u00e9gissant les droits d\u2019auteur et les marques de commerce. Nos marques et pr\u00e9sentations commerciales ne peuvent \u00eatre utilis\u00e9es de quelque mani\u00e8re que ce soit \u00e0 quelque fin que ce soit sans notre consentement \u00e9crit expr\u00e8s.<\/p>\n<p>Sauf pour les licences limit\u00e9es \u00e9nonc\u00e9es \u00e0 la section 6 ci-dessous, ou conform\u00e9ment aux lois applicables, ni le Contenu ni aucune partie du Site ne peuvent \u00eatre utilis\u00e9s, reproduits, dupliqu\u00e9s, copi\u00e9s, vendus, revendus, consult\u00e9s, modifi\u00e9s ou autrement exploit\u00e9s, en tout ou en partie, \u00e0 quelque fin que ce soit, sans notre consentement \u00e9crit expr\u00e8s.<\/p>\n<p>&nbsp;<\/p>\n<ol start=\"4\">\n<li><strong> LIENS TIERS<\/strong><\/li>\n<\/ol>\n<p>Nous ne sommes pas responsables du contenu des sites tiers, m\u00eame s\u2019ils pointent vers ou depuis le Site. Les liens apparaissant sur le Site ne sont fournis qu\u2019\u00e0 titre informatif et ne constituent en aucun cas une approbation de notre part, de nos soci\u00e9t\u00e9s parentes, filiales, affili\u00e9s ou partenaires du contenu, des produits, du service ou du fournisseur r\u00e9f\u00e9renc\u00e9s. Votre utilisation de et l\u2019acc\u00e8s \u00e0 ces sites tiers se font \u00e0 vos risques et p\u00e9rils. Nous ne sommes en aucun cas responsables de l\u2019examen ou de l\u2019\u00e9valuation et nous ne garantissons pas les offres des sites internet de tiers ou d\u2019autres sites internet li\u00e9s au Site ou provenant du Site. Nous n\u2019assumons aucune responsabilit\u00e9 pour les actions, le content, les produits ou les services desdits sites internet, y compris, sans limitation, leurs politiques de confidentialit\u00e9 et les conditions g\u00e9n\u00e9rales qui les r\u00e9gissent. Vous devriez examiner attentivement les politiques de confidentialit\u00e9 et les conditions g\u00e9n\u00e9rales des sites internet tiers que vous visitez.<\/p>\n<p>&nbsp;<\/p>\n<p>&nbsp;<\/p>\n<ol start=\"5\">\n<li><strong> AVIS D\u2019INFRACTION DES DROITS D\u2019AUTEUR<\/strong><\/li>\n<\/ol>\n<p>Nous respectons la propri\u00e9t\u00e9 intellectuelle d\u2019autrui. Si vous estimez que des mat\u00e9riels prot\u00e9g\u00e9s par le droit d\u2019auteur ont \u00e9t\u00e9 copi\u00e9s d\u2019une fa\u00e7on susceptible de constituer une violation du droit d\u2019auteur, veuillez envoyer un e-mail ou un signalement \u00e9crit \u00e0 notre pr\u00e9pos\u00e9 au signalement de violations en fournissant les \u00e9l\u00e9ments suivants : l\u2019identification de l\u2019\u0153uvre ou des \u0153uvres sous droit d\u2019auteur ayant fait, d\u2019apr\u00e8s vous, l\u2019objet d\u2019une violation avec confirmation que vous \u00eates le titulaire du droit d\u2019auteur ou que vous \u00eates autoris\u00e9(e) \u00e0 agir au nom du titulaire du droit d\u2019auteur ; une description du mat\u00e9riel qui, d\u2019apr\u00e8s vous, porte atteinte et l\u2019emplacement de ce mat\u00e9riel sur le Site ; \u00a0votre adresse, num\u00e9ro de t\u00e9l\u00e9phone et adresse e-mail.<\/p>\n<p>Email\u00a0: <a href=\"mailto:cheyennecarron@gmail.com\">cmcparfums@gmail.com<\/a><\/p>\n<p>&nbsp;<\/p>\n<p>&nbsp;<\/p>\n<ol start=\"6\">\n<li><strong> LITIGES<\/strong><\/li>\n<\/ol>\n<p>En ce qui concerne tout litige, toute r\u00e9clamation ou controverse concernant le Site, tous les droits et obligations et toutes les actions envisag\u00e9es par les pr\u00e9sentes Conditions g\u00e9n\u00e9rales seront r\u00e9gis par la l\u00e9gislation fran\u00e7aise, comme si les Conditions g\u00e9n\u00e9rales formaient un contrat enti\u00e8rement conclu et enti\u00e8rement ex\u00e9cut\u00e9 en France.<\/p>\n<p>En cas de r\u00e9clamation concernant votre achat en ligne, vous pouvez nous contacter \u00e0 l\u2019adresse :\u00a0<b><\/b><a href=\"mailto:cheyennecarron@gmail.com\">cheyennecarron@gmail.com<\/a><\/p>\n<p>&nbsp;<\/p>\n<ol start=\"7\">\n<li><strong> DISPOSITIONS G\u00c9N\u00c9RALES<\/strong><\/li>\n<\/ol>\n<p>Vous reconnaissez et acceptez que les pr\u00e9sentes Conditions g\u00e9n\u00e9rales constituent l\u2019accord complet et exclusif entre nous concernant votre utilisation du Site, et remplacent et pr\u00e9valent sur toutes les propositions, ententes ou autres communications ant\u00e9rieures.<\/p>\n<p>Nous nous r\u00e9servons le droit (dans la mesure permise par la loi applicable) de modifier les pr\u00e9sentes Conditions g\u00e9n\u00e9rales \u00e0 tout moment en affichant les changements sur le Site et en donnant un avis dudit changement. Toute modification sera effective imm\u00e9diatement apr\u00e8s son affichage sur le site. La Date d\u2019effet de la version actuelle des Conditions g\u00e9n\u00e9rales se trouve en haut de cette page. Votre utilisation continue du Site par la suite constitue votre accord \u00e0 l\u2019ensemble des Conditions g\u00e9n\u00e9rales modifi\u00e9es. Nous pouvons, avec ou sans pr\u00e9avis, r\u00e9silier tout droit accord\u00e9 par les pr\u00e9sentes Conditions g\u00e9n\u00e9rales. Vous devez vous conformer imm\u00e9diatement \u00e0 toute r\u00e9siliation ou \u00e0 tout autre avis, y compris, le cas \u00e9ch\u00e9ant, en cessant toute utilisation du Site. Nous nous r\u00e9servons \u00e9galement le droit (dans la mesure permise par la loi applicable) \u00e0 tout moment et de temps en temps de modifier ou d\u2019interrompre, temporairement ou d\u00e9finitivement, le Site (ou une partie de celui-ci).<\/p>\n<p>&nbsp;<\/p>\n<p>Si vous avez des questions au sujet des pr\u00e9sentes Conditions g\u00e9n\u00e9rales, veuillez nous envoyer un email \u00e0 l\u2019adresse <b><a href=\"mailto:cheyennecarron@gmail.com\">cheyennecarron@gmail.com<\/a><\/b><b><\/b><\/p>\n<p>&nbsp;<\/p>\n<p>Droits d&rsquo;auteur \u00a9 <strong>Cheyenne-Marie CARRON PARFUMS<\/strong> Tous droits r\u00e9serv\u00e9s dans le monde.<\/p>\n<p>Droits d&rsquo;auteur \u00a9 <strong>Folk<\/strong> Tous droits r\u00e9serv\u00e9s dans le monde.<\/p>\n<p>[\/et_pb_text][\/et_pb_column][\/et_pb_row][\/et_pb_section]<\/p>\n","protected":false},"excerpt":{"rendered":"<p>CHEYENNE-MARIE CARRON PARFUMS SITE WEB FRAN\u00c7AIS CONDITIONS D\u2019UTILISATION Entreprise : FOLK Nom commercial : Cheyenne Marie Carron 1 rue saint Antoine26530 LE GRAND SERRE France Soci\u00e9t\u00e9 par actions simplifi\u00e9e (SAS) Num\u00e9ro RCS : 834 763 146 RCS PARIS Num\u00e9ro de TVA : FR01 834763146 &nbsp; E-mail du Service Clients : cmcparfums@gmail.com T\u00e9l\u00e9phone : +33 1 [&hellip;]<\/p>\n","protected":false},"author":1,"featured_media":0,"parent":0,"menu_order":0,"comment_status":"closed","ping_status":"closed","template":"","meta":{"_acf_changed":false,"_et_pb_use_builder":"on","_et_pb_old_content":"[vc_row][vc_column][vc_column_text]CHEYENNE-MARIE CARRON PARFUMS SITE WEB FRAN\u00c7AIS CONDITIONS D\u2019UTILISATION\r\n\r\n&nbsp;\r\n\r\n&nbsp;\r\n\r\n<strong>FOLK<\/strong>\r\n\r\n15 rue Raynouard\r\n\r\n75016 PARIS\r\n\r\n&nbsp;\r\n\r\nSoci\u00e9t\u00e9 par actions simplifi\u00e9e (SAS)\r\n\r\nNum\u00e9ro RCS : <b>834 763 146 RCS PARIS<\/b>\r\n\r\nNum\u00e9ro de TVA : <b>FR01 834763146<\/b>\r\n\r\n&nbsp;\r\n\r\n&nbsp;\r\n\r\nE-mail du Service Clients : cmcparfums@gmail.com\r\n\r\nT\u00e9l\u00e9phone : +33 1 40 50 32 02 (du lundi au samedi, de 12h \u00e0 19h, fuseau horaire de Paris)\r\n\r\nDirectrice de publication : Cheyenne-Marie CARRON\r\n\r\nH\u00e9bergeur : GANDHI\r\n\r\n&nbsp;\r\n\r\n&nbsp;\r\n\r\n<strong>Vous devez avoir 18 ans ou l\u2019\u00e2ge de la majorit\u00e9 dans votre juridiction pour effectuer un achat sur notre site<\/strong>. Si vous avez moins de 18 ans ou l\u2019\u00e2ge de la majorit\u00e9 dans votre juridiction, vous ne pouvez pas effectuer d\u2019achat sur notre site.\r\n\r\n&nbsp;\r\n\r\n&nbsp;\r\n<ol>\r\n \t<li><strong> PRODUITS ET SERVICES R\u00c9SERV\u00c9S \u00c0 L\u2019USAGE PERSONNEL<\/strong><\/li>\r\n<\/ol>\r\nLes produits et services disponibles sur le site, ainsi que les \u00e9chantillons que nous pouvons vous fournir, sont uniquement destin\u00e9s \u00e0 un usage personnel. Vous ne pouvez pas vendre ou revendre aucun des produits ou services, ou aucun des \u00e9chantillons de ceux-ci, que vous achetez ou recevez de notre part. Nous nous r\u00e9servons le droit, avec ou sans pr\u00e9avis, d\u2019annuler ou de r\u00e9duire la quantit\u00e9 de toute commande \u00e0 satisfaire ou les produits ou services qui vous seront fournis dont nous pensons, \u00e0 notre seule discr\u00e9tion, qu\u2019ils peuvent entra\u00eener une violation de nos Conditions g\u00e9n\u00e9rales.\r\n\r\n&nbsp;\r\n<ol start=\"2\">\r\n \t<li><strong> EXACTITUDE DES INFORMATIONS<\/strong><\/li>\r\n<\/ol>\r\nNous essayons d\u2019\u00eatre aussi pr\u00e9cis que possible lorsque nous d\u00e9crivons nos produits sur le Site ; cependant, dans la mesure permise par la loi applicable, nous ne garantissons pas que les descriptions, couleurs, informations ou autres contenus disponibles sur le Site soient exacts, complets, fiables, actuels ou exempts d\u2019erreurs.\r\n\r\nCe Site peut contenir des erreurs typographiques ou des inexactitudes et peut ne pas \u00eatre complet ou actuel. Nous nous r\u00e9servons donc le droit de corriger toute erreur, inexactitude ou omission (y compris apr\u00e8s l\u2019envoi d\u2019une commande) et de modifier ou mettre \u00e0 jour les informations \u00e0 tout moment sans pr\u00e9avis.\r\n\r\n&nbsp;\r\n<ol start=\"3\">\r\n \t<li><strong> PROPRI\u00c9T\u00c9 INTELLECTUELLE<\/strong><\/li>\r\n<\/ol>\r\nToutes les informations et tous les contenus disponibles sur le Site ainsi que l\u2019impression d\u2019ensemble de ce dernier, incluant en cela mais sans s\u2019y limiter les marques de commerce, logos, marques de service, fonctionnalit\u00e9s, fonctions, textes, \u00e9l\u00e9ments graphiques, photographies, ic\u00f4nes de boutons, images, clips audio, compilations de donn\u00e9es et logiciels ainsi que la compilation et l\u2019organisation de tous ces \u00e9l\u00e9ments (collectivement, le \u00ab Contenu \u00bb) sont la propri\u00e9t\u00e9 Cheyenne-Marie Carron Parfums ou la propri\u00e9t\u00e9 de ses soci\u00e9t\u00e9s m\u00e8res, filiales, soci\u00e9t\u00e9s affili\u00e9es, partenaires ou conc\u00e9dants de licence et sont prot\u00e9g\u00e9s par les lois des \u00c9tats-Unis et les lois internationales, y compris les lois r\u00e9gissant les droits d\u2019auteur et les marques de commerce. Nos marques et pr\u00e9sentations commerciales ne peuvent \u00eatre utilis\u00e9es de quelque mani\u00e8re que ce soit \u00e0 quelque fin que ce soit sans notre consentement \u00e9crit expr\u00e8s.\r\n\r\nSauf pour les licences limit\u00e9es \u00e9nonc\u00e9es \u00e0 la section 6 ci-dessous, ou conform\u00e9ment aux lois applicables, ni le Contenu ni aucune partie du Site ne peuvent \u00eatre utilis\u00e9s, reproduits, dupliqu\u00e9s, copi\u00e9s, vendus, revendus, consult\u00e9s, modifi\u00e9s ou autrement exploit\u00e9s, en tout ou en partie, \u00e0 quelque fin que ce soit, sans notre consentement \u00e9crit expr\u00e8s.\r\n\r\n&nbsp;\r\n<ol start=\"4\">\r\n \t<li><strong> LIENS TIERS<\/strong><\/li>\r\n<\/ol>\r\nNous ne sommes pas responsables du contenu des sites tiers, m\u00eame s\u2019ils pointent vers ou depuis le Site. Les liens apparaissant sur le Site ne sont fournis qu\u2019\u00e0 titre informatif et ne constituent en aucun cas une approbation de notre part, de nos soci\u00e9t\u00e9s parentes, filiales, affili\u00e9s ou partenaires du contenu, des produits, du service ou du fournisseur r\u00e9f\u00e9renc\u00e9s. Votre utilisation de et l\u2019acc\u00e8s \u00e0 ces sites tiers se font \u00e0 vos risques et p\u00e9rils. Nous ne sommes en aucun cas responsables de l\u2019examen ou de l\u2019\u00e9valuation et nous ne garantissons pas les offres des sites internet de tiers ou d\u2019autres sites internet li\u00e9s au Site ou provenant du Site. Nous n\u2019assumons aucune responsabilit\u00e9 pour les actions, le content, les produits ou les services desdits sites internet, y compris, sans limitation, leurs politiques de confidentialit\u00e9 et les conditions g\u00e9n\u00e9rales qui les r\u00e9gissent. Vous devriez examiner attentivement les politiques de confidentialit\u00e9 et les conditions g\u00e9n\u00e9rales des sites internet tiers que vous visitez.\r\n\r\n&nbsp;\r\n\r\n&nbsp;\r\n<ol start=\"5\">\r\n \t<li><strong> AVIS D\u2019INFRACTION DES DROITS D\u2019AUTEUR<\/strong><\/li>\r\n<\/ol>\r\nNous respectons la propri\u00e9t\u00e9 intellectuelle d\u2019autrui. Si vous estimez que des mat\u00e9riels prot\u00e9g\u00e9s par le droit d\u2019auteur ont \u00e9t\u00e9 copi\u00e9s d\u2019une fa\u00e7on susceptible de constituer une violation du droit d\u2019auteur, veuillez envoyer un e-mail ou un signalement \u00e9crit \u00e0 notre pr\u00e9pos\u00e9 au signalement de violations en fournissant les \u00e9l\u00e9ments suivants : l\u2019identification de l\u2019\u0153uvre ou des \u0153uvres sous droit d\u2019auteur ayant fait, d\u2019apr\u00e8s vous, l\u2019objet d\u2019une violation avec confirmation que vous \u00eates le titulaire du droit d\u2019auteur ou que vous \u00eates autoris\u00e9(e) \u00e0 agir au nom du titulaire du droit d\u2019auteur ; une description du mat\u00e9riel qui, d\u2019apr\u00e8s vous, porte atteinte et l\u2019emplacement de ce mat\u00e9riel sur le Site ; \u00a0votre adresse, num\u00e9ro de t\u00e9l\u00e9phone et adresse e-mail.\r\n\r\nEmail\u00a0: <a href=\"mailto:cmcparfums@gmail.com\">cmcparfums@gmail.com<\/a>\r\n\r\n&nbsp;\r\n\r\n&nbsp;\r\n<ol start=\"6\">\r\n \t<li><strong> LITIGES<\/strong><\/li>\r\n<\/ol>\r\nEn ce qui concerne tout litige, toute r\u00e9clamation ou controverse concernant le Site, tous les droits et obligations et toutes les actions envisag\u00e9es par les pr\u00e9sentes Conditions g\u00e9n\u00e9rales seront r\u00e9gis par la l\u00e9gislation fran\u00e7aise, comme si les Conditions g\u00e9n\u00e9rales formaient un contrat enti\u00e8rement conclu et enti\u00e8rement ex\u00e9cut\u00e9 en France.\r\n\r\nEn cas de r\u00e9clamation concernant votre achat en ligne, vous pouvez nous contacter \u00e0 l\u2019adresse : <a href=\"mailto:cmcparfums@gmail.com\">cmcparfums@gmail.com<\/a>\r\n\r\n&nbsp;\r\n\r\n&nbsp;\r\n\r\n&nbsp;\r\n<ol start=\"7\">\r\n \t<li><strong> DISPOSITIONS G\u00c9N\u00c9RALES<\/strong><\/li>\r\n<\/ol>\r\nVous reconnaissez et acceptez que les pr\u00e9sentes Conditions g\u00e9n\u00e9rales constituent l\u2019accord complet et exclusif entre nous concernant votre utilisation du Site, et remplacent et pr\u00e9valent sur toutes les propositions, ententes ou autres communications ant\u00e9rieures.\r\n\r\nNous nous r\u00e9servons le droit (dans la mesure permise par la loi applicable) de modifier les pr\u00e9sentes Conditions g\u00e9n\u00e9rales \u00e0 tout moment en affichant les changements sur le Site et en donnant un avis dudit changement. Toute modification sera effective imm\u00e9diatement apr\u00e8s son affichage sur le site. La Date d\u2019effet de la version actuelle des Conditions g\u00e9n\u00e9rales se trouve en haut de cette page. Votre utilisation continue du Site par la suite constitue votre accord \u00e0 l\u2019ensemble des Conditions g\u00e9n\u00e9rales modifi\u00e9es. Nous pouvons, avec ou sans pr\u00e9avis, r\u00e9silier tout droit accord\u00e9 par les pr\u00e9sentes Conditions g\u00e9n\u00e9rales. Vous devez vous conformer imm\u00e9diatement \u00e0 toute r\u00e9siliation ou \u00e0 tout autre avis, y compris, le cas \u00e9ch\u00e9ant, en cessant toute utilisation du Site. Nous nous r\u00e9servons \u00e9galement le droit (dans la mesure permise par la loi applicable) \u00e0 tout moment et de temps en temps de modifier ou d\u2019interrompre, temporairement ou d\u00e9finitivement, le Site (ou une partie de celui-ci).\r\n\r\n&nbsp;\r\n\r\n&nbsp;\r\n\r\n&nbsp;\r\n\r\nSi vous avez des questions au sujet des pr\u00e9sentes Conditions g\u00e9n\u00e9rales, veuillez nous envoyer un email \u00e0 l\u2019adresse <strong>cmcparfums@gmail.com<\/strong>\r\n\r\n&nbsp;\r\n\r\nDroits d'auteur \u00a9 <strong>Cheyenne-Marie CARRON PARFUMS<\/strong> Tous droits r\u00e9serv\u00e9s dans le monde.\r\n\r\nDroits d'auteur \u00a9 <strong>Folk<\/strong> Tous droits r\u00e9serv\u00e9s dans le monde.[\/vc_column_text][\/vc_column][\/vc_row]","_et_gb_content_width":"","footnotes":""},"class_list":["post-373","page","type-page","status-publish","hentry"],"acf":[],"jetpack_sharing_enabled":true,"_links":{"self":[{"href":"https:\/\/cheyennecarronparfums.com\/de\/wp-json\/wp\/v2\/pages\/373","targetHints":{"allow":["GET"]}}],"collection":[{"href":"https:\/\/cheyennecarronparfums.com\/de\/wp-json\/wp\/v2\/pages"}],"about":[{"href":"https:\/\/cheyennecarronparfums.com\/de\/wp-json\/wp\/v2\/types\/page"}],"author":[{"embeddable":true,"href":"https:\/\/cheyennecarronparfums.com\/de\/wp-json\/wp\/v2\/users\/1"}],"replies":[{"embeddable":true,"href":"https:\/\/cheyennecarronparfums.com\/de\/wp-json\/wp\/v2\/comments?post=373"}],"version-history":[{"count":8,"href":"https:\/\/cheyennecarronparfums.com\/de\/wp-json\/wp\/v2\/pages\/373\/revisions"}],"predecessor-version":[{"id":5025,"href":"https:\/\/cheyennecarronparfums.com\/de\/wp-json\/wp\/v2\/pages\/373\/revisions\/5025"}],"wp:attachment":[{"href":"https:\/\/cheyennecarronparfums.com\/de\/wp-json\/wp\/v2\/media?parent=373"}],"curies":[{"name":"wp","href":"https:\/\/api.w.org\/{rel}","templated":true}]}}