{"id":4618,"date":"2025-12-30T05:40:46","date_gmt":"2025-12-30T04:40:46","guid":{"rendered":"https:\/\/cheyennecarronparfums.com\/?page_id=4618"},"modified":"2025-12-30T06:13:41","modified_gmt":"2025-12-30T05:13:41","slug":"devenir-affilie","status":"publish","type":"page","link":"https:\/\/cheyennecarronparfums.com\/de\/devenir-affilie\/","title":{"rendered":"Programme d\u2019affiliation parfum \u2013 Cheyenne Carron Parfums"},"content":{"rendered":"<p id=\"block-3ab4cad2-5797-496e-b5c3-69649e5a6f4b\">Rejoignez le programme d\u2019affiliation Cheyenne Carron Parfums.<\/p>\n\n\n\n<p id=\"block-3ab4cad2-5797-496e-b5c3-69649e5a6f4b\">Une affiliation parfum s\u00e9lective et artistique, d\u00e9di\u00e9e aux cr\u00e9ateurs et passionn\u00e9s de parfumerie.<\/p>\n\n\n\n\n\n\n<p id=\"block-3ab4cad2-5797-496e-b5c3-69649e5a6f4b\"><\/p>","protected":false},"excerpt":{"rendered":"<p>Rejoignez le programme d\u2019affiliation Cheyenne Carron Parfums. Une affiliation parfum s\u00e9lective et artistique, d\u00e9di\u00e9e aux cr\u00e9ateurs et passionn\u00e9s de parfumerie.<\/p>","protected":false},"author":1,"featured_media":0,"parent":0,"menu_order":0,"comment_status":"closed","ping_status":"closed","template":"","meta":{"_acf_changed":false,"_et_pb_use_builder":"off","_et_pb_old_content":"","_et_gb_content_width":"","footnotes":""},"class_list":["post-4618","page","type-page","status-publish","hentry"],"acf":[],"jetpack_sharing_enabled":true,"_links":{"self":[{"href":"https:\/\/cheyennecarronparfums.com\/de\/wp-json\/wp\/v2\/pages\/4618","targetHints":{"allow":["GET"]}}],"collection":[{"href":"https:\/\/cheyennecarronparfums.com\/de\/wp-json\/wp\/v2\/pages"}],"about":[{"href":"https:\/\/cheyennecarronparfums.com\/de\/wp-json\/wp\/v2\/types\/page"}],"author":[{"embeddable":true,"href":"https:\/\/cheyennecarronparfums.com\/de\/wp-json\/wp\/v2\/users\/1"}],"replies":[{"embeddable":true,"href":"https:\/\/cheyennecarronparfums.com\/de\/wp-json\/wp\/v2\/comments?post=4618"}],"version-history":[{"count":2,"href":"https:\/\/cheyennecarronparfums.com\/de\/wp-json\/wp\/v2\/pages\/4618\/revisions"}],"predecessor-version":[{"id":4624,"href":"https:\/\/cheyennecarronparfums.com\/de\/wp-json\/wp\/v2\/pages\/4618\/revisions\/4624"}],"wp:attachment":[{"href":"https:\/\/cheyennecarronparfums.com\/de\/wp-json\/wp\/v2\/media?parent=4618"}],"curies":[{"name":"wp","href":"https:\/\/api.w.org\/{rel}","templated":true}]}}