{"id":103,"date":"2018-01-13T00:43:11","date_gmt":"2018-01-12T23:43:11","guid":{"rendered":"http:\/\/www.cheyennecarronparfums.com\/?post_type=product&#038;p=103"},"modified":"2026-03-24T21:24:45","modified_gmt":"2026-03-24T20:24:45","slug":"marie","status":"publish","type":"product","link":"https:\/\/cheyennecarronparfums.com\/de\/products\/marie\/","title":{"rendered":"MARIE"},"content":{"rendered":"<p class=\"p1\"><b>MARIE \u2013 Eau de parfum \u2013 100 ml<\/b><b><\/b><\/p>\n<p class=\"p1\">Une fragrance douce et enveloppante, o\u00f9 les notes musqu\u00e9es et bois\u00e9es rencontrent une d\u00e9licatesse poudr\u00e9e. Un parfum inspir\u00e9 par la tendresse, la m\u00e9moire et les liens essentiels.<\/p>","protected":false},"excerpt":{"rendered":"<div class=\"flex flex-col text-sm pb-25\">\n<article class=\"text-token-text-primary w-full focus:outline-none [--shadow-height:45px] has-data-writing-block:pointer-events-none has-data-writing-block:-mt-(--shadow-height) has-data-writing-block:pt-(--shadow-height) [&amp;:has([data-writing-block])&gt;*]:pointer-events-auto scroll-mt-[calc(var(--header-height)+min(200px,max(70px,20svh)))]\" dir=\"auto\" tabindex=\"-1\" data-turn-id=\"request-69459bbf-fb74-832e-9c60-dcf51bc7557d-42\" data-testid=\"conversation-turn-749\" data-scroll-anchor=\"true\" data-turn=\"assistant\">\n<div class=\"text-base my-auto mx-auto pb-10 [--thread-content-margin:--spacing(4)] @w-sm\/main:[--thread-content-margin:--spacing(6)] @w-lg\/main:[--thread-content-margin:--spacing(16)] px-(--thread-content-margin)\">\n<div class=\"[--thread-content-max-width:40rem] @w-lg\/main:[--thread-content-max-width:48rem] mx-auto max-w-(--thread-content-max-width) flex-1 group\/turn-messages focus-visible:outline-hidden relative flex w-full min-w-0 flex-col agent-turn\" tabindex=\"-1\">\n<div class=\"flex max-w-full flex-col grow\">\n<div class=\"min-h-8 text-message relative flex w-full flex-col items-end gap-2 text-start break-words whitespace-normal [.text-message+&amp;]:mt-1\" dir=\"auto\" data-message-author-role=\"assistant\" data-message-id=\"f35e0fb6-36d9-4710-aa39-81bb3d78b98d\" data-message-model-slug=\"gpt-5-2\">\n<div class=\"flex w-full flex-col gap-1 empty:hidden first:pt-[1px]\">\n<div class=\"markdown prose dark:prose-invert w-full break-words light markdown-new-styling\">\n<p class=\"p1\"><b>MARIE \u2013 Eau de parfum \u2013 100 ml<\/b><b><\/b><\/p>\n<p class=\"p1\">Ce parfum est une eau de parfum douce et poudr\u00e9e, m\u00ealant notes musqu\u00e9es, bois\u00e9es et accords d\u00e9licats. Une fragrance intime et \u00e9l\u00e9gante, id\u00e9ale pour une utilisation quotidienne.<\/p>\n<p class=\"p1\">MARIE est un parfum intime et d\u00e9licat, construit autour d\u2019un musc blanc poudr\u00e9 et l\u00e9g\u00e8rement bois\u00e9. Une fragrance douce, sensuelle et singuli\u00e8re, comme une confidence sur la peau.<\/p>\n<p class=\"p1\">Premier parfum cr\u00e9\u00e9, MARIE est un hommage d\u2019amour, celui d\u2019une fille \u00e0 sa m\u00e8re.<\/p>\n<p class=\"p1\"><b>Caract\u00e9ristiques :<\/b><b><\/b><\/p>\n<ul class=\"ul1\">\n<li class=\"li2\"><i>Type : Eau de parfum<\/i><\/li>\n<li class=\"li2\"><i>Contenance : 100 ml<\/i><\/li>\n<li class=\"li2\"><i>Genre : F\u00e9minin<\/i><\/li>\n<li class=\"li2\"><i>Fabrication : France<\/i><\/li>\n<li class=\"li2\"><i>Application : Spray<\/i><\/li>\n<\/ul>\n<p class=\"p1\"><b>Notes de t\u00eate :<\/b><br \/>\nNotes vertes<\/p>\n<p class=\"p1\"><b>Notes de c\u0153ur :<\/b><br \/>\nNoix de coco<\/p>\n<p class=\"p1\"><b>Notes de fond :<\/b><br \/>\nMusc, encens<\/p>\n<\/div>\n<\/div>\n<\/div>\n<\/div>\n<\/div>\n<\/div>\n<\/article>\n<\/div>\n","protected":false},"featured_media":4825,"comment_status":"open","ping_status":"closed","template":"","meta":{"_acf_changed":false,"_et_pb_use_builder":"off","_et_pb_old_content":"<p data-start=\"30\" data-end=\"327\">\u00c0 la fois sobre et envo\u00fbtant, MARIE r\u00e9v\u00e8le une f\u00e9minit\u00e9 singuli\u00e8re, faite de retenue, de force tranquille et de tendresse. Premier parfum de la maison, il est n\u00e9 comme un hommage, une trace d\u2019amour d\u00e9pos\u00e9e sur la peau : celui d\u2019une fille \u00e0 sa m\u00e8re.<\/p>\r\n<p data-start=\"30\" data-end=\"327\"><strong>Note de T\u00eate<\/strong> : Notes Vertes.<\/p>\r\n<p data-start=\"30\" data-end=\"327\"><strong>Note de Coeur<\/strong> : Noix de coco.<\/p>\r\n<p data-start=\"30\" data-end=\"327\"><strong>Note de Fond<\/strong> : Musc, Encens.<\/p>","_et_gb_content_width":""},"product_brand":[],"product_cat":[18,58],"product_tag":[],"class_list":{"0":"post-103","1":"product","2":"type-product","3":"status-publish","4":"has-post-thumbnail","6":"product_cat-femme","7":"product_cat-parfums","9":"first","10":"instock","11":"taxable","12":"shipping-taxable","13":"purchasable","14":"product-type-variable","15":"has-default-attributes"},"acf":[],"jetpack_sharing_enabled":true,"_links":{"self":[{"href":"https:\/\/cheyennecarronparfums.com\/de\/wp-json\/wp\/v2\/product\/103","targetHints":{"allow":["GET"]}}],"collection":[{"href":"https:\/\/cheyennecarronparfums.com\/de\/wp-json\/wp\/v2\/product"}],"about":[{"href":"https:\/\/cheyennecarronparfums.com\/de\/wp-json\/wp\/v2\/types\/product"}],"replies":[{"embeddable":true,"href":"https:\/\/cheyennecarronparfums.com\/de\/wp-json\/wp\/v2\/comments?post=103"}],"wp:featuredmedia":[{"embeddable":true,"href":"https:\/\/cheyennecarronparfums.com\/de\/wp-json\/wp\/v2\/media\/4825"}],"wp:attachment":[{"href":"https:\/\/cheyennecarronparfums.com\/de\/wp-json\/wp\/v2\/media?parent=103"}],"wp:term":[{"taxonomy":"product_brand","embeddable":true,"href":"https:\/\/cheyennecarronparfums.com\/de\/wp-json\/wp\/v2\/product_brand?post=103"},{"taxonomy":"product_cat","embeddable":true,"href":"https:\/\/cheyennecarronparfums.com\/de\/wp-json\/wp\/v2\/product_cat?post=103"},{"taxonomy":"product_tag","embeddable":true,"href":"https:\/\/cheyennecarronparfums.com\/de\/wp-json\/wp\/v2\/product_tag?post=103"}],"curies":[{"name":"wp","href":"https:\/\/api.w.org\/{rel}","templated":true}]}}