{"id":110,"date":"2018-01-13T00:53:32","date_gmt":"2018-01-12T23:53:32","guid":{"rendered":"http:\/\/www.cheyennecarronparfums.com\/?post_type=product&#038;p=110"},"modified":"2026-03-24T21:24:56","modified_gmt":"2026-03-24T20:24:56","slug":"mademoiselle-roma","status":"publish","type":"product","link":"https:\/\/cheyennecarronparfums.com\/de\/products\/mademoiselle-roma\/","title":{"rendered":"MADEMOISELLE ROMA"},"content":{"rendered":"<p class=\"p1\"><b>MADEMOISELLE ROMA \u2013 Eau de parfum \u2013 100 ml<\/b><b><\/b><\/p>\n<p class=\"p1\">Une fragrance douce et velout\u00e9e, o\u00f9 les notes fruit\u00e9es rencontrent la chaleur de la myrrhe et la profondeur du bois. Un parfum intime, inspir\u00e9 par la m\u00e9moire, la d\u00e9licatesse et les \u00e9motions personnelles.<\/p>","protected":false},"excerpt":{"rendered":"<div class=\"flex flex-col text-sm pb-25\">\n<article class=\"text-token-text-primary w-full focus:outline-none [--shadow-height:45px] has-data-writing-block:pointer-events-none has-data-writing-block:-mt-(--shadow-height) has-data-writing-block:pt-(--shadow-height) [&amp;:has([data-writing-block])&gt;*]:pointer-events-auto scroll-mt-[calc(var(--header-height)+min(200px,max(70px,20svh)))]\" dir=\"auto\" tabindex=\"-1\" data-turn-id=\"request-WEB:465f5481-4cc0-4037-90e3-2fcc7be9cd53-243\" data-testid=\"conversation-turn-488\" data-scroll-anchor=\"true\" data-turn=\"assistant\">\n<div class=\"text-base my-auto mx-auto pb-10 [--thread-content-margin:--spacing(4)] @w-sm\/main:[--thread-content-margin:--spacing(6)] @w-lg\/main:[--thread-content-margin:--spacing(16)] px-(--thread-content-margin)\">\n<div class=\"[--thread-content-max-width:40rem] @w-lg\/main:[--thread-content-max-width:48rem] mx-auto max-w-(--thread-content-max-width) flex-1 group\/turn-messages focus-visible:outline-hidden relative flex w-full min-w-0 flex-col agent-turn\" tabindex=\"-1\">\n<div class=\"flex max-w-full flex-col grow\">\n<div class=\"min-h-8 text-message relative flex w-full flex-col items-end gap-2 text-start break-words whitespace-normal [.text-message+&amp;]:mt-1\" dir=\"auto\" data-message-author-role=\"assistant\" data-message-id=\"e1570102-1533-4f77-9008-0808d0e09339\" data-message-model-slug=\"gpt-5-2\">\n<div class=\"flex w-full flex-col gap-1 empty:hidden first:pt-[1px]\">\n<div class=\"markdown prose dark:prose-invert w-full break-words light markdown-new-styling\">\n<p class=\"p1\">Ce parfum est une eau de parfum douce et lumineuse, m\u00ealant notes fruit\u00e9es, musqu\u00e9es et fond bois\u00e9. Une fragrance d\u00e9licate et \u00e9l\u00e9gante, id\u00e9ale pour une utilisation quotidienne.<\/p>\n<p class=\"p1\">Mademoiselle Roma est un parfum intime et lumineux, n\u00e9 d\u2019un dialogue silencieux entre force et tendresse. Le musc blanc se d\u00e9ploie avec douceur, poudr\u00e9 et d\u00e9licatement bois\u00e9, comme une confidence d\u00e9pos\u00e9e sur la peau.<\/p>\n<p class=\"p1\">\u00c0 la fois sobre et envo\u00fbtant, il r\u00e9v\u00e8le une f\u00e9minit\u00e9 singuli\u00e8re, faite de gr\u00e2ce, de retenue et de lumi\u00e8re int\u00e9rieure.<\/p>\n<p class=\"p1\">Un parfum de m\u00e9moire et d\u2019\u00e9motion, laissant derri\u00e8re lui un sillage d\u00e9licat et profond\u00e9ment personnel.<\/p>\n<p class=\"p1\"><b>Caract\u00e9ristiques :<\/b><b><\/b><\/p>\n<ul class=\"ul1\">\n<li class=\"li3\"><i>Type : Eau de parfum<\/i><\/li>\n<li class=\"li3\"><i>Contenance : 100 ml<\/i><\/li>\n<li class=\"li3\"><i>Genre : F\u00e9minin<\/i><\/li>\n<li class=\"li3\"><i>Fabrication : France<\/i><\/li>\n<li class=\"li3\"><i>Application : Spray<\/i><\/li>\n<\/ul>\n<p class=\"p1\"><b>Notes de t\u00eate :<\/b><br \/>\nPrune, p\u00eache<\/p>\n<p class=\"p1\"><b>Notes de c\u0153ur :<\/b><br \/>\nCalone, myrrhe<\/p>\n<p class=\"p1\"><b>Notes de fond :<\/b><br \/>\nNotes bois\u00e9es<\/p>\n<\/div>\n<\/div>\n<\/div>\n<\/div>\n<\/div>\n<\/div>\n<\/article>\n<\/div>\n","protected":false},"featured_media":4841,"comment_status":"open","ping_status":"closed","template":"","meta":{"_acf_changed":false,"_et_pb_use_builder":"","_et_pb_old_content":"","_et_gb_content_width":""},"product_brand":[],"product_cat":[18,58],"product_tag":[],"class_list":{"0":"post-110","1":"product","2":"type-product","3":"status-publish","4":"has-post-thumbnail","6":"product_cat-femme","7":"product_cat-parfums","9":"first","10":"instock","11":"taxable","12":"shipping-taxable","13":"purchasable","14":"product-type-variable","15":"has-default-attributes"},"acf":[],"jetpack_sharing_enabled":true,"_links":{"self":[{"href":"https:\/\/cheyennecarronparfums.com\/de\/wp-json\/wp\/v2\/product\/110","targetHints":{"allow":["GET"]}}],"collection":[{"href":"https:\/\/cheyennecarronparfums.com\/de\/wp-json\/wp\/v2\/product"}],"about":[{"href":"https:\/\/cheyennecarronparfums.com\/de\/wp-json\/wp\/v2\/types\/product"}],"replies":[{"embeddable":true,"href":"https:\/\/cheyennecarronparfums.com\/de\/wp-json\/wp\/v2\/comments?post=110"}],"wp:featuredmedia":[{"embeddable":true,"href":"https:\/\/cheyennecarronparfums.com\/de\/wp-json\/wp\/v2\/media\/4841"}],"wp:attachment":[{"href":"https:\/\/cheyennecarronparfums.com\/de\/wp-json\/wp\/v2\/media?parent=110"}],"wp:term":[{"taxonomy":"product_brand","embeddable":true,"href":"https:\/\/cheyennecarronparfums.com\/de\/wp-json\/wp\/v2\/product_brand?post=110"},{"taxonomy":"product_cat","embeddable":true,"href":"https:\/\/cheyennecarronparfums.com\/de\/wp-json\/wp\/v2\/product_cat?post=110"},{"taxonomy":"product_tag","embeddable":true,"href":"https:\/\/cheyennecarronparfums.com\/de\/wp-json\/wp\/v2\/product_tag?post=110"}],"curies":[{"name":"wp","href":"https:\/\/api.w.org\/{rel}","templated":true}]}}