{"id":114,"date":"2018-01-13T00:55:44","date_gmt":"2018-01-12T23:55:44","guid":{"rendered":"http:\/\/www.cheyennecarronparfums.com\/?post_type=product&#038;p=114"},"modified":"2026-01-22T20:39:05","modified_gmt":"2026-01-22T19:39:05","slug":"folk","status":"publish","type":"product","link":"https:\/\/cheyennecarronparfums.com\/de\/products\/folk\/","title":{"rendered":"FOLK"},"content":{"rendered":"<p data-start=\"30\" data-end=\"46\"><strong data-start=\"30\" data-end=\"46\">PARFUM: Folk<\/strong><\/p>\n<p data-start=\"48\" data-end=\"187\">Folk est une balade imaginaire dans l\u2019Europe du Nord ; la Norv\u00e8ge, la Su\u00e8de, l\u2019Islande, la Finlande\u2026 Le Folklore des f\u00eates enracin\u00e9es sont le point de d\u00e9part d\u2019un nouveau voyage olfactif. N\u00e9roli, G\u00e9ranium, Sauge, Musc, Bergamote\u2026 sont au coeur de cette ode rafra\u00eechissante et enracin\u00e9e. Folk rend hommage \u00e0 la nature prodigue.<\/p>\n<p data-start=\"48\" data-end=\"187\"><strong>Note de T\u00eate<\/strong> : N\u00e9roli, G\u00e9ranium.<\/p>\n<p data-start=\"48\" data-end=\"187\"><strong>Note de Coeur<\/strong> : Musc, orange, Bergamote.<\/p>\n<p data-start=\"48\" data-end=\"187\"><strong>Note de Fond<\/strong> : Sauge Sclar\u00e9e, notes bois\u00e9es, notes vertes.<\/p>","protected":false},"excerpt":{"rendered":"<p>Folk est une balade imaginaire dans l\u2019Europe du Nord ; la Norv\u00e8ge, la Su\u00e8de, l\u2019Islande, la Finlande\u2026 Le Folklore des f\u00eates enracin\u00e9es sont le point de d\u00e9part d\u2019un nouveau voyage olfactif. N\u00e9roli, G\u00e9ranium, Sauge, Musc, Bergamote\u2026 sont au coeur de cette ode rafra\u00eechissante et enracin\u00e9e. Folk rend hommage \u00e0 la nature prodigue.<\/p>","protected":false},"featured_media":4845,"comment_status":"open","ping_status":"closed","template":"","meta":{"_acf_changed":false,"_et_pb_use_builder":"","_et_pb_old_content":"","_et_gb_content_width":""},"product_brand":[],"product_cat":[18,19,58],"product_tag":[],"class_list":{"0":"post-114","1":"product","2":"type-product","3":"status-publish","4":"has-post-thumbnail","6":"product_cat-femme","7":"product_cat-homme","8":"product_cat-parfums","10":"first","11":"instock","12":"taxable","13":"shipping-taxable","14":"purchasable","15":"product-type-variable","16":"has-default-attributes"},"acf":[],"jetpack_sharing_enabled":true,"_links":{"self":[{"href":"https:\/\/cheyennecarronparfums.com\/de\/wp-json\/wp\/v2\/product\/114","targetHints":{"allow":["GET"]}}],"collection":[{"href":"https:\/\/cheyennecarronparfums.com\/de\/wp-json\/wp\/v2\/product"}],"about":[{"href":"https:\/\/cheyennecarronparfums.com\/de\/wp-json\/wp\/v2\/types\/product"}],"replies":[{"embeddable":true,"href":"https:\/\/cheyennecarronparfums.com\/de\/wp-json\/wp\/v2\/comments?post=114"}],"wp:featuredmedia":[{"embeddable":true,"href":"https:\/\/cheyennecarronparfums.com\/de\/wp-json\/wp\/v2\/media\/4845"}],"wp:attachment":[{"href":"https:\/\/cheyennecarronparfums.com\/de\/wp-json\/wp\/v2\/media?parent=114"}],"wp:term":[{"taxonomy":"product_brand","embeddable":true,"href":"https:\/\/cheyennecarronparfums.com\/de\/wp-json\/wp\/v2\/product_brand?post=114"},{"taxonomy":"product_cat","embeddable":true,"href":"https:\/\/cheyennecarronparfums.com\/de\/wp-json\/wp\/v2\/product_cat?post=114"},{"taxonomy":"product_tag","embeddable":true,"href":"https:\/\/cheyennecarronparfums.com\/de\/wp-json\/wp\/v2\/product_tag?post=114"}],"curies":[{"name":"wp","href":"https:\/\/api.w.org\/{rel}","templated":true}]}}