{"id":1271,"date":"2018-10-25T23:13:27","date_gmt":"2018-10-25T21:13:27","guid":{"rendered":"http:\/\/www.cheyennecarronparfums.com\/?post_type=product&#038;p=1271"},"modified":"2026-03-24T20:47:42","modified_gmt":"2026-03-24T19:47:42","slug":"furia-francese","status":"publish","type":"product","link":"https:\/\/cheyennecarronparfums.com\/de\/products\/furia-francese\/","title":{"rendered":"FRANZ\u00d6SISCHE FURIE"},"content":{"rendered":"<p class=\"p1\"><b>FURIA FRANCESE \u2013 Eau de parfum \u2013 100 ml<\/b><b><\/b><\/p>\n<p class=\"p1\">Une fragrance chaude et structur\u00e9e, o\u00f9 les notes ambr\u00e9es et bois\u00e9es rencontrent la profondeur du cuir et du patchouli. Un parfum inspir\u00e9 par la ma\u00eetrise, l\u2019intensit\u00e9 et la pr\u00e9sence.<\/p>\n<p class=\"x_MsoNormal\">","protected":false},"excerpt":{"rendered":"<p class=\"p1\"><b>FURIA FRANCESE \u2013 Eau de parfum \u2013 100 ml\u00a0<\/b><b><\/b><\/p>\n<p class=\"p1\">Ce parfum est une eau de parfum chaude et bois\u00e9e, m\u00ealant notes ambr\u00e9es, cuir\u00e9es et accords aromatiques. Une fragrance intense et structur\u00e9e, id\u00e9ale pour une utilisation quotidienne.<\/p>\n<p class=\"p1\">Furia Francese n\u2019est pas un parfum de conqu\u00eate tapageuse, mais celui d\u2019un homme s\u00fbr de sa force, anim\u00e9 par une fougue ma\u00eetris\u00e9e. Une signature olfactive pour ceux qui portent la virilit\u00e9 comme une attitude, jamais comme un masque.<\/p>\n<p class=\"p1\">\u00c0 la fois sensuelle et r\u00e9solument masculine, cette cr\u00e9ation s\u2019ouvre sur des notes ambr\u00e9es, enlac\u00e9es par la vanilline, rapidement structur\u00e9es par la s\u00e9cheresse du c\u00e8dre de Virginie.<\/p>\n<p class=\"p1\">Le c\u0153ur r\u00e9v\u00e8le un contraste subtil : la douceur poudr\u00e9e de la violette rencontre la fra\u00eecheur du th\u00e9, apportant une respiration vive et \u00e9l\u00e9gante.<\/p>\n<p class=\"p1\">En fond, le parfum s\u2019ancre dans une mati\u00e8re profonde, o\u00f9 le cuir, le patchouli et les bois dessinent un sillage puissant, sombre et durable.<\/p>\n<p class=\"p1\"><b>C<\/b><b><i>aract\u00e9ristiques :<\/i><\/b><b><i><\/i><\/b><\/p>\n<ul class=\"ul1\">\n<li class=\"li2\"><i>Type : Eau de parfum<\/i><\/li>\n<li class=\"li2\"><i>Contenance : 100 ml<\/i><\/li>\n<li class=\"li2\"><i>Genre : Masculin<\/i><\/li>\n<li class=\"li2\"><i>Fabrication : France<\/i><\/li>\n<li class=\"li2\"><i>Application : Spray<\/i><\/li>\n<\/ul>\n<p class=\"p1\"><b>Kopfnoten<\/b><br \/>\nC\u00e8dre, vanilline, ambre<\/p>\n<p class=\"p1\"><b>Herznoten<\/b><br \/>\nBoisiris, violette, th\u00e9<\/p>\n<p class=\"p1\"><b>Basisnoten<\/b><br \/>\nPatchouli, tabanon, cuir, notes bois\u00e9es<\/p>","protected":false},"featured_media":4834,"comment_status":"open","ping_status":"closed","template":"","meta":{"_acf_changed":false,"_et_pb_use_builder":"","_et_pb_old_content":"","_et_gb_content_width":""},"product_brand":[],"product_cat":[19,58],"product_tag":[],"class_list":{"0":"post-1271","1":"product","2":"type-product","3":"status-publish","4":"has-post-thumbnail","6":"product_cat-homme","7":"product_cat-parfums","9":"first","10":"instock","11":"taxable","12":"shipping-taxable","13":"purchasable","14":"product-type-variable","15":"has-default-attributes"},"acf":[],"jetpack_sharing_enabled":true,"_links":{"self":[{"href":"https:\/\/cheyennecarronparfums.com\/de\/wp-json\/wp\/v2\/product\/1271","targetHints":{"allow":["GET"]}}],"collection":[{"href":"https:\/\/cheyennecarronparfums.com\/de\/wp-json\/wp\/v2\/product"}],"about":[{"href":"https:\/\/cheyennecarronparfums.com\/de\/wp-json\/wp\/v2\/types\/product"}],"replies":[{"embeddable":true,"href":"https:\/\/cheyennecarronparfums.com\/de\/wp-json\/wp\/v2\/comments?post=1271"}],"wp:featuredmedia":[{"embeddable":true,"href":"https:\/\/cheyennecarronparfums.com\/de\/wp-json\/wp\/v2\/media\/4834"}],"wp:attachment":[{"href":"https:\/\/cheyennecarronparfums.com\/de\/wp-json\/wp\/v2\/media?parent=1271"}],"wp:term":[{"taxonomy":"product_brand","embeddable":true,"href":"https:\/\/cheyennecarronparfums.com\/de\/wp-json\/wp\/v2\/product_brand?post=1271"},{"taxonomy":"product_cat","embeddable":true,"href":"https:\/\/cheyennecarronparfums.com\/de\/wp-json\/wp\/v2\/product_cat?post=1271"},{"taxonomy":"product_tag","embeddable":true,"href":"https:\/\/cheyennecarronparfums.com\/de\/wp-json\/wp\/v2\/product_tag?post=1271"}],"curies":[{"name":"wp","href":"https:\/\/api.w.org\/{rel}","templated":true}]}}