{"id":1334,"date":"2018-10-26T00:22:17","date_gmt":"2018-10-25T22:22:17","guid":{"rendered":"http:\/\/www.cheyennecarronparfums.com\/?post_type=product&#038;p=1334"},"modified":"2026-03-24T21:25:31","modified_gmt":"2026-03-24T20:25:31","slug":"leau-delsa","status":"publish","type":"product","link":"https:\/\/cheyennecarronparfums.com\/de\/products\/leau-delsa\/","title":{"rendered":"ELSAS DUFT"},"content":{"rendered":"<p class=\"p1\"><b>L\u2019EAU D\u2019ELSA \u2013 Eau de parfum \u2013 100 ml<\/b><b><\/b><\/p>\n<p class=\"p1\">Une fragrance fra\u00eeche et d\u00e9licate, o\u00f9 les notes fruit\u00e9es rencontrent une douceur florale et un fond bois\u00e9 l\u00e9ger. Un parfum inspir\u00e9 par la tendresse, la joie et les souvenirs pr\u00e9cieux.<\/p>","protected":false},"excerpt":{"rendered":"<p class=\"p1\"><b>L\u2019EAU D\u2019ELSA \u2013 Eau de parfum \u2013 100 ml<\/b><b><\/b><\/p>\n<p class=\"p1\">Ce parfum est une eau de parfum fra\u00eeche et lumineuse, m\u00ealant notes fruit\u00e9es, florales et fond d\u00e9licatement bois\u00e9. Une fragrance joyeuse et tendre, id\u00e9ale pour une utilisation quotidienne.<\/p>\n<p class=\"p1\">L\u2019Eau d\u2019Elsa est une fragrance lumineuse et p\u00e9tillante, n\u00e9e d\u2019un \u00e9lan de tendresse. Un parfum frais et d\u00e9licat, imagin\u00e9 comme un hommage \u00e0 l\u2019enfance, \u00e0 la joie et \u00e0 l\u2019amour.<\/p>\n<p class=\"p1\">Pens\u00e9 comme une d\u00e9claration intime, ce parfum d\u00e9ploie une douceur sinc\u00e8re, \u00e0 la fois l\u00e9g\u00e8re et enveloppante. Une composition joyeuse, empreinte de simplicit\u00e9 et de chaleur.<\/p>\n<p class=\"p1\">Une fragrance qui \u00e9voque les souvenirs heureux, les instants partag\u00e9s et la beaut\u00e9 des liens qui nous construisent.<\/p>\n<p class=\"p1\"><b>Caract\u00e9ristiques :<\/b><b><\/b><\/p>\n<ul class=\"ul1\">\n<li class=\"li2\"><i>Type : Eau de parfum<\/i><\/li>\n<li class=\"li2\"><i>Contenance : 100 ml<\/i><\/li>\n<li class=\"li2\"><i>Genre : F\u00e9minin<\/i><\/li>\n<li class=\"li2\"><i>Fabrication : France<\/i><\/li>\n<li class=\"li2\"><i>Application : Spray<\/i><\/li>\n<\/ul>\n<p class=\"p1\"><b>Kopfnoten<\/b><br \/>\nP\u00eache, musc, h\u00e9dione<\/p>\n<p class=\"p1\"><b>Herznoten<\/b><br \/>\nViolette, santal, goyave<\/p>\n<p class=\"p1\"><b>Basisnoten<\/b><br \/>\nNotes bois\u00e9es, notes vertes<\/p>\n<p data-start=\"30\" data-end=\"567\">Notes de t\u00eate : P\u00eache, Musc, Hedione.<\/p>\n<p data-start=\"30\" data-end=\"567\">Notes de c\u0153ur : Violette, Santal, Goyave.<\/p>\n<p data-start=\"30\" data-end=\"567\">Notes de fond : Notes bois\u00e9es, Notes Vertes.<\/p>","protected":false},"featured_media":4848,"comment_status":"open","ping_status":"closed","template":"","meta":{"_acf_changed":false,"_et_pb_use_builder":"","_et_pb_old_content":"","_et_gb_content_width":""},"product_brand":[],"product_cat":[18,58],"product_tag":[],"class_list":{"0":"post-1334","1":"product","2":"type-product","3":"status-publish","4":"has-post-thumbnail","6":"product_cat-femme","7":"product_cat-parfums","9":"first","10":"instock","11":"taxable","12":"shipping-taxable","13":"purchasable","14":"product-type-variable","15":"has-default-attributes"},"acf":[],"jetpack_sharing_enabled":true,"_links":{"self":[{"href":"https:\/\/cheyennecarronparfums.com\/de\/wp-json\/wp\/v2\/product\/1334","targetHints":{"allow":["GET"]}}],"collection":[{"href":"https:\/\/cheyennecarronparfums.com\/de\/wp-json\/wp\/v2\/product"}],"about":[{"href":"https:\/\/cheyennecarronparfums.com\/de\/wp-json\/wp\/v2\/types\/product"}],"replies":[{"embeddable":true,"href":"https:\/\/cheyennecarronparfums.com\/de\/wp-json\/wp\/v2\/comments?post=1334"}],"wp:featuredmedia":[{"embeddable":true,"href":"https:\/\/cheyennecarronparfums.com\/de\/wp-json\/wp\/v2\/media\/4848"}],"wp:attachment":[{"href":"https:\/\/cheyennecarronparfums.com\/de\/wp-json\/wp\/v2\/media?parent=1334"}],"wp:term":[{"taxonomy":"product_brand","embeddable":true,"href":"https:\/\/cheyennecarronparfums.com\/de\/wp-json\/wp\/v2\/product_brand?post=1334"},{"taxonomy":"product_cat","embeddable":true,"href":"https:\/\/cheyennecarronparfums.com\/de\/wp-json\/wp\/v2\/product_cat?post=1334"},{"taxonomy":"product_tag","embeddable":true,"href":"https:\/\/cheyennecarronparfums.com\/de\/wp-json\/wp\/v2\/product_tag?post=1334"}],"curies":[{"name":"wp","href":"https:\/\/api.w.org\/{rel}","templated":true}]}}