{"id":1553,"date":"2019-02-07T11:53:18","date_gmt":"2019-02-07T10:53:18","guid":{"rendered":"http:\/\/www.cheyennecarronparfums.com\/?post_type=product&#038;p=1553"},"modified":"2026-03-24T21:25:32","modified_gmt":"2026-03-24T20:25:32","slug":"le-jardin-des-visconti","status":"publish","type":"product","link":"https:\/\/cheyennecarronparfums.com\/de\/products\/le-jardin-des-visconti\/","title":{"rendered":"DER GARTEN DER VISCONTI"},"content":{"rendered":"<p class=\"p1\"><b>LE JARDIN DES VISCONTI \u2013 Eau de parfum \u2013 100 ml<\/b><b><\/b><\/p>\n<p class=\"p1\">Une fragrance solaire et \u00e9l\u00e9gante, o\u00f9 les fleurs et les muscs rencontrent des accords bois\u00e9s et marins. Un parfum inspir\u00e9 par la lumi\u00e8re, les jardins et les paysages m\u00e9diterran\u00e9ens.<\/p>","protected":false},"excerpt":{"rendered":"<p class=\"p1\"><b>LE JARDIN DES VISCONTI \u2013 Eau de parfum \u2013 100 ml<\/b><b><\/b><\/p>\n<p class=\"p1\">Ce parfum est une eau de parfum florale et musqu\u00e9e, m\u00ealant notes solaires, accords marins et fond bois\u00e9. Une fragrance lumineuse et enveloppante, id\u00e9ale pour une utilisation quotidienne.<\/p>\n<p class=\"p1\">Le Jardin des Visconti est une r\u00eaverie m\u00e9diterran\u00e9enne inspir\u00e9e des jardins baign\u00e9s de lumi\u00e8re. Un parfum de fleurs solaires, de notes marines et de muscs doux, o\u00f9 la terre et la mer se rencontrent dans une harmonie sensuelle.<\/p>\n<p class=\"p1\">La fragrance \u00e9voque une atmosph\u00e8re du Sud, entre chaleur, silence et \u00e9l\u00e9gance. Les mati\u00e8res s\u2019entrelacent dans une composition lumineuse, \u00e0 la fois douce et vibrante.<\/p>\n<p class=\"p1\">Un parfum contemplatif, comme une sc\u00e8ne suspendue dans le temps.<\/p>\n<p class=\"p1\"><b>Caract\u00e9ristiques :<\/b><b><\/b><\/p>\n<ul class=\"ul1\">\n<li class=\"li3\"><i>Type : Eau de parfum<\/i><\/li>\n<li class=\"li3\"><i>Contenance : 100 ml<\/i><\/li>\n<li class=\"li3\"><i>Genre : Mixte<\/i><\/li>\n<li class=\"li3\"><i>Fabrication : France<\/i><\/li>\n<li class=\"li3\"><i>Application : Spray<\/i><\/li>\n<\/ul>\n<p class=\"p1\"><b>Kopfnoten<\/b><br \/>\nOpoponax, vanilline, jasmin<\/p>\n<p class=\"p1\"><b>Herznoten<\/b><br \/>\nBoisiris, musc<\/p>\n<p class=\"p1\"><b>Basisnoten<\/b><br \/>\nNotes bois\u00e9es, notes vertes<\/p>","protected":false},"featured_media":4837,"comment_status":"open","ping_status":"closed","template":"","meta":{"_acf_changed":false,"_et_pb_use_builder":"","_et_pb_old_content":"","_et_gb_content_width":""},"product_brand":[],"product_cat":[18,19,58],"product_tag":[],"class_list":{"0":"post-1553","1":"product","2":"type-product","3":"status-publish","4":"has-post-thumbnail","6":"product_cat-femme","7":"product_cat-homme","8":"product_cat-parfums","10":"first","11":"instock","12":"taxable","13":"shipping-taxable","14":"purchasable","15":"product-type-simple"},"acf":[],"jetpack_sharing_enabled":true,"_links":{"self":[{"href":"https:\/\/cheyennecarronparfums.com\/de\/wp-json\/wp\/v2\/product\/1553","targetHints":{"allow":["GET"]}}],"collection":[{"href":"https:\/\/cheyennecarronparfums.com\/de\/wp-json\/wp\/v2\/product"}],"about":[{"href":"https:\/\/cheyennecarronparfums.com\/de\/wp-json\/wp\/v2\/types\/product"}],"replies":[{"embeddable":true,"href":"https:\/\/cheyennecarronparfums.com\/de\/wp-json\/wp\/v2\/comments?post=1553"}],"wp:featuredmedia":[{"embeddable":true,"href":"https:\/\/cheyennecarronparfums.com\/de\/wp-json\/wp\/v2\/media\/4837"}],"wp:attachment":[{"href":"https:\/\/cheyennecarronparfums.com\/de\/wp-json\/wp\/v2\/media?parent=1553"}],"wp:term":[{"taxonomy":"product_brand","embeddable":true,"href":"https:\/\/cheyennecarronparfums.com\/de\/wp-json\/wp\/v2\/product_brand?post=1553"},{"taxonomy":"product_cat","embeddable":true,"href":"https:\/\/cheyennecarronparfums.com\/de\/wp-json\/wp\/v2\/product_cat?post=1553"},{"taxonomy":"product_tag","embeddable":true,"href":"https:\/\/cheyennecarronparfums.com\/de\/wp-json\/wp\/v2\/product_tag?post=1553"}],"curies":[{"name":"wp","href":"https:\/\/api.w.org\/{rel}","templated":true}]}}