{"id":1593,"date":"2019-02-07T13:34:14","date_gmt":"2019-02-07T12:34:14","guid":{"rendered":"http:\/\/www.cheyennecarronparfums.com\/?post_type=product&#038;p=1593"},"modified":"2025-10-15T13:55:06","modified_gmt":"2025-10-15T11:55:06","slug":"quatre-vertus","status":"publish","type":"product","link":"https:\/\/cheyennecarronparfums.com\/de\/products\/quatre-vertus\/","title":{"rendered":"QUATRE VERTUS"},"content":{"rendered":"<p>Kopfnoten <strong>Gingembre, Menthe, C\u00e8dre Virginie.<\/strong><br \/>\nHerznoten <strong>Mate, Vanilline, Pivoine, N\u00e9roli.<\/strong><br \/>\nBasisnoten <strong>Patchouli, Carottes graines, V\u00e9tiver.<\/strong><\/p>\n<p>Harmonie, respect, puret\u00e9 et s\u00e9r\u00e9nit\u00e9 sont pr\u00e9sentes dans toutes les op\u00e9rations d\u2019une c\u00e9r\u00e9monie du th\u00e9. C\u2019est cela que j\u2019ai tent\u00e9 d\u2019\u00e9voquer dans ce parfum. Le parfum Quatre vertus, poss\u00e8de le sillage puissant et rac\u00e9.<\/p>\n<p>\u00ab Ces quatre vertus : L\u2019harmonie \u548c, Respect \u656c , Puret\u00e9 \u6e05 , S\u00e9r\u00e9nit\u00e9 \u5bc2, sont pr\u00e9sentes dans toutes les op\u00e9rations d\u2019une c\u00e9r\u00e9monie du th\u00e9. \u00bb<\/p>\n<p>(La Voie des quatre Vertus \u2013 S.J. SOUTEL)<\/p>","protected":false},"excerpt":{"rendered":"<p>Notes de t\u00eate : Gingembre, Menthe, C\u00e8dre Virginie. Notes de c\u0153ur : Mate, Vanilline, Pivoine, N\u00e9roli. Notes de fond : Patchouli, Carottes graines, V\u00e9tiver. Harmonie, respect, puret\u00e9 et s\u00e9r\u00e9nit\u00e9 sont pr\u00e9sentes dans toutes les op\u00e9rations d\u2019une c\u00e9r\u00e9monie du th\u00e9. C\u2019est cela que j\u2019ai tent\u00e9 d\u2019\u00e9voquer dans ce parfum. Le parfum Quatre vertus, poss\u00e8de le sillage [&hellip;]<\/p>\n","protected":false},"featured_media":1595,"comment_status":"open","ping_status":"closed","template":"","meta":{"_acf_changed":false,"_et_pb_use_builder":"","_et_pb_old_content":"","_et_gb_content_width":""},"product_brand":[],"product_cat":[18,19,58],"product_tag":[],"class_list":{"0":"post-1593","1":"product","2":"type-product","3":"status-publish","4":"has-post-thumbnail","6":"product_cat-femme","7":"product_cat-homme","8":"product_cat-parfums","10":"first","11":"outofstock","12":"taxable","13":"shipping-taxable","14":"purchasable","15":"product-type-variable","16":"has-default-attributes"},"acf":[],"jetpack_sharing_enabled":true,"_links":{"self":[{"href":"https:\/\/cheyennecarronparfums.com\/de\/wp-json\/wp\/v2\/product\/1593","targetHints":{"allow":["GET"]}}],"collection":[{"href":"https:\/\/cheyennecarronparfums.com\/de\/wp-json\/wp\/v2\/product"}],"about":[{"href":"https:\/\/cheyennecarronparfums.com\/de\/wp-json\/wp\/v2\/types\/product"}],"replies":[{"embeddable":true,"href":"https:\/\/cheyennecarronparfums.com\/de\/wp-json\/wp\/v2\/comments?post=1593"}],"wp:featuredmedia":[{"embeddable":true,"href":"https:\/\/cheyennecarronparfums.com\/de\/wp-json\/wp\/v2\/media\/1595"}],"wp:attachment":[{"href":"https:\/\/cheyennecarronparfums.com\/de\/wp-json\/wp\/v2\/media?parent=1593"}],"wp:term":[{"taxonomy":"product_brand","embeddable":true,"href":"https:\/\/cheyennecarronparfums.com\/de\/wp-json\/wp\/v2\/product_brand?post=1593"},{"taxonomy":"product_cat","embeddable":true,"href":"https:\/\/cheyennecarronparfums.com\/de\/wp-json\/wp\/v2\/product_cat?post=1593"},{"taxonomy":"product_tag","embeddable":true,"href":"https:\/\/cheyennecarronparfums.com\/de\/wp-json\/wp\/v2\/product_tag?post=1593"}],"curies":[{"name":"wp","href":"https:\/\/api.w.org\/{rel}","templated":true}]}}