{"id":1875,"date":"2019-07-08T12:05:09","date_gmt":"2019-07-08T10:05:09","guid":{"rendered":"http:\/\/www.cheyennecarronparfums.com\/?post_type=product&#038;p=1875"},"modified":"2026-03-24T18:02:09","modified_gmt":"2026-03-24T17:02:09","slug":"chevauchee-heroique","status":"publish","type":"product","link":"https:\/\/cheyennecarronparfums.com\/de\/products\/chevauchee-heroique\/","title":{"rendered":"HELDENHAFTE REITEREI"},"content":{"rendered":"<p class=\"p1\"><b>Produktdetails<\/b><\/p>\n<p class=\"p2\"><b>CHEVAUCH\u00c9E H\u00c9RO\u00cfQUE \u2013 Eau de parfum \u2013 100 ml<\/b><b><\/b><\/p>\n<p class=\"p2\">Une fragrance dynamique et ancr\u00e9e, o\u00f9 la fra\u00eecheur des agrumes rencontre la profondeur du cuir et des bois. Un parfum inspir\u00e9 par le mouvement, l\u2019endurance et la fid\u00e9lit\u00e9 \u00e0 soi.<\/p>\n<p>&nbsp;<\/p>","protected":false},"excerpt":{"rendered":"<p class=\"p1\"><b>CHEVAUCH\u00c9E H\u00c9RO\u00cfQUE \u2013 Eau de parfum \u2013 100 ml<\/b><b><\/b><\/p>\n<p class=\"p1\">Ce parfum est une eau de parfum fra\u00eeche et bois\u00e9e, m\u00ealant agrumes, notes aromatiques et fond cuir\u00e9. Une fragrance dynamique et profonde, id\u00e9ale pour une utilisation quotidienne.<\/p>\n<p class=\"p1\">Les h\u00e9ros ne sont pas des statues. Ils doutent, tr\u00e9buchent, se rel\u00e8vent. Ils avancent malgr\u00e9 la peur, malgr\u00e9 la fatigue, malgr\u00e9 le monde.<\/p>\n<p class=\"p1\">Chevauch\u00e9e H\u00e9ro\u00efque est un parfum pour les hommes en mouvement. Une fragrance qui \u00e9voque l\u2019\u00e9lan, le souffle, la route qui s\u2019ouvre \u00e0 l\u2019aube.<\/p>\n<p class=\"p1\">Les premi\u00e8res notes jaillissent comme un d\u00e9part \u2014 franches, vibrantes \u2014 puis laissent place \u00e0 une mati\u00e8re plus profonde, bois\u00e9e et charnelle, o\u00f9 se m\u00ealent endurance, courage et silence int\u00e9rieur.<\/p>\n<p class=\"p1\">Ce parfum n\u2019id\u00e9alise pas l\u2019h\u00e9ro\u00efsme : il le rend humain. Il c\u00e9l\u00e8bre ceux qui vont jusqu\u2019au bout de leur trajectoire, non par gloire, mais par fid\u00e9lit\u00e9 \u00e0 eux-m\u00eames.<\/p>\n<p class=\"p1\">Un parfum comme une travers\u00e9e, une tension, une libert\u00e9 conquise pas \u00e0 pas.<\/p>\n<p class=\"p1\"><b>Caract\u00e9ristiques :<\/b><b><\/b><\/p>\n<ul class=\"ul1\">\n<li class=\"li2\"><i>Type : Eau de parfum<\/i><\/li>\n<li class=\"li2\"><i>Contenance : 100 ml<\/i><\/li>\n<li class=\"li2\"><i>Genre : Masculin<\/i><\/li>\n<li class=\"li2\"><i>Fabrication : France<\/i><\/li>\n<li class=\"li2\"><i>Application : Spray<\/i><\/li>\n<\/ul>\n<p class=\"p1\"><b>Kopfnoten<\/b><br \/>\nVerdox, bigarade, h\u00e9dione<\/p>\n<p class=\"p1\"><b>Herznoten<\/b><br \/>\nMenthe poivr\u00e9e, jasmonal H<\/p>\n<p class=\"p1\"><b>Basisnoten<\/b><br \/>\nCuir, Karmawood<\/p>","protected":false},"featured_media":4827,"comment_status":"open","ping_status":"closed","template":"","meta":{"_acf_changed":false,"_et_pb_use_builder":"","_et_pb_old_content":"","_et_gb_content_width":""},"product_brand":[],"product_cat":[19,58],"product_tag":[],"class_list":{"0":"post-1875","1":"product","2":"type-product","3":"status-publish","4":"has-post-thumbnail","6":"product_cat-homme","7":"product_cat-parfums","9":"first","10":"instock","11":"taxable","12":"shipping-taxable","13":"purchasable","14":"product-type-variable","15":"has-default-attributes"},"acf":[],"jetpack_sharing_enabled":true,"_links":{"self":[{"href":"https:\/\/cheyennecarronparfums.com\/de\/wp-json\/wp\/v2\/product\/1875","targetHints":{"allow":["GET"]}}],"collection":[{"href":"https:\/\/cheyennecarronparfums.com\/de\/wp-json\/wp\/v2\/product"}],"about":[{"href":"https:\/\/cheyennecarronparfums.com\/de\/wp-json\/wp\/v2\/types\/product"}],"replies":[{"embeddable":true,"href":"https:\/\/cheyennecarronparfums.com\/de\/wp-json\/wp\/v2\/comments?post=1875"}],"wp:featuredmedia":[{"embeddable":true,"href":"https:\/\/cheyennecarronparfums.com\/de\/wp-json\/wp\/v2\/media\/4827"}],"wp:attachment":[{"href":"https:\/\/cheyennecarronparfums.com\/de\/wp-json\/wp\/v2\/media?parent=1875"}],"wp:term":[{"taxonomy":"product_brand","embeddable":true,"href":"https:\/\/cheyennecarronparfums.com\/de\/wp-json\/wp\/v2\/product_brand?post=1875"},{"taxonomy":"product_cat","embeddable":true,"href":"https:\/\/cheyennecarronparfums.com\/de\/wp-json\/wp\/v2\/product_cat?post=1875"},{"taxonomy":"product_tag","embeddable":true,"href":"https:\/\/cheyennecarronparfums.com\/de\/wp-json\/wp\/v2\/product_tag?post=1875"}],"curies":[{"name":"wp","href":"https:\/\/api.w.org\/{rel}","templated":true}]}}