{"id":2126,"date":"2020-05-28T02:07:50","date_gmt":"2020-05-28T00:07:50","guid":{"rendered":"http:\/\/www.cheyennecarronparfums.com\/?post_type=product&#038;p=2126"},"modified":"2026-01-11T22:28:22","modified_gmt":"2026-01-11T21:28:22","slug":"huile-a-barbe-corps-sauvage","status":"publish","type":"product","link":"https:\/\/cheyennecarronparfums.com\/de\/products\/huile-a-barbe-corps-sauvage\/","title":{"rendered":"Huile \u00e0 barbe Corps Sauvage"},"content":{"rendered":"<p data-start=\"30\" data-end=\"281\">Le s\u00e9rum \u00e0 barbe Le Corps sauvage est sp\u00e9cialement con\u00e7u pour toutes les barbes. Un condens\u00e9 du meilleur de la nature dans un flacon format poche de 30ml : Huile de ricin, huile de jojoba, huile d\u2019amande douce, de baobab et de tournesol le tout issus de l\u2019agriculture biologique.<\/p>\n<p data-start=\"30\" data-end=\"281\">L\u2019huile \u00e0 barbe Le Corps Sauvage est sp\u00e9cialement con\u00e7ue pour assouplir et nourrir les barbes longues et \u00e9paisses. Vous modelez et prot\u00e9gez votre barbe, laquelle conserve ainsi tout son lustre et sa \u00ab contr\u00f4labilit\u00e9 \u00bb.<\/p>\n<p data-start=\"30\" data-end=\"281\">L\u2019huile \u00e0 barbe pr\u00e9sente un parfum sensuel et viril unique. Mode d\u2019emploi : Versez 4 \u00e0 6 gouttes d\u2019huile \u00e0 barbe dans votre paume et frottez-la entre vos mains.\u00a0 Appliquez-la ensuite dans votre barbe mouill\u00e9e, des racines jusqu\u2019aux pointes.<\/p>\n<p data-start=\"30\" data-end=\"281\">INGREDIENTS HUILE A BARBE : Huile de p\u00e9pin de raisin, huile d\u2019amande douce, huile de ricin, huile d\u2019avocat, huile d\u2019argan, huile de tournesol. Parfum Le Corps Sauvage.<\/p>\n<p data-start=\"30\" data-end=\"281\">INCI : Aqua, ricinus communis oil, vitis vinifera seed oil, argania spinosa oil, persea gratissima oil, prunus amygdalus dulcis oil, sodium hydroxide, helianthus annuus oil. Fragrance<\/p>","protected":false},"excerpt":{"rendered":"<p>Le s\u00e9rum \u00e0 barbe Le Corps sauvage est sp\u00e9cialement con\u00e7u pour toutes les barbes. Un condens\u00e9 du meilleur de la nature dans un flacon format poche de 30ml : Huile de ricin, huile de jojoba, huile d\u2019amande douce, de baobab et de tournesol le tout issus de l\u2019agriculture biologique.<\/p>","protected":false},"featured_media":2127,"comment_status":"open","ping_status":"closed","template":"","meta":{"_acf_changed":false,"_et_pb_use_builder":"","_et_pb_old_content":"","_et_gb_content_width":""},"product_brand":[],"product_cat":[52],"product_tag":[],"class_list":{"0":"post-2126","1":"product","2":"type-product","3":"status-publish","4":"has-post-thumbnail","6":"product_cat-huiles","8":"first","9":"instock","10":"taxable","11":"shipping-taxable","12":"purchasable","13":"product-type-simple"},"acf":[],"jetpack_sharing_enabled":true,"_links":{"self":[{"href":"https:\/\/cheyennecarronparfums.com\/de\/wp-json\/wp\/v2\/product\/2126","targetHints":{"allow":["GET"]}}],"collection":[{"href":"https:\/\/cheyennecarronparfums.com\/de\/wp-json\/wp\/v2\/product"}],"about":[{"href":"https:\/\/cheyennecarronparfums.com\/de\/wp-json\/wp\/v2\/types\/product"}],"replies":[{"embeddable":true,"href":"https:\/\/cheyennecarronparfums.com\/de\/wp-json\/wp\/v2\/comments?post=2126"}],"wp:featuredmedia":[{"embeddable":true,"href":"https:\/\/cheyennecarronparfums.com\/de\/wp-json\/wp\/v2\/media\/2127"}],"wp:attachment":[{"href":"https:\/\/cheyennecarronparfums.com\/de\/wp-json\/wp\/v2\/media?parent=2126"}],"wp:term":[{"taxonomy":"product_brand","embeddable":true,"href":"https:\/\/cheyennecarronparfums.com\/de\/wp-json\/wp\/v2\/product_brand?post=2126"},{"taxonomy":"product_cat","embeddable":true,"href":"https:\/\/cheyennecarronparfums.com\/de\/wp-json\/wp\/v2\/product_cat?post=2126"},{"taxonomy":"product_tag","embeddable":true,"href":"https:\/\/cheyennecarronparfums.com\/de\/wp-json\/wp\/v2\/product_tag?post=2126"}],"curies":[{"name":"wp","href":"https:\/\/api.w.org\/{rel}","templated":true}]}}