{"id":2174,"date":"2020-06-01T01:04:16","date_gmt":"2020-05-31T23:04:16","guid":{"rendered":"http:\/\/www.cheyennecarronparfums.com\/?post_type=product&#038;p=2174"},"modified":"2026-01-11T22:33:59","modified_gmt":"2026-01-11T21:33:59","slug":"huile-a-barbe-mythique-legionnaire","status":"publish","type":"product","link":"https:\/\/cheyennecarronparfums.com\/de\/products\/huile-a-barbe-mythique-legionnaire\/","title":{"rendered":"Huile \u00e0 barbe Mythique L\u00e9gionnaire"},"content":{"rendered":"<p data-start=\"30\" data-end=\"284\">Le s\u00e9rum \u00e0 barbe Mythique L\u00e9gionnaire est sp\u00e9cialement con\u00e7u pour toutes les barbes. Un condens\u00e9 du meilleur de la nature dans un flacon format poche de 30ml : Huile de ricin, huile de jojoba, huile d\u2019amande douce, de baobab et de tournesol le tout issus de l\u2019agriculture biologique.<\/p>\n<p data-start=\"30\" data-end=\"284\">L\u2019huile \u00e0 barbe Mythique L\u00e9gionnaire est sp\u00e9cialement con\u00e7ue pour assouplir et nourrir les barbes longues et \u00e9paisses. Vous modelez et prot\u00e9gez votre barbe, laquelle conserve ainsi tout son lustre et sa \u00ab contr\u00f4labilit\u00e9 \u00bb. L\u2019huile \u00e0 barbe pr\u00e9sente un parfum sensuel et viril unique. Mode d\u2019emploi : Versez 4 \u00e0 6 gouttes d\u2019huile \u00e0 barbe dans votre paume et frottez-la entre vos mains. Appliquez-la ensuite dans votre barbe mouill\u00e9e, des racines jusqu\u2019aux pointes.<\/p>\n<p data-start=\"30\" data-end=\"284\"><strong>INGREDIENTS HUILE A BARBE<\/strong> : Huile de p\u00e9pin de raisin, huile d\u2019amande douce, huile de ricin, huile d\u2019avocat, huile d\u2019argan, huile de tournesol. Parfum Mythique L\u00e9gionnaire.<\/p>\n<p data-start=\"165\" data-end=\"354\" data-is-last-node=\"\" data-is-only-node=\"\"><strong data-start=\"165\" data-end=\"174\">INCI:<\/strong><br data-start=\"174\" data-end=\"177\" \/>Aqua, Ricinus Communis Oil, Vitis Vinifera Seed Oil, Argania Spinosa Oil, Persea Gratissima Oil, Prunus Amygdalus Dulcis Oil, Sodium Hydroxide, Helianthus Annuus Oil, Fragrance.<\/p>","protected":false},"excerpt":{"rendered":"<p>Le s\u00e9rum \u00e0 barbe Mythique L\u00e9gionnaire est sp\u00e9cialement con\u00e7u pour toutes les barbes. Un condens\u00e9 du meilleur de la nature dans un flacon format poche de 30ml : Huile de ricin, huile de jojoba, huile d\u2019amande douce, de baobab et de tournesol le tout issus de l\u2019agriculture biologique.<\/p>","protected":false},"featured_media":2175,"comment_status":"open","ping_status":"closed","template":"","meta":{"_acf_changed":false,"_et_pb_use_builder":"","_et_pb_old_content":"","_et_gb_content_width":""},"product_brand":[],"product_cat":[52,69],"product_tag":[],"class_list":{"0":"post-2174","1":"product","2":"type-product","3":"status-publish","4":"has-post-thumbnail","6":"product_cat-huiles","7":"product_cat-legion","9":"first","10":"instock","11":"taxable","12":"shipping-taxable","13":"purchasable","14":"product-type-simple"},"acf":[],"jetpack_sharing_enabled":true,"_links":{"self":[{"href":"https:\/\/cheyennecarronparfums.com\/de\/wp-json\/wp\/v2\/product\/2174","targetHints":{"allow":["GET"]}}],"collection":[{"href":"https:\/\/cheyennecarronparfums.com\/de\/wp-json\/wp\/v2\/product"}],"about":[{"href":"https:\/\/cheyennecarronparfums.com\/de\/wp-json\/wp\/v2\/types\/product"}],"replies":[{"embeddable":true,"href":"https:\/\/cheyennecarronparfums.com\/de\/wp-json\/wp\/v2\/comments?post=2174"}],"wp:featuredmedia":[{"embeddable":true,"href":"https:\/\/cheyennecarronparfums.com\/de\/wp-json\/wp\/v2\/media\/2175"}],"wp:attachment":[{"href":"https:\/\/cheyennecarronparfums.com\/de\/wp-json\/wp\/v2\/media?parent=2174"}],"wp:term":[{"taxonomy":"product_brand","embeddable":true,"href":"https:\/\/cheyennecarronparfums.com\/de\/wp-json\/wp\/v2\/product_brand?post=2174"},{"taxonomy":"product_cat","embeddable":true,"href":"https:\/\/cheyennecarronparfums.com\/de\/wp-json\/wp\/v2\/product_cat?post=2174"},{"taxonomy":"product_tag","embeddable":true,"href":"https:\/\/cheyennecarronparfums.com\/de\/wp-json\/wp\/v2\/product_tag?post=2174"}],"curies":[{"name":"wp","href":"https:\/\/api.w.org\/{rel}","templated":true}]}}