{"id":2289,"date":"2020-08-19T19:47:44","date_gmt":"2020-08-19T17:47:44","guid":{"rendered":"https:\/\/www.cheyennecarronparfums.com\/?post_type=product&#038;p=2289"},"modified":"2025-10-15T13:55:06","modified_gmt":"2025-10-15T11:55:06","slug":"chateau-de-france","status":"publish","type":"product","link":"https:\/\/cheyennecarronparfums.com\/de\/products\/chateau-de-france\/","title":{"rendered":"Ch\u00e2teau de France"},"content":{"rendered":"<p>La bougie Ch\u00e2teau de France est une invitation au voyage dans une histoire inalt\u00e9rable.<\/p>\n<p>Cette bougie compos\u00e9e de notes bois\u00e9es et musqu\u00e9es, \u00e9voque un art de vivre des si\u00e8cles pass\u00e9s.<\/p>\n<p>Parfum : Balsamique, cire, bergamote, notes bois\u00e9es, musc, vanille.<\/p>\n<p>Ingr\u00e9dients : Cire de soja, cire d\u2019abeilles blanche, beurre de coco, parfums.<\/p>\n<p>Sans CMR, sans phtalate<\/p>\n<p>Dur\u00e9e : 45h<\/p>\n<p>Fait en France<\/p>\n<p><b>20% des b\u00e9n\u00e9fices seront revers\u00e9s sous forme de dons aux ch\u00e2teaux dans le besoin pour leur restauration<\/b><\/p>","protected":false},"excerpt":{"rendered":"<p>La bougie Ch\u00e2teau de France est une invitation au voyage dans une histoire inalt\u00e9rable.<\/p>\n<p>Cette bougie compos\u00e9e de notes bois\u00e9es et musqu\u00e9es, \u00e9voque un art de vivre des si\u00e8cles pass\u00e9s.<\/p>\n<p><b>20% des b\u00e9n\u00e9fices seront revers\u00e9s sous forme de dons aux ch\u00e2teaux dans le besoin pour leur restauration<\/b><\/p>","protected":false},"featured_media":2290,"comment_status":"open","ping_status":"closed","template":"","meta":{"_acf_changed":false,"_et_pb_use_builder":"","_et_pb_old_content":"","_et_gb_content_width":""},"product_brand":[],"product_cat":[53],"product_tag":[],"class_list":{"0":"post-2289","1":"product","2":"type-product","3":"status-publish","4":"has-post-thumbnail","6":"product_cat-bougies","8":"first","9":"instock","10":"taxable","11":"shipping-taxable","12":"purchasable","13":"product-type-simple"},"acf":[],"jetpack_sharing_enabled":true,"_links":{"self":[{"href":"https:\/\/cheyennecarronparfums.com\/de\/wp-json\/wp\/v2\/product\/2289","targetHints":{"allow":["GET"]}}],"collection":[{"href":"https:\/\/cheyennecarronparfums.com\/de\/wp-json\/wp\/v2\/product"}],"about":[{"href":"https:\/\/cheyennecarronparfums.com\/de\/wp-json\/wp\/v2\/types\/product"}],"replies":[{"embeddable":true,"href":"https:\/\/cheyennecarronparfums.com\/de\/wp-json\/wp\/v2\/comments?post=2289"}],"wp:featuredmedia":[{"embeddable":true,"href":"https:\/\/cheyennecarronparfums.com\/de\/wp-json\/wp\/v2\/media\/2290"}],"wp:attachment":[{"href":"https:\/\/cheyennecarronparfums.com\/de\/wp-json\/wp\/v2\/media?parent=2289"}],"wp:term":[{"taxonomy":"product_brand","embeddable":true,"href":"https:\/\/cheyennecarronparfums.com\/de\/wp-json\/wp\/v2\/product_brand?post=2289"},{"taxonomy":"product_cat","embeddable":true,"href":"https:\/\/cheyennecarronparfums.com\/de\/wp-json\/wp\/v2\/product_cat?post=2289"},{"taxonomy":"product_tag","embeddable":true,"href":"https:\/\/cheyennecarronparfums.com\/de\/wp-json\/wp\/v2\/product_tag?post=2289"}],"curies":[{"name":"wp","href":"https:\/\/api.w.org\/{rel}","templated":true}]}}