{"id":2356,"date":"2020-08-19T19:56:02","date_gmt":"2020-08-19T17:56:02","guid":{"rendered":"https:\/\/www.cheyennecarronparfums.com\/?post_type=product&#038;p=2356"},"modified":"2026-01-11T19:19:13","modified_gmt":"2026-01-11T18:19:13","slug":"noel-a-la-legion-etrangere","status":"publish","type":"product","link":"https:\/\/cheyennecarronparfums.com\/de\/products\/noel-a-la-legion-etrangere\/","title":{"rendered":"Kerze \u201eWeihnachten bei der Fremdenlegion\u201c"},"content":{"rendered":"<p data-start=\"30\" data-end=\"313\">Das Fest der Geburt Christi ist f\u00fcr die Fremdenlegion zu einem symboltr\u00e4chtigen Fest geworden. Als Fest der Br\u00fcderlichkeit und des Vertrauens in die Zukunft verdichtet es in der Kultur der Legion das Gef\u00fchl der Zugeh\u00f6rigkeit zu einer Familie, auf die jeder Legion\u00e4r ausgerichtet ist.<\/p>\n<p data-start=\"315\" data-end=\"356\"><strong data-start=\"315\" data-end=\"324\">Duft:<\/strong> Mandarine \u2013 Zitrone \u2013 Verbene<\/p>\n<p data-start=\"358\" data-end=\"434\"><strong data-start=\"358\" data-end=\"376\">Inhaltsstoffe:<\/strong> Sojawachs, wei\u00dfes Bienenwachs, Kokosbutter, Duftstoffe.<\/p>\n<p data-start=\"436\" data-end=\"466\"><strong data-start=\"436\" data-end=\"464\">Ohne CMR, ohne Phthalate<\/strong><\/p>\n<p data-start=\"468\" data-end=\"493\"><strong data-start=\"468\" data-end=\"483\">Brenndauer:<\/strong> 45 Std.<\/p>\n<p data-start=\"495\" data-end=\"524\" data-is-last-node=\"\" data-is-only-node=\"\"><strong data-start=\"495\" data-end=\"524\" data-is-last-node=\"\">Hergestellt in Frankreich<\/strong><\/p>","protected":false},"excerpt":{"rendered":"<p>Das Fest der Geburt Christi ist f\u00fcr die Fremdenlegion zu einem symboltr\u00e4chtigen Fest geworden. Als Fest der Br\u00fcderlichkeit und des Vertrauens in die Zukunft verdichtet es in der Kultur der Legion das Gef\u00fchl der Zugeh\u00f6rigkeit zu einer Familie, auf die jeder Legion\u00e4r ausgerichtet ist.<\/p>\n<p>&nbsp;<\/p>","protected":false},"featured_media":2357,"comment_status":"open","ping_status":"closed","template":"","meta":{"_acf_changed":false,"_et_pb_use_builder":"","_et_pb_old_content":"","_et_gb_content_width":""},"product_brand":[],"product_cat":[53,69],"product_tag":[],"class_list":{"0":"post-2356","1":"product","2":"type-product","3":"status-publish","4":"has-post-thumbnail","6":"product_cat-bougies","7":"product_cat-legion","9":"first","10":"instock","11":"taxable","12":"shipping-taxable","13":"purchasable","14":"product-type-simple"},"acf":[],"jetpack_sharing_enabled":true,"_links":{"self":[{"href":"https:\/\/cheyennecarronparfums.com\/de\/wp-json\/wp\/v2\/product\/2356","targetHints":{"allow":["GET"]}}],"collection":[{"href":"https:\/\/cheyennecarronparfums.com\/de\/wp-json\/wp\/v2\/product"}],"about":[{"href":"https:\/\/cheyennecarronparfums.com\/de\/wp-json\/wp\/v2\/types\/product"}],"replies":[{"embeddable":true,"href":"https:\/\/cheyennecarronparfums.com\/de\/wp-json\/wp\/v2\/comments?post=2356"}],"wp:featuredmedia":[{"embeddable":true,"href":"https:\/\/cheyennecarronparfums.com\/de\/wp-json\/wp\/v2\/media\/2357"}],"wp:attachment":[{"href":"https:\/\/cheyennecarronparfums.com\/de\/wp-json\/wp\/v2\/media?parent=2356"}],"wp:term":[{"taxonomy":"product_brand","embeddable":true,"href":"https:\/\/cheyennecarronparfums.com\/de\/wp-json\/wp\/v2\/product_brand?post=2356"},{"taxonomy":"product_cat","embeddable":true,"href":"https:\/\/cheyennecarronparfums.com\/de\/wp-json\/wp\/v2\/product_cat?post=2356"},{"taxonomy":"product_tag","embeddable":true,"href":"https:\/\/cheyennecarronparfums.com\/de\/wp-json\/wp\/v2\/product_tag?post=2356"}],"curies":[{"name":"wp","href":"https:\/\/api.w.org\/{rel}","templated":true}]}}