{"id":2649,"date":"2020-09-19T13:29:49","date_gmt":"2020-09-19T11:29:49","guid":{"rendered":"https:\/\/www.cheyennecarronparfums.com\/?post_type=product&#038;p=2649"},"modified":"2026-01-23T18:54:07","modified_gmt":"2026-01-23T17:54:07","slug":"a-nos-amours","status":"publish","type":"product","link":"https:\/\/cheyennecarronparfums.com\/de\/products\/a-nos-amours\/","title":{"rendered":"\u00c0 nos amours"},"content":{"rendered":"<p data-start=\"30\" data-end=\"261\">Cette bougie est un <strong>hymne \u00e0 l&rsquo;Amour<\/strong>. Un parfum p\u00e9tillant, frais et sensuel, c&rsquo;est une \u00e9vocation \u00e0 nos Amours de jeunesse, l&rsquo;amour de la premi\u00e8re fois, l&rsquo;amour joyeux qui m\u00eale l\u2019innocence et le d\u00e9sir. \u00c0 nos Amours, c&rsquo;est une bougie qui donne le sourire et nous emplit de joie, c&rsquo;est aussi un clin d\u2019\u0153il \u00e0 un grand cin\u00e9aste que j&rsquo;admire ; Maurice Pialat et la sublime Sandrine Bonnaire.<\/p>\n<p data-start=\"30\" data-end=\"261\">Parfum\u00a0: Citron, P\u00eache, Musc, Rose.<\/p>\n<p data-start=\"30\" data-end=\"261\">Ingr\u00e9dients\u00a0: Cire de soja, cire d\u2019abeilles blanche, beurre de coco, parfums. Sans CMR, sans phtalate<\/p>\n<p data-start=\"30\" data-end=\"261\">Dur\u00e9e : 45h Fait en France<\/p>","protected":false},"excerpt":{"rendered":"<p data-start=\"30\" data-end=\"261\">Cette bougie est un hymne \u00e0 l&rsquo;Amour. Un parfum p\u00e9tillant, frais et sensuel, c&rsquo;est une \u00e9vocation \u00e0 nos Amours de jeunesse, l&rsquo;amour de la premi\u00e8re fois, l&rsquo;amour joyeux qui m\u00eale l\u2019innocence et le d\u00e9sir. \u00c0 nos Amours, c&rsquo;est une bougie qui donne le sourire et nous emplit de joie, c&rsquo;est aussi un clin d\u2019\u0153il \u00e0 un grand cin\u00e9aste que j&rsquo;admire ; Maurice Pialat et la sublime Sandrine Bonnaire.<\/p>","protected":false},"featured_media":2650,"comment_status":"open","ping_status":"closed","template":"","meta":{"_acf_changed":false,"_et_pb_use_builder":"","_et_pb_old_content":"","_et_gb_content_width":""},"product_brand":[],"product_cat":[53],"product_tag":[],"class_list":{"0":"post-2649","1":"product","2":"type-product","3":"status-publish","4":"has-post-thumbnail","6":"product_cat-bougies","8":"first","9":"instock","10":"taxable","11":"shipping-taxable","12":"purchasable","13":"product-type-simple"},"acf":[],"jetpack_sharing_enabled":true,"_links":{"self":[{"href":"https:\/\/cheyennecarronparfums.com\/de\/wp-json\/wp\/v2\/product\/2649","targetHints":{"allow":["GET"]}}],"collection":[{"href":"https:\/\/cheyennecarronparfums.com\/de\/wp-json\/wp\/v2\/product"}],"about":[{"href":"https:\/\/cheyennecarronparfums.com\/de\/wp-json\/wp\/v2\/types\/product"}],"replies":[{"embeddable":true,"href":"https:\/\/cheyennecarronparfums.com\/de\/wp-json\/wp\/v2\/comments?post=2649"}],"wp:featuredmedia":[{"embeddable":true,"href":"https:\/\/cheyennecarronparfums.com\/de\/wp-json\/wp\/v2\/media\/2650"}],"wp:attachment":[{"href":"https:\/\/cheyennecarronparfums.com\/de\/wp-json\/wp\/v2\/media?parent=2649"}],"wp:term":[{"taxonomy":"product_brand","embeddable":true,"href":"https:\/\/cheyennecarronparfums.com\/de\/wp-json\/wp\/v2\/product_brand?post=2649"},{"taxonomy":"product_cat","embeddable":true,"href":"https:\/\/cheyennecarronparfums.com\/de\/wp-json\/wp\/v2\/product_cat?post=2649"},{"taxonomy":"product_tag","embeddable":true,"href":"https:\/\/cheyennecarronparfums.com\/de\/wp-json\/wp\/v2\/product_tag?post=2649"}],"curies":[{"name":"wp","href":"https:\/\/api.w.org\/{rel}","templated":true}]}}