{"id":3093,"date":"2021-05-26T14:45:02","date_gmt":"2021-05-26T12:45:02","guid":{"rendered":"https:\/\/www.cheyennecarronparfums.com\/?post_type=product&#038;p=3093"},"modified":"2025-10-15T13:55:05","modified_gmt":"2025-10-15T11:55:05","slug":"collonge-la-rouge","status":"publish","type":"product","link":"https:\/\/cheyennecarronparfums.com\/de\/products\/collonge-la-rouge\/","title":{"rendered":"Collonge la rouge"},"content":{"rendered":"<p>Majestueux ! Inspir\u00e9 des peintures Japonaise, le retour du printemps \u00e9gayera votre pi\u00e8ce. Pour une d\u00e9coration raffin\u00e9e, avec toujours avec un souci d\u2019\u00e9l\u00e9gance et de qualit\u00e9. Une touche de soleil primordial dans tout int\u00e9rieur.<\/p>\n<p>&nbsp;<\/p>\n<p>Mati\u00e8re :<\/p>\n<p>Tissu face\u00a0: Polyester 100% OEKO-TEX<\/p>\n<p>Tissu dos\u00a0 100% Coton<\/p>\n<p><img loading=\"lazy\" decoding=\"async\" class=\"alignnone size-full wp-image-3073\" src=\"https:\/\/cheyennecarronparfums.com\/wp-content\/uploads\/2021\/05\/Conseils-dentretien.png\" alt=\"\" width=\"199\" height=\"60\" srcset=\"https:\/\/cheyennecarronparfums.com\/wp-content\/uploads\/2021\/05\/Conseils-dentretien.png 199w, https:\/\/cheyennecarronparfums.com\/wp-content\/uploads\/2021\/05\/Conseils-dentretien-16x5.png 16w\" sizes=\"(max-width: 199px) 100vw, 199px\" \/><\/p>","protected":false},"excerpt":{"rendered":"<p>Majestueux ! Inspir\u00e9 des peintures Japonaise, le retour du printemps \u00e9gayera votre pi\u00e8ce. Pour une d\u00e9coration raffin\u00e9e, avec toujours avec un souci d\u2019\u00e9l\u00e9gance et de qualit\u00e9. Une touche de soleil primordial dans tout int\u00e9rieur.<\/p>","protected":false},"featured_media":3094,"comment_status":"open","ping_status":"closed","template":"","meta":{"_acf_changed":false,"_et_pb_use_builder":"","_et_pb_old_content":"","_et_gb_content_width":""},"product_brand":[],"product_cat":[61],"product_tag":[],"class_list":{"0":"post-3093","1":"product","2":"type-product","3":"status-publish","4":"has-post-thumbnail","6":"product_cat-maison-deurope","7":"product_shipping_class-maison","9":"first","10":"instock","11":"taxable","12":"shipping-taxable","13":"purchasable","14":"product-type-simple"},"acf":[],"jetpack_sharing_enabled":true,"_links":{"self":[{"href":"https:\/\/cheyennecarronparfums.com\/de\/wp-json\/wp\/v2\/product\/3093","targetHints":{"allow":["GET"]}}],"collection":[{"href":"https:\/\/cheyennecarronparfums.com\/de\/wp-json\/wp\/v2\/product"}],"about":[{"href":"https:\/\/cheyennecarronparfums.com\/de\/wp-json\/wp\/v2\/types\/product"}],"replies":[{"embeddable":true,"href":"https:\/\/cheyennecarronparfums.com\/de\/wp-json\/wp\/v2\/comments?post=3093"}],"wp:featuredmedia":[{"embeddable":true,"href":"https:\/\/cheyennecarronparfums.com\/de\/wp-json\/wp\/v2\/media\/3094"}],"wp:attachment":[{"href":"https:\/\/cheyennecarronparfums.com\/de\/wp-json\/wp\/v2\/media?parent=3093"}],"wp:term":[{"taxonomy":"product_brand","embeddable":true,"href":"https:\/\/cheyennecarronparfums.com\/de\/wp-json\/wp\/v2\/product_brand?post=3093"},{"taxonomy":"product_cat","embeddable":true,"href":"https:\/\/cheyennecarronparfums.com\/de\/wp-json\/wp\/v2\/product_cat?post=3093"},{"taxonomy":"product_tag","embeddable":true,"href":"https:\/\/cheyennecarronparfums.com\/de\/wp-json\/wp\/v2\/product_tag?post=3093"}],"curies":[{"name":"wp","href":"https:\/\/api.w.org\/{rel}","templated":true}]}}