{"id":3164,"date":"2021-07-12T14:12:23","date_gmt":"2021-07-12T12:12:23","guid":{"rendered":"https:\/\/www.cheyennecarronparfums.com\/?post_type=product&#038;p=3164"},"modified":"2025-10-15T13:55:05","modified_gmt":"2025-10-15T11:55:05","slug":"jungle-emeraude","status":"publish","type":"product","link":"https:\/\/cheyennecarronparfums.com\/de\/products\/jungle-emeraude\/","title":{"rendered":"Jungle Emeraude"},"content":{"rendered":"<p>Cette housse de coussin a \u00e9t\u00e9 cr\u00e9\u00e9e sur le th\u00e8me d&rsquo;une jungle luxuriante habit\u00e9e d&rsquo;un magnifique jaguar. Un esprit sauvage envahira votre int\u00e9rieur.<\/p>\n<p>&nbsp;<\/p>\n<p>Mati\u00e8re :<\/p>\n<p>Tissu face\u00a0: Polyester 100% OEKO-TEX<\/p>\n<p>Tissu dos\u00a0 100% Coton<\/p>\n<p><img loading=\"lazy\" decoding=\"async\" class=\"alignnone size-full wp-image-3073\" src=\"https:\/\/cheyennecarronparfums.com\/wp-content\/uploads\/2021\/05\/Conseils-dentretien.png\" alt=\"\" width=\"199\" height=\"60\" srcset=\"https:\/\/cheyennecarronparfums.com\/wp-content\/uploads\/2021\/05\/Conseils-dentretien.png 199w, https:\/\/cheyennecarronparfums.com\/wp-content\/uploads\/2021\/05\/Conseils-dentretien-16x5.png 16w\" sizes=\"(max-width: 199px) 100vw, 199px\" \/><\/p>","protected":false},"excerpt":{"rendered":"<p>Cette housse de coussin a \u00e9t\u00e9 cr\u00e9\u00e9e sur le th\u00e8me d&rsquo;une jungle luxuriante habit\u00e9e d&rsquo;un magnifique jaguar. Un esprit sauvage envahira votre int\u00e9rieur.<\/p>","protected":false},"featured_media":3158,"comment_status":"open","ping_status":"closed","template":"","meta":{"_acf_changed":false,"_et_pb_use_builder":"","_et_pb_old_content":"","_et_gb_content_width":""},"product_brand":[],"product_cat":[61],"product_tag":[62],"class_list":{"0":"post-3164","1":"product","2":"type-product","3":"status-publish","4":"has-post-thumbnail","6":"product_cat-maison-deurope","7":"product_tag-jungle","8":"product_shipping_class-maison","10":"first","11":"instock","12":"taxable","13":"shipping-taxable","14":"purchasable","15":"product-type-simple"},"acf":[],"jetpack_sharing_enabled":true,"_links":{"self":[{"href":"https:\/\/cheyennecarronparfums.com\/de\/wp-json\/wp\/v2\/product\/3164","targetHints":{"allow":["GET"]}}],"collection":[{"href":"https:\/\/cheyennecarronparfums.com\/de\/wp-json\/wp\/v2\/product"}],"about":[{"href":"https:\/\/cheyennecarronparfums.com\/de\/wp-json\/wp\/v2\/types\/product"}],"replies":[{"embeddable":true,"href":"https:\/\/cheyennecarronparfums.com\/de\/wp-json\/wp\/v2\/comments?post=3164"}],"wp:featuredmedia":[{"embeddable":true,"href":"https:\/\/cheyennecarronparfums.com\/de\/wp-json\/wp\/v2\/media\/3158"}],"wp:attachment":[{"href":"https:\/\/cheyennecarronparfums.com\/de\/wp-json\/wp\/v2\/media?parent=3164"}],"wp:term":[{"taxonomy":"product_brand","embeddable":true,"href":"https:\/\/cheyennecarronparfums.com\/de\/wp-json\/wp\/v2\/product_brand?post=3164"},{"taxonomy":"product_cat","embeddable":true,"href":"https:\/\/cheyennecarronparfums.com\/de\/wp-json\/wp\/v2\/product_cat?post=3164"},{"taxonomy":"product_tag","embeddable":true,"href":"https:\/\/cheyennecarronparfums.com\/de\/wp-json\/wp\/v2\/product_tag?post=3164"}],"curies":[{"name":"wp","href":"https:\/\/api.w.org\/{rel}","templated":true}]}}