{"id":3729,"date":"2023-07-31T21:42:45","date_gmt":"2023-07-31T19:42:45","guid":{"rendered":"https:\/\/www.cheyennecarronparfums.com\/?post_type=product&#038;p=3729"},"modified":"2026-01-22T22:24:29","modified_gmt":"2026-01-22T21:24:29","slug":"echantillon-2-ml-chevauchee-heroique","status":"publish","type":"product","link":"https:\/\/cheyennecarronparfums.com\/de\/products\/echantillon-2-ml-chevauchee-heroique\/","title":{"rendered":"\u00c9chantillon 2 ml &#8211; Chevauch\u00e9e H\u00e9ro\u00efque"},"content":{"rendered":"<h3 data-start=\"111\" data-end=\"138\"><strong>Chevauch\u00e9e H\u00e9ro\u00efque<\/strong><\/h3>\n<p data-start=\"30\" data-end=\"53\">\u00c9lan. Courage. L\u00e9gende.<\/p>\n<p data-start=\"55\" data-end=\"361\">Chevauch\u00e9e H\u00e9ro\u00efque est un parfum de mouvement et de bravoure. Il \u00e9voque l\u2019instant o\u00f9 l\u2019on s\u2019\u00e9lance, o\u00f9 le c\u0153ur bat plus fort, o\u00f9 l\u2019horizon s\u2019ouvre sans retour possible. Un parfum pour ceux qui avancent avec panache, port\u00e9s par l\u2019instinct et l\u2019honneur. L\u2019ouverture jaillit avec une fra\u00eecheur vive et fougueuse, comme le vent sur le visage au galop.<\/p>\n<p data-start=\"55\" data-end=\"361\">Le c\u0153ur r\u00e9v\u00e8le une puissance ma\u00eetris\u00e9e, m\u00ealant accords aromatiques et bois nobles, symboles de force et de d\u00e9termination. En fond, des notes ambr\u00e9es, cuir\u00e9es et musqu\u00e9es s\u2019ancrent profond\u00e9ment, laissant un sillage intense, vibrant et r\u00e9solument h\u00e9ro\u00efque.<\/p>\n<p data-start=\"55\" data-end=\"361\">Chevauch\u00e9e H\u00e9ro\u00efque n\u2019est pas un parfum immobile. C\u2019est un \u00e9lan. Celui qui transforme chaque pas en l\u00e9gende.<\/p>","protected":false},"excerpt":{"rendered":"<p>Ein Aufbruch voller Mut und Freiheit.\nEine kraftvolle und vibrierende Duftspur. <strong>Heldenritt<\/strong><\/p>","protected":false},"featured_media":4827,"comment_status":"open","ping_status":"closed","template":"","meta":{"_acf_changed":false,"_et_pb_use_builder":"","_et_pb_old_content":"","_et_gb_content_width":""},"product_brand":[],"product_cat":[68],"product_tag":[],"class_list":{"0":"post-3729","1":"product","2":"type-product","3":"status-publish","4":"has-post-thumbnail","6":"product_cat-echantillons","8":"first","9":"instock","10":"taxable","11":"shipping-taxable","12":"purchasable","13":"product-type-simple"},"acf":[],"jetpack_sharing_enabled":true,"_links":{"self":[{"href":"https:\/\/cheyennecarronparfums.com\/de\/wp-json\/wp\/v2\/product\/3729","targetHints":{"allow":["GET"]}}],"collection":[{"href":"https:\/\/cheyennecarronparfums.com\/de\/wp-json\/wp\/v2\/product"}],"about":[{"href":"https:\/\/cheyennecarronparfums.com\/de\/wp-json\/wp\/v2\/types\/product"}],"replies":[{"embeddable":true,"href":"https:\/\/cheyennecarronparfums.com\/de\/wp-json\/wp\/v2\/comments?post=3729"}],"wp:featuredmedia":[{"embeddable":true,"href":"https:\/\/cheyennecarronparfums.com\/de\/wp-json\/wp\/v2\/media\/4827"}],"wp:attachment":[{"href":"https:\/\/cheyennecarronparfums.com\/de\/wp-json\/wp\/v2\/media?parent=3729"}],"wp:term":[{"taxonomy":"product_brand","embeddable":true,"href":"https:\/\/cheyennecarronparfums.com\/de\/wp-json\/wp\/v2\/product_brand?post=3729"},{"taxonomy":"product_cat","embeddable":true,"href":"https:\/\/cheyennecarronparfums.com\/de\/wp-json\/wp\/v2\/product_cat?post=3729"},{"taxonomy":"product_tag","embeddable":true,"href":"https:\/\/cheyennecarronparfums.com\/de\/wp-json\/wp\/v2\/product_tag?post=3729"}],"curies":[{"name":"wp","href":"https:\/\/api.w.org\/{rel}","templated":true}]}}