{"id":3732,"date":"2023-07-31T21:45:11","date_gmt":"2023-07-31T19:45:11","guid":{"rendered":"https:\/\/www.cheyennecarronparfums.com\/?post_type=product&#038;p=3732"},"modified":"2026-01-22T22:21:25","modified_gmt":"2026-01-22T21:21:25","slug":"echantillon-2-ml-un-the-en-indochine","status":"publish","type":"product","link":"https:\/\/cheyennecarronparfums.com\/de\/products\/echantillon-2-ml-un-the-en-indochine\/","title":{"rendered":"\u00c9chantillon 2 ml &#8211; Un th\u00e9 en Indochine"},"content":{"rendered":"<h3 data-start=\"112\" data-end=\"139\"><strong>Un Th\u00e9 en Indochine<\/strong><\/h3>\n<p data-start=\"30\" data-end=\"62\">Un Th\u00e9 en Indochine est un parfum pour homme et pour femme, une parenth\u00e8se hors du temps. Il \u00e9voque les terres lointaines, les jardins de th\u00e9 baign\u00e9s de brume, les maisons coloniales ouvertes sur la chaleur humide et les souvenirs qui flottent dans l\u2019air.<\/p>\n<p data-start=\"30\" data-end=\"62\">L\u2019ouverture est fra\u00eeche et d\u00e9licate, infus\u00e9e de notes de th\u00e9 vert et d\u2019agrumes doux, comme une tasse fumante au lever du jour. Le c\u0153ur r\u00e9v\u00e8le une harmonie subtile d\u2019accords floraux l\u00e9gers et \u00e9pic\u00e9s, rappelant les march\u00e9s, les bois exotiques et les \u00e9toffes anciennes.<\/p>\n<p data-start=\"30\" data-end=\"62\">En fond, des bois tendres, des muscs propres et une pointe ambr\u00e9e viennent envelopper la peau d\u2019un sillage apaisant, \u00e9l\u00e9gant et profond\u00e9ment addictif. Un Th\u00e9 en Indochine ne s\u2019impose pas. Il invite. \u00c0 voyager, \u00e0 respirer, \u00e0 se souvenir.<\/p>","protected":false},"excerpt":{"rendered":"<p data-start=\"56\" data-end=\"164\">Eine Reise, durchzogen von ger\u00e4uchertem Tee.\nEine frische, beruhigende und elegante Duftspur. <strong>Ein Tee aus Indochina<\/strong><\/p>\n<p data-start=\"166\" data-end=\"264\" data-is-last-node=\"\" data-is-only-node=\"\">","protected":false},"featured_media":4835,"comment_status":"open","ping_status":"closed","template":"","meta":{"_acf_changed":false,"_et_pb_use_builder":"","_et_pb_old_content":"","_et_gb_content_width":""},"product_brand":[],"product_cat":[68],"product_tag":[],"class_list":{"0":"post-3732","1":"product","2":"type-product","3":"status-publish","4":"has-post-thumbnail","6":"product_cat-echantillons","8":"first","9":"instock","10":"taxable","11":"shipping-taxable","12":"purchasable","13":"product-type-simple"},"acf":[],"jetpack_sharing_enabled":true,"_links":{"self":[{"href":"https:\/\/cheyennecarronparfums.com\/de\/wp-json\/wp\/v2\/product\/3732","targetHints":{"allow":["GET"]}}],"collection":[{"href":"https:\/\/cheyennecarronparfums.com\/de\/wp-json\/wp\/v2\/product"}],"about":[{"href":"https:\/\/cheyennecarronparfums.com\/de\/wp-json\/wp\/v2\/types\/product"}],"replies":[{"embeddable":true,"href":"https:\/\/cheyennecarronparfums.com\/de\/wp-json\/wp\/v2\/comments?post=3732"}],"wp:featuredmedia":[{"embeddable":true,"href":"https:\/\/cheyennecarronparfums.com\/de\/wp-json\/wp\/v2\/media\/4835"}],"wp:attachment":[{"href":"https:\/\/cheyennecarronparfums.com\/de\/wp-json\/wp\/v2\/media?parent=3732"}],"wp:term":[{"taxonomy":"product_brand","embeddable":true,"href":"https:\/\/cheyennecarronparfums.com\/de\/wp-json\/wp\/v2\/product_brand?post=3732"},{"taxonomy":"product_cat","embeddable":true,"href":"https:\/\/cheyennecarronparfums.com\/de\/wp-json\/wp\/v2\/product_cat?post=3732"},{"taxonomy":"product_tag","embeddable":true,"href":"https:\/\/cheyennecarronparfums.com\/de\/wp-json\/wp\/v2\/product_tag?post=3732"}],"curies":[{"name":"wp","href":"https:\/\/api.w.org\/{rel}","templated":true}]}}