{"id":3734,"date":"2023-07-31T21:46:13","date_gmt":"2023-07-31T19:46:13","guid":{"rendered":"https:\/\/www.cheyennecarronparfums.com\/?post_type=product&#038;p=3734"},"modified":"2026-01-22T22:18:35","modified_gmt":"2026-01-22T21:18:35","slug":"echantillon-2-ml-monsieur-legionnaire","status":"publish","type":"product","link":"https:\/\/cheyennecarronparfums.com\/de\/products\/echantillon-2-ml-monsieur-legionnaire\/","title":{"rendered":"\u00c9chantillon 2 ml &#8211; Monsieur L\u00e9gionnaire"},"content":{"rendered":"<h3 data-start=\"103\" data-end=\"131\"><strong>Monsieur L\u00e9gionnaire<\/strong><\/h3>\n<p data-start=\"30\" data-end=\"60\">Discipline. Prestance. Autorit\u00e9.<\/p>\n<p data-start=\"62\" data-end=\"299\">Monsieur L\u00e9gionnaire incarne l\u2019homme de principes, celui qui avance droit, fid\u00e8le \u00e0 ses valeurs. Une masculinit\u00e9 assum\u00e9e, \u00e9l\u00e9gante et structur\u00e9e, o\u00f9 la force ne se montre pas, elle se ressent. L\u2019ouverture est nette et raffin\u00e9e, marqu\u00e9e par une fra\u00eecheur aromatique ma\u00eetris\u00e9e. Le c\u0153ur r\u00e9v\u00e8le des accords bois\u00e9s et \u00e9pic\u00e9s, profonds et virils, qui traduisent la rigueur et la d\u00e9termination.<\/p>\n<p data-start=\"62\" data-end=\"299\">En fond, l\u2019ambre, le cuir et les muscs s\u2019installent avec noblesse, laissant un sillage puissant, distingu\u00e9 et durable. Monsieur L\u00e9gionnaire n\u2019est pas une posture. C\u2019est une tenue. Celle de l\u2019homme qui se respecte.<\/p>","protected":false},"excerpt":{"rendered":"<div class=\"flex flex-col text-sm pb-25\">\n<article class=\"text-token-text-primary w-full focus:outline-none [--shadow-height:45px] has-data-writing-block:pointer-events-none has-data-writing-block:-mt-(--shadow-height) has-data-writing-block:pt-(--shadow-height) [&amp;:has([data-writing-block])&gt;*]:pointer-events-auto scroll-mt-[calc(var(--header-height)+min(200px,max(70px,20svh)))]\" dir=\"auto\" tabindex=\"-1\" data-turn-id=\"request-WEB:465f5481-4cc0-4037-90e3-2fcc7be9cd53-103\" data-testid=\"conversation-turn-208\" data-scroll-anchor=\"true\" data-turn=\"assistant\">\n<div class=\"text-base my-auto mx-auto pb-10 [--thread-content-margin:--spacing(4)] @w-sm\/main:[--thread-content-margin:--spacing(6)] @w-lg\/main:[--thread-content-margin:--spacing(16)] px-(--thread-content-margin)\">\n<div class=\"[--thread-content-max-width:40rem] @w-lg\/main:[--thread-content-max-width:48rem] mx-auto max-w-(--thread-content-max-width) flex-1 group\/turn-messages focus-visible:outline-hidden relative flex w-full min-w-0 flex-col agent-turn\" tabindex=\"-1\">\n<div class=\"flex max-w-full flex-col grow\">\n<div class=\"min-h-8 text-message relative flex w-full flex-col items-end gap-2 text-start break-words whitespace-normal [.text-message+&amp;]:mt-1\" dir=\"auto\" data-message-author-role=\"assistant\" data-message-id=\"85433c4f-710f-40b4-87b6-cc8f3847a74b\" data-message-model-slug=\"gpt-5-2\">\n<div class=\"flex w-full flex-col gap-1 empty:hidden first:pt-[1px]\">\n<div class=\"markdown prose dark:prose-invert w-full break-words light markdown-new-styling\">\n<p data-start=\"30\" data-end=\"119\" data-is-last-node=\"\" data-is-only-node=\"\">L\u2019\u00e9l\u00e9gance de la discipline. Un sillage viril et ma\u00eetris\u00e9. Monsieur L\u00e9gionnaire.<\/p>\n<\/div>\n<\/div>\n<\/div>\n<\/div>\n<div class=\"z-0 flex min-h-[46px] justify-start\"><\/div>\n<div class=\"mt-3 w-full empty:hidden\">\n<div class=\"text-center\"><\/div>\n<\/div>\n<\/div>\n<\/div>\n<\/article>\n<\/div>\n<div class=\"pointer-events-none h-px w-px absolute bottom-0\" aria-hidden=\"true\" data-edge=\"true\"><\/div>\n","protected":false},"featured_media":4832,"comment_status":"open","ping_status":"closed","template":"","meta":{"_acf_changed":false,"_et_pb_use_builder":"","_et_pb_old_content":"","_et_gb_content_width":""},"product_brand":[],"product_cat":[68],"product_tag":[],"class_list":{"0":"post-3734","1":"product","2":"type-product","3":"status-publish","4":"has-post-thumbnail","6":"product_cat-echantillons","8":"first","9":"instock","10":"taxable","11":"shipping-taxable","12":"purchasable","13":"product-type-simple"},"acf":[],"jetpack_sharing_enabled":true,"_links":{"self":[{"href":"https:\/\/cheyennecarronparfums.com\/de\/wp-json\/wp\/v2\/product\/3734","targetHints":{"allow":["GET"]}}],"collection":[{"href":"https:\/\/cheyennecarronparfums.com\/de\/wp-json\/wp\/v2\/product"}],"about":[{"href":"https:\/\/cheyennecarronparfums.com\/de\/wp-json\/wp\/v2\/types\/product"}],"replies":[{"embeddable":true,"href":"https:\/\/cheyennecarronparfums.com\/de\/wp-json\/wp\/v2\/comments?post=3734"}],"wp:featuredmedia":[{"embeddable":true,"href":"https:\/\/cheyennecarronparfums.com\/de\/wp-json\/wp\/v2\/media\/4832"}],"wp:attachment":[{"href":"https:\/\/cheyennecarronparfums.com\/de\/wp-json\/wp\/v2\/media?parent=3734"}],"wp:term":[{"taxonomy":"product_brand","embeddable":true,"href":"https:\/\/cheyennecarronparfums.com\/de\/wp-json\/wp\/v2\/product_brand?post=3734"},{"taxonomy":"product_cat","embeddable":true,"href":"https:\/\/cheyennecarronparfums.com\/de\/wp-json\/wp\/v2\/product_cat?post=3734"},{"taxonomy":"product_tag","embeddable":true,"href":"https:\/\/cheyennecarronparfums.com\/de\/wp-json\/wp\/v2\/product_tag?post=3734"}],"curies":[{"name":"wp","href":"https:\/\/api.w.org\/{rel}","templated":true}]}}