{"id":3735,"date":"2023-07-31T21:46:34","date_gmt":"2023-07-31T19:46:34","guid":{"rendered":"https:\/\/www.cheyennecarronparfums.com\/?post_type=product&#038;p=3735"},"modified":"2026-01-22T22:16:45","modified_gmt":"2026-01-22T21:16:45","slug":"echantillon-2-ml-le-corps-sauvage","status":"publish","type":"product","link":"https:\/\/cheyennecarronparfums.com\/de\/products\/echantillon-2-ml-le-corps-sauvage\/","title":{"rendered":"\u00c9chantillon 2 ml &#8211; Le corps sauvage"},"content":{"rendered":"<h3 data-start=\"134\" data-end=\"158\"><strong>Le Corps Sauvage<\/strong><\/h3>\n<p data-start=\"30\" data-end=\"57\">Libre. Instinctif. Vivant.<\/p>\n<p data-start=\"59\" data-end=\"298\">Le Corps Sauvage est une ode \u00e0 la nature brute, \u00e0 la peau \u00e0 l\u2019\u00e9tat originel, \u00e0 l\u2019instinct qui pr\u00e9c\u00e8de les mots. Un parfum mixte qui c\u00e9l\u00e8bre le lien intime entre le corps humain et le monde sauvage. D\u00e8s les premi\u00e8res notes, la fragrance s\u2019ouvre comme une respiration profonde : verte, fra\u00eeche, presque tellurique. Le c\u0153ur palpite d\u2019accords v\u00e9g\u00e9taux et bois\u00e9s, chauds et textur\u00e9s, \u00e9voquant la for\u00eat, la terre humide, le soleil sur la peau nue.<\/p>\n<p data-start=\"59\" data-end=\"298\">En fond, des muscs naturels et des bois profonds s\u2019entrelacent, laissant un sillage animal, enveloppant et profond\u00e9ment sensuel. Le Corps Sauvage ne s\u2019impose pas. Il r\u00e9veille. Ce que la nature a inscrit en nous.<\/p>","protected":false},"excerpt":{"rendered":"<p>Ein unisex Duft, frei und instinktiv.\nGr\u00fcne, holzige und sinnliche Noten.\nDer wilde K\u00f6rper \u2013 die Natur auf der Haut.<\/p>","protected":false},"featured_media":4830,"comment_status":"open","ping_status":"closed","template":"","meta":{"_acf_changed":false,"_et_pb_use_builder":"","_et_pb_old_content":"","_et_gb_content_width":""},"product_brand":[],"product_cat":[68],"product_tag":[],"class_list":{"0":"post-3735","1":"product","2":"type-product","3":"status-publish","4":"has-post-thumbnail","6":"product_cat-echantillons","8":"first","9":"instock","10":"taxable","11":"shipping-taxable","12":"purchasable","13":"product-type-simple"},"acf":[],"jetpack_sharing_enabled":true,"_links":{"self":[{"href":"https:\/\/cheyennecarronparfums.com\/de\/wp-json\/wp\/v2\/product\/3735","targetHints":{"allow":["GET"]}}],"collection":[{"href":"https:\/\/cheyennecarronparfums.com\/de\/wp-json\/wp\/v2\/product"}],"about":[{"href":"https:\/\/cheyennecarronparfums.com\/de\/wp-json\/wp\/v2\/types\/product"}],"replies":[{"embeddable":true,"href":"https:\/\/cheyennecarronparfums.com\/de\/wp-json\/wp\/v2\/comments?post=3735"}],"wp:featuredmedia":[{"embeddable":true,"href":"https:\/\/cheyennecarronparfums.com\/de\/wp-json\/wp\/v2\/media\/4830"}],"wp:attachment":[{"href":"https:\/\/cheyennecarronparfums.com\/de\/wp-json\/wp\/v2\/media?parent=3735"}],"wp:term":[{"taxonomy":"product_brand","embeddable":true,"href":"https:\/\/cheyennecarronparfums.com\/de\/wp-json\/wp\/v2\/product_brand?post=3735"},{"taxonomy":"product_cat","embeddable":true,"href":"https:\/\/cheyennecarronparfums.com\/de\/wp-json\/wp\/v2\/product_cat?post=3735"},{"taxonomy":"product_tag","embeddable":true,"href":"https:\/\/cheyennecarronparfums.com\/de\/wp-json\/wp\/v2\/product_tag?post=3735"}],"curies":[{"name":"wp","href":"https:\/\/api.w.org\/{rel}","templated":true}]}}