{"id":3736,"date":"2023-07-31T21:46:57","date_gmt":"2023-07-31T19:46:57","guid":{"rendered":"https:\/\/www.cheyennecarronparfums.com\/?post_type=product&#038;p=3736"},"modified":"2026-03-24T18:06:14","modified_gmt":"2026-03-24T17:06:14","slug":"echantillon-2-ml-mythique-legionnaire","status":"publish","type":"product","link":"https:\/\/cheyennecarronparfums.com\/de\/products\/echantillon-2-ml-mythique-legionnaire\/","title":{"rendered":"\u00c9chantillon 2 ml &#8211; Mythique l\u00e9gionnaire"},"content":{"rendered":"<h3 data-start=\"108\" data-end=\"136\"><strong>Mythique L\u00e9gionnaire<\/strong><\/h3>\n<p data-start=\"30\" data-end=\"55\">Force. Honneur. H\u00e9ritage.<\/p>\n<p class=\"p1\">Ce parfum est une eau de parfum intense et bois\u00e9e, m\u00ealant notes fruit\u00e9es, cuir\u00e9es et fond \u00e9pic\u00e9. Une fragrance structur\u00e9e et puissante, id\u00e9ale pour une utilisation quotidienne.<\/p>\n<p class=\"p1\">Force. Honneur. H\u00e9ritage.<\/p>\n<p class=\"p1\">Mythique L\u00e9gionnaire est un parfum forg\u00e9 pour l\u2019homme qui avance avec discipline, courage et d\u00e9termination. Inspir\u00e9 par les l\u00e9gions d\u2019\u00e9lite, il incarne l\u2019esprit du combattant noble, celui qui prot\u00e8ge, b\u00e2tit et laisse une trace.<\/p>\n<p class=\"p1\">L\u2019ouverture frappe avec une fra\u00eecheur vive et tranchante, \u00e9voquant l\u2019acier \u00e0 l\u2019aube. Le c\u0153ur r\u00e9v\u00e8le une puissance ma\u00eetris\u00e9e, o\u00f9 les \u00e9pices et les accords aromatiques s\u2019unissent \u00e0 des bois robustes, symboles de force et de loyaut\u00e9.<\/p>\n<p class=\"p1\">En fond, l\u2019ambre, le cuir et les muscs profonds ancrent le parfum dans une intensit\u00e9 durable, laissant un sillage profond et rac\u00e9.<\/p>\n<p class=\"p1\">Mythique L\u00e9gionnaire n\u2019est pas un parfum de passage. C\u2019est un engagement.<\/p>\n<p class=\"p1\"><b>Caract\u00e9ristiques :<\/b><b><\/b><\/p>\n<ul class=\"ul1\">\n<li class=\"li2\"><i>Type : Eau de parfum<\/i><\/li>\n<li class=\"li2\"><i>Contenance : 100 ml<\/i><\/li>\n<li class=\"li2\"><i>Genre : Masculin<\/i><\/li>\n<li class=\"li2\"><i>Fabrication : France<\/i><\/li>\n<li class=\"li2\"><i>Application : Spray<\/i><\/li>\n<\/ul>\n<p class=\"p1\"><b>Kopfnoten<\/b><br \/>\nNotes fruit\u00e9es<\/p>\n<p class=\"p1\"><b>Herznoten<\/b><br \/>\nNotes de cuir, musc, tub\u00e9reuse<\/p>\n<p class=\"p1\"><b>Basisnoten<\/b><br \/>\nMyrrhe, notes bois\u00e9es, poivre noir<\/p>","protected":false},"excerpt":{"rendered":"<p class=\"p1\"><b>MYTHIQUE L\u00c9GIONNAIRE \u2013 Eau de parfum<\/b><b><\/b><\/p>\n<p class=\"p1\">Une fragrance intense et structur\u00e9e, o\u00f9 les notes fruit\u00e9es rencontrent la puissance du cuir et des \u00e9pices. Un parfum inspir\u00e9 par la rigueur, la force int\u00e9rieure et la fid\u00e9lit\u00e9 \u00e0 ses engagements.<\/p>","protected":false},"featured_media":4833,"comment_status":"open","ping_status":"closed","template":"","meta":{"_acf_changed":false,"_et_pb_use_builder":"","_et_pb_old_content":"","_et_gb_content_width":""},"product_brand":[],"product_cat":[68],"product_tag":[],"class_list":{"0":"post-3736","1":"product","2":"type-product","3":"status-publish","4":"has-post-thumbnail","6":"product_cat-echantillons","8":"first","9":"instock","10":"taxable","11":"shipping-taxable","12":"purchasable","13":"product-type-simple"},"acf":[],"jetpack_sharing_enabled":true,"_links":{"self":[{"href":"https:\/\/cheyennecarronparfums.com\/de\/wp-json\/wp\/v2\/product\/3736","targetHints":{"allow":["GET"]}}],"collection":[{"href":"https:\/\/cheyennecarronparfums.com\/de\/wp-json\/wp\/v2\/product"}],"about":[{"href":"https:\/\/cheyennecarronparfums.com\/de\/wp-json\/wp\/v2\/types\/product"}],"replies":[{"embeddable":true,"href":"https:\/\/cheyennecarronparfums.com\/de\/wp-json\/wp\/v2\/comments?post=3736"}],"wp:featuredmedia":[{"embeddable":true,"href":"https:\/\/cheyennecarronparfums.com\/de\/wp-json\/wp\/v2\/media\/4833"}],"wp:attachment":[{"href":"https:\/\/cheyennecarronparfums.com\/de\/wp-json\/wp\/v2\/media?parent=3736"}],"wp:term":[{"taxonomy":"product_brand","embeddable":true,"href":"https:\/\/cheyennecarronparfums.com\/de\/wp-json\/wp\/v2\/product_brand?post=3736"},{"taxonomy":"product_cat","embeddable":true,"href":"https:\/\/cheyennecarronparfums.com\/de\/wp-json\/wp\/v2\/product_cat?post=3736"},{"taxonomy":"product_tag","embeddable":true,"href":"https:\/\/cheyennecarronparfums.com\/de\/wp-json\/wp\/v2\/product_tag?post=3736"}],"curies":[{"name":"wp","href":"https:\/\/api.w.org\/{rel}","templated":true}]}}