{"id":3947,"date":"2024-03-14T21:23:12","date_gmt":"2024-03-14T20:23:12","guid":{"rendered":"https:\/\/www.cheyennecarronparfums.com\/?post_type=product&#038;p=3947"},"modified":"2026-03-24T21:10:38","modified_gmt":"2026-03-24T20:10:38","slug":"solstice-dhiver","status":"publish","type":"product","link":"https:\/\/cheyennecarronparfums.com\/de\/products\/solstice-dhiver\/","title":{"rendered":"Solstice d\u2019Hiver \u2013 L\u00e0 o\u00f9 rena\u00eet la lumi\u00e8re Parfum &#8211; Cheyenne Marie CARRON"},"content":{"rendered":"<p class=\"p1\"><b>SOLSTICE D\u2019HIVER \u2013 Eau de parfum \u2013 100 ml<\/b><\/p>\n<p class=\"p1\">Une fragrance profonde et enveloppante, o\u00f9 les notes bois\u00e9es et r\u00e9sineuses rencontrent une douceur poudr\u00e9e. Un parfum inspir\u00e9 par l\u2019hiver, le silence et la promesse du renouveau.<\/p>\n<p>&nbsp;<\/p>","protected":false},"excerpt":{"rendered":"<p class=\"p1\"><b>SOLSTICE D\u2019HIVER \u2013 Eau de parfum \u2013 100 ml<\/b><b><\/b><\/p>\n<p class=\"p1\">Ce parfum est une eau de parfum bois\u00e9e et enveloppante, m\u00ealant notes r\u00e9sineuses, poudr\u00e9es et fond profond. Une fragrance apaisante et intense, id\u00e9ale pour une utilisation quotidienne.<\/p>\n<p class=\"p3\"><b>Description (corrig\u00e9e et fluide)<\/b><\/p>\n<p class=\"p1\">Lorsque le jour se fait rare et que le monde ralentit, Solstice d\u2019Hiver s\u2019impose comme un refuge. Un parfum profond et enveloppant, pens\u00e9 comme une veill\u00e9e silencieuse, au moment pr\u00e9cis o\u00f9 l\u2019obscurit\u00e9 atteint son apog\u00e9e\u2026 juste avant le retour de la lumi\u00e8re.<\/p>\n<p class=\"p1\">La fragrance \u00e9voque le calme, la profondeur et l\u2019intimit\u00e9 des saisons froides. Une pr\u00e9sence discr\u00e8te, presque m\u00e9ditative, qui accompagne les instants suspendus.<\/p>\n<p class=\"p3\"><b>Caract\u00e9ristiques<\/b><\/p>\n<p class=\"p1\"><b>Caract\u00e9ristiques :<\/b><b><\/b><\/p>\n<ul class=\"ul1\">\n<li class=\"li4\"><i>Type : Eau de parfum<\/i><\/li>\n<li class=\"li4\"><i>Contenance : 100 ml<\/i><\/li>\n<li class=\"li4\"><i>Genre : Mixte<\/i><\/li>\n<li class=\"li4\"><i>Fabrication : France<\/i><\/li>\n<li class=\"li4\"><i>Application : Spray<\/i><\/li>\n<\/ul>\n<p class=\"p3\"><b>Notes<\/b><\/p>\n<p class=\"p1\"><b>Kopfnoten<\/b><br \/>\nV\u00e9tiver, galbanum, musc, notes balsamiques<\/p>\n<p class=\"p1\"><b>Herznoten<\/b><br \/>\nIris, pin, notes poudr\u00e9es<\/p>\n<p class=\"p1\"><b>Basisnoten<\/b><br \/>\nBois de c\u00e8dre, notes balsamiques, Karmawood, notes bois\u00e9es<\/p>","protected":false},"featured_media":3936,"comment_status":"open","ping_status":"closed","template":"","meta":{"_acf_changed":false,"_et_pb_use_builder":"","_et_pb_old_content":"","_et_gb_content_width":""},"product_brand":[],"product_cat":[19,18,58],"product_tag":[],"class_list":{"0":"post-3947","1":"product","2":"type-product","3":"status-publish","4":"has-post-thumbnail","6":"product_cat-homme","7":"product_cat-femme","8":"product_cat-parfums","10":"first","11":"instock","12":"taxable","13":"shipping-taxable","14":"purchasable","15":"product-type-simple"},"acf":[],"jetpack_sharing_enabled":true,"_links":{"self":[{"href":"https:\/\/cheyennecarronparfums.com\/de\/wp-json\/wp\/v2\/product\/3947","targetHints":{"allow":["GET"]}}],"collection":[{"href":"https:\/\/cheyennecarronparfums.com\/de\/wp-json\/wp\/v2\/product"}],"about":[{"href":"https:\/\/cheyennecarronparfums.com\/de\/wp-json\/wp\/v2\/types\/product"}],"replies":[{"embeddable":true,"href":"https:\/\/cheyennecarronparfums.com\/de\/wp-json\/wp\/v2\/comments?post=3947"}],"wp:featuredmedia":[{"embeddable":true,"href":"https:\/\/cheyennecarronparfums.com\/de\/wp-json\/wp\/v2\/media\/3936"}],"wp:attachment":[{"href":"https:\/\/cheyennecarronparfums.com\/de\/wp-json\/wp\/v2\/media?parent=3947"}],"wp:term":[{"taxonomy":"product_brand","embeddable":true,"href":"https:\/\/cheyennecarronparfums.com\/de\/wp-json\/wp\/v2\/product_brand?post=3947"},{"taxonomy":"product_cat","embeddable":true,"href":"https:\/\/cheyennecarronparfums.com\/de\/wp-json\/wp\/v2\/product_cat?post=3947"},{"taxonomy":"product_tag","embeddable":true,"href":"https:\/\/cheyennecarronparfums.com\/de\/wp-json\/wp\/v2\/product_tag?post=3947"}],"curies":[{"name":"wp","href":"https:\/\/api.w.org\/{rel}","templated":true}]}}