{"id":3950,"date":"2024-03-14T21:30:08","date_gmt":"2024-03-14T20:30:08","guid":{"rendered":"https:\/\/www.cheyennecarronparfums.com\/?post_type=product&#038;p=3950"},"modified":"2026-03-24T21:16:02","modified_gmt":"2026-03-24T20:16:02","slug":"solstice-dete","status":"publish","type":"product","link":"https:\/\/cheyennecarronparfums.com\/de\/products\/solstice-dete\/","title":{"rendered":"Sommersonnenwende \u2013 Ein sonniger und strahlender Duft | Cheyenne Marie Carron"},"content":{"rendered":"<p class=\"p1\"><b>SOLSTICE D\u2019\u00c9T\u00c9 \u2013 Eau de parfum \u2013 100 ml<\/b><b><\/b><\/p>\n<p class=\"p1\">Une fragrance lumineuse et naturelle, o\u00f9 les agrumes et les notes v\u00e9g\u00e9tales rencontrent la douceur des bois. Un parfum inspir\u00e9 par l\u2019\u00e9t\u00e9, la chaleur et les instants suspendus.<\/p>","protected":false},"excerpt":{"rendered":"<p class=\"p1\"><b>SOLSTICE D\u2019\u00c9T\u00c9 \u2013 Eau de parfum \u2013 100 ml<\/b><b><\/b><\/p>\n<p class=\"p1\">Ce parfum est une eau de parfum fra\u00eeche et lumineuse, m\u00ealant notes hesp\u00e9rid\u00e9es, v\u00e9g\u00e9tales et fond bois\u00e9. Une fragrance solaire et \u00e9l\u00e9gante, id\u00e9ale pour une utilisation quotidienne.<\/p>\n<p class=\"p1\">Solstice d\u2019\u00c9t\u00e9 est une c\u00e9l\u00e9bration de la lumi\u00e8re \u00e0 son apog\u00e9e. Un parfum comme un instant suspendu, lorsque le jour s\u2019\u00e9tire, que la chaleur caresse la peau et que la nature semble retenir son souffle.<\/p>\n<p class=\"p1\">D\u00e8s les premi\u00e8res notes, Solstice d\u2019\u00c9t\u00e9 \u00e9voque un \u00e9t\u00e9 vivant, vibrant, presque charnel. La fragrance s\u2019ouvre sur une fra\u00eecheur lumineuse, solaire sans \u00eatre \u00e9clatante, comme une promenade \u00e0 l\u2019aube dans un jardin encore perl\u00e9 de ros\u00e9e.<\/p>\n<p class=\"p1\">Peu \u00e0 peu, le parfum se r\u00e9chauffe, d\u00e9voilant une mati\u00e8re enveloppante, douce et sensuelle, qui s\u2019installe avec \u00e9l\u00e9gance sur la peau.<\/p>\n<p class=\"p1\"><b>Caract\u00e9ristiques :<\/b><b><\/b><\/p>\n<ul class=\"ul1\">\n<li class=\"li3\"><i>Type : Eau de parfum<\/i><\/li>\n<li class=\"li3\"><i>Contenance : 100 ml<\/i><\/li>\n<li class=\"li3\"><i>Genre : Mixte<\/i><\/li>\n<li class=\"li3\"><i>Fabrication : France<\/i><\/li>\n<li class=\"li3\"><i>Application : Spray<\/i><\/li>\n<\/ul>\n<p class=\"p1\"><b>Kopfnoten<\/b><br \/>\nBigarade, orange am\u00e8re, cedramber, citron d\u2019Italie<\/p>\n<p class=\"p1\"><b>Herznoten<\/b><br \/>\nGalbanum, cassis, notes vertes<\/p>\n<p class=\"p1\"><b>Basisnoten<\/b><br \/>\nBois de c\u00e8dre, mousse de ch\u00eane<\/p>","protected":false},"featured_media":3935,"comment_status":"open","ping_status":"closed","template":"","meta":{"_acf_changed":false,"_et_pb_use_builder":"off","_et_pb_old_content":"<p data-start=\"221\" data-end=\"423\">Solstice d\u2019\u00c9t\u00e9 est une c\u00e9l\u00e9bration de la lumi\u00e8re \u00e0 son apog\u00e9e.<br data-start=\"283\" data-end=\"286\" \/>Un parfum comme un instant suspendu, lorsque le jour s\u2019\u00e9tire, que la chaleur caresse la peau et que la nature semble retenir son souffle.<\/p>\r\n<p data-start=\"425\" data-end=\"791\">D\u00e8s les premi\u00e8res notes, Solstice d\u2019\u00c9t\u00e9 \u00e9voque un \u00e9t\u00e9 vivant, vibrant, presque charnel. La fragrance s\u2019ouvre sur une fra\u00eecheur lumineuse, solaire sans \u00eatre \u00e9clatante, comme une promenade \u00e0 l\u2019aube dans un jardin encore perl\u00e9 de ros\u00e9e. Peu \u00e0 peu, le parfum se r\u00e9chauffe, d\u00e9voilant une mati\u00e8re enveloppante, douce et sensuelle, qui s\u2019installe avec \u00e9l\u00e9gance sur la peau.<\/p>\r\n<p data-start=\"793\" data-end=\"1067\">Pens\u00e9 comme un rituel intime, Solstice d\u2019\u00c9t\u00e9 accompagne les corps libres et les esprits curieux. Il raconte les longues soir\u00e9es d\u2019\u00e9t\u00e9, les peaux chauff\u00e9es par le soleil, les moments simples qui deviennent inoubliables. Un parfum qui ne cherche pas \u00e0 dominer, mais \u00e0 r\u00e9v\u00e9ler.<\/p>\r\n<p data-start=\"1069\" data-end=\"1297\">Cr\u00e9\u00e9 artisanalement en France, Solstice d\u2019\u00c9t\u00e9 incarne une parfumerie sinc\u00e8re, inspir\u00e9e par la nature, le temps qui passe et la beaut\u00e9 des saisons. Une fragrance \u00e0 porter comme une seconde peau, lumineuse et profond\u00e9ment humaine.<\/p>\r\nNotes de t\u00eates :\u00a0<strong>Bigarade, orange am\u00e8re, cedramber, citron Italie.<\/strong>\r\n\r\nNotes de c\u0153ur :\u00a0<strong>Galbanum, cassis, notes vertes.<\/strong>\r\n\r\nNotes de fond :\u00a0<strong>Bois de c\u00e8dre, Mousse de ch\u00eane.<\/strong>","_et_gb_content_width":""},"product_brand":[],"product_cat":[19,18,58],"product_tag":[],"class_list":{"0":"post-3950","1":"product","2":"type-product","3":"status-publish","4":"has-post-thumbnail","6":"product_cat-homme","7":"product_cat-femme","8":"product_cat-parfums","10":"first","11":"instock","12":"taxable","13":"shipping-taxable","14":"purchasable","15":"product-type-simple"},"acf":[],"jetpack_sharing_enabled":true,"_links":{"self":[{"href":"https:\/\/cheyennecarronparfums.com\/de\/wp-json\/wp\/v2\/product\/3950","targetHints":{"allow":["GET"]}}],"collection":[{"href":"https:\/\/cheyennecarronparfums.com\/de\/wp-json\/wp\/v2\/product"}],"about":[{"href":"https:\/\/cheyennecarronparfums.com\/de\/wp-json\/wp\/v2\/types\/product"}],"replies":[{"embeddable":true,"href":"https:\/\/cheyennecarronparfums.com\/de\/wp-json\/wp\/v2\/comments?post=3950"}],"wp:featuredmedia":[{"embeddable":true,"href":"https:\/\/cheyennecarronparfums.com\/de\/wp-json\/wp\/v2\/media\/3935"}],"wp:attachment":[{"href":"https:\/\/cheyennecarronparfums.com\/de\/wp-json\/wp\/v2\/media?parent=3950"}],"wp:term":[{"taxonomy":"product_brand","embeddable":true,"href":"https:\/\/cheyennecarronparfums.com\/de\/wp-json\/wp\/v2\/product_brand?post=3950"},{"taxonomy":"product_cat","embeddable":true,"href":"https:\/\/cheyennecarronparfums.com\/de\/wp-json\/wp\/v2\/product_cat?post=3950"},{"taxonomy":"product_tag","embeddable":true,"href":"https:\/\/cheyennecarronparfums.com\/de\/wp-json\/wp\/v2\/product_tag?post=3950"}],"curies":[{"name":"wp","href":"https:\/\/api.w.org\/{rel}","templated":true}]}}