{"id":3968,"date":"2024-05-06T21:54:58","date_gmt":"2024-05-06T19:54:58","guid":{"rendered":"https:\/\/www.cheyennecarronparfums.com\/?post_type=product&#038;p=3968"},"modified":"2026-01-11T21:21:57","modified_gmt":"2026-01-11T20:21:57","slug":"coffret-solstices","status":"publish","type":"product","link":"https:\/\/cheyennecarronparfums.com\/de\/products\/coffret-solstices\/","title":{"rendered":"Solstitien-Set \u2013 Die Harmonie der Jahreszeiten im Duft"},"content":{"rendered":"<p data-start=\"30\" data-end=\"206\">Pens\u00e9 comme un rituel intime, Solstice d\u2019\u00c9t\u00e9 accompagne les corps libres et les esprits curieux. Il raconte les longues soir\u00e9es d\u2019\u00e9t\u00e9, les peaux chauff\u00e9es par le soleil, les moments simples qui deviennent inoubliables. Un parfum qui ne cherche pas \u00e0 dominer, mais \u00e0 r\u00e9v\u00e9ler. Cr\u00e9\u00e9 artisanalement en France, Solstice d\u2019\u00c9t\u00e9 incarne une parfumerie sinc\u00e8re, inspir\u00e9e par la nature, le temps qui passe et la beaut\u00e9 des saisons. Une fragrance \u00e0 porter comme une seconde peau, lumineuse et profond\u00e9ment humaine.<\/p>\n<p data-start=\"53\" data-end=\"116\">SOLSTICE D&rsquo;HIVER<\/p>\n<p data-start=\"53\" data-end=\"116\">Notes de t\u00eates :\u00a0V\u00e9tiver, Galbanum, musc, balsamique.<\/p>\n<p data-start=\"53\" data-end=\"116\">Notes de c\u0153ur :\u00a0Iris, pin, notes poudr\u00e9es.<\/p>\n<p data-start=\"53\" data-end=\"116\">Notes de fond :\u00a0Bois de c\u00e8dre, balsamique, karmawood, notes bois\u00e9es.<\/p>\n<p data-start=\"53\" data-end=\"116\">SOLSTICE D&rsquo;\u00c9T\u00c9<\/p>\n<p data-start=\"53\" data-end=\"116\">Notes de t\u00eates :\u00a0Bigarade, orange am\u00e8re, cedramber, citron Italie.<\/p>\n<p data-start=\"53\" data-end=\"116\">Notes de c\u0153ur : Galbanum, cassis, notes vertes.<\/p>\n<p data-start=\"53\" data-end=\"116\">Notes de fond : Bois de c\u00e8dre, Mousse de ch\u00eane.<\/p>","protected":false},"excerpt":{"rendered":"<p data-start=\"196\" data-end=\"360\">Le Coffret Solstice est une travers\u00e9e. Un instant suspendu entre lumi\u00e8re et obscurit\u00e9, entre force et douceur, l\u00e0 o\u00f9 les sens s\u2019\u00e9veillent et o\u00f9 l\u2019\u00e2me respire. Inspir\u00e9 par les solstices \u2014 ces moments sacr\u00e9s o\u00f9 la nature bascule \u2014 ce coffret r\u00e9unit des cr\u00e9ations olfactives profondes et vibrantes, pens\u00e9es comme des rituels intimes. Chaque parfum y raconte un cycle, une transformation, une \u00e9motion brute, fid\u00e8le \u00e0 l\u2019ADN de Cheyenne Carron Parfums : libre, instinctif, profond\u00e9ment humain. Les fragrances se d\u00e9ploient sur la peau avec \u00e9l\u00e9gance et caract\u00e8re. Des notes solaires r\u00e9pondent \u00e0 des accords plus sombres, bois\u00e9s ou r\u00e9sineux, dans un \u00e9quilibre subtil. Le Coffret Solstice invite \u00e0 explorer sa propre lumi\u00e8re, \u00e0 accueillir ses contrastes, \u00e0 se reconnecter \u00e0 l\u2019essentiel. Pr\u00e9sent\u00e9 dans un \u00e9crin raffin\u00e9, le Coffret Solstice est une invitation au voyage int\u00e9rieur. Un objet de contemplation autant qu\u2019un plaisir des sens, \u00e0 offrir ou \u00e0 s\u2019offrir, pour c\u00e9l\u00e9brer un passage, une renaissance, ou simplement le luxe d\u2019un instant pour soi.<\/p>\n<p data-start=\"53\" data-end=\"116\">SOLSTICE D&rsquo;HIVER<\/p>\n<p data-start=\"53\" data-end=\"116\">Notes de t\u00eates :\u00a0V\u00e9tiver, Galbanum, musc, balsamique.<\/p>\n<p data-start=\"53\" data-end=\"116\">Notes de c\u0153ur :\u00a0Iris, pin, notes poudr\u00e9es.<\/p>\n<p data-start=\"53\" data-end=\"116\">Notes de fond :\u00a0Bois de c\u00e8dre, balsamique, karmawood, notes bois\u00e9es.<\/p>\n<p data-start=\"53\" data-end=\"116\">SOLSTICE D&rsquo;\u00c9T\u00c9<\/p>\n<p data-start=\"53\" data-end=\"116\">Notes de t\u00eates :\u00a0Bigarade, orange am\u00e8re, cedramber, citron Italie.<\/p>\n<p data-start=\"53\" data-end=\"116\">Notes de c\u0153ur : Galbanum, cassis, notes vertes.<\/p>\n<p data-start=\"53\" data-end=\"116\">Notes de fond : Bois de c\u00e8dre, Mousse de ch\u00eane.<\/p>\n<p data-start=\"196\" data-end=\"360\">","protected":false},"featured_media":3972,"comment_status":"open","ping_status":"closed","template":"","meta":{"_acf_changed":false,"_et_pb_use_builder":"","_et_pb_old_content":"","_et_gb_content_width":""},"product_brand":[],"product_cat":[19,18,58],"product_tag":[],"class_list":{"0":"post-3968","1":"product","2":"type-product","3":"status-publish","4":"has-post-thumbnail","6":"product_cat-homme","7":"product_cat-femme","8":"product_cat-parfums","10":"first","11":"instock","12":"taxable","13":"shipping-taxable","14":"purchasable","15":"product-type-simple"},"acf":[],"jetpack_sharing_enabled":true,"_links":{"self":[{"href":"https:\/\/cheyennecarronparfums.com\/de\/wp-json\/wp\/v2\/product\/3968","targetHints":{"allow":["GET"]}}],"collection":[{"href":"https:\/\/cheyennecarronparfums.com\/de\/wp-json\/wp\/v2\/product"}],"about":[{"href":"https:\/\/cheyennecarronparfums.com\/de\/wp-json\/wp\/v2\/types\/product"}],"replies":[{"embeddable":true,"href":"https:\/\/cheyennecarronparfums.com\/de\/wp-json\/wp\/v2\/comments?post=3968"}],"wp:featuredmedia":[{"embeddable":true,"href":"https:\/\/cheyennecarronparfums.com\/de\/wp-json\/wp\/v2\/media\/3972"}],"wp:attachment":[{"href":"https:\/\/cheyennecarronparfums.com\/de\/wp-json\/wp\/v2\/media?parent=3968"}],"wp:term":[{"taxonomy":"product_brand","embeddable":true,"href":"https:\/\/cheyennecarronparfums.com\/de\/wp-json\/wp\/v2\/product_brand?post=3968"},{"taxonomy":"product_cat","embeddable":true,"href":"https:\/\/cheyennecarronparfums.com\/de\/wp-json\/wp\/v2\/product_cat?post=3968"},{"taxonomy":"product_tag","embeddable":true,"href":"https:\/\/cheyennecarronparfums.com\/de\/wp-json\/wp\/v2\/product_tag?post=3968"}],"curies":[{"name":"wp","href":"https:\/\/api.w.org\/{rel}","templated":true}]}}