{"id":4673,"date":"2025-12-30T21:29:14","date_gmt":"2025-12-30T20:29:14","guid":{"rendered":"https:\/\/cheyennecarronparfums.com\/?post_type=product&#038;p=4673"},"modified":"2026-03-24T17:14:04","modified_gmt":"2026-03-24T16:14:04","slug":"une-femme-francaise","status":"publish","type":"product","link":"https:\/\/cheyennecarronparfums.com\/de\/products\/une-femme-francaise\/","title":{"rendered":"EINE FRANZ\u00d6SISCHE FRAU"},"content":{"rendered":"<p data-start=\"1392\" data-end=\"1440\"><strong data-start=\"1392\" data-end=\"1440\">Une Femme Fran\u00e7aise \u2013 Eau de parfum \u2013 100 ml<\/strong><\/p>\n<p data-start=\"1442\" data-end=\"1577\">Une fragrance d\u00e9licate et envo\u00fbtante, o\u00f9 la fra\u00eecheur des fleurs blanches rencontre la douceur des notes bois\u00e9es et poudr\u00e9es. Une composition \u00e9l\u00e9gante, entre modernit\u00e9 et tradition.<\/p>","protected":false},"excerpt":{"rendered":"<p data-start=\"282\" data-end=\"330\">Ce parfum est une eau de parfum \u00e9l\u00e9gante et florale, m\u00ealant notes fruit\u00e9es, fleurs blanches et fond bois\u00e9. Une fragrance raffin\u00e9e et \u00e9quilibr\u00e9e, id\u00e9ale pour une utilisation quotidienne.<\/p>\n<p data-start=\"100\" data-end=\"282\">Le Parfum \u201cUne Femme Fran\u00e7aise\u201d\u00a0raconte une histoire de sophistication, de confiance et de charme discret. Un parfum qui ne se contente pas de parfumer, mais \u00e9veille les sens et laisse une empreinte inoubliable. Pour celles qui veulent allier modernit\u00e9 et tradition, audace et d\u00e9licatesse, \u201cUne Femme Fran\u00e7aise\u201d est le compagnon parfait de chaque instant.<\/p>\n<p data-start=\"962\" data-end=\"984\"><strong data-start=\"962\" data-end=\"984\">Caract\u00e9ristiques :<\/strong><\/p>\n<ul data-start=\"986\" data-end=\"1103\">\n<li data-start=\"1011\" data-end=\"1034\"><em>Type : Eau de parfum<\/em><\/li>\n<li data-start=\"1011\" data-end=\"1034\"><em>Contenance : 100 ml<\/em><\/li>\n<li data-start=\"1035\" data-end=\"1054\"><em>Genre : F\u00e9minin<\/em><\/li>\n<li data-start=\"1055\" data-end=\"1079\"><em>Fabrication : France<\/em><\/li>\n<li data-start=\"1055\" data-end=\"1079\"><em>Spray<\/em><\/li>\n<\/ul>\n<p data-start=\"30\" data-end=\"44\">Notes de t\u00eate : Bergamote, Poire juteuse<\/p>\n<p data-start=\"30\" data-end=\"44\">Notes de c\u0153ur : Jasmin, Rose, Iris<\/p>\n<p data-start=\"30\" data-end=\"44\">Note de fond : Bois de santal, Vanille, Musc<\/p>","protected":false},"featured_media":4854,"comment_status":"open","ping_status":"closed","template":"","meta":{"_acf_changed":false,"_et_pb_use_builder":"","_et_pb_old_content":"","_et_gb_content_width":""},"product_brand":[],"product_cat":[18,58],"product_tag":[],"class_list":{"0":"post-4673","1":"product","2":"type-product","3":"status-publish","4":"has-post-thumbnail","6":"product_cat-femme","7":"product_cat-parfums","9":"first","10":"instock","11":"taxable","12":"shipping-taxable","13":"purchasable","14":"product-type-simple"},"acf":[],"jetpack_sharing_enabled":true,"_links":{"self":[{"href":"https:\/\/cheyennecarronparfums.com\/de\/wp-json\/wp\/v2\/product\/4673","targetHints":{"allow":["GET"]}}],"collection":[{"href":"https:\/\/cheyennecarronparfums.com\/de\/wp-json\/wp\/v2\/product"}],"about":[{"href":"https:\/\/cheyennecarronparfums.com\/de\/wp-json\/wp\/v2\/types\/product"}],"replies":[{"embeddable":true,"href":"https:\/\/cheyennecarronparfums.com\/de\/wp-json\/wp\/v2\/comments?post=4673"}],"wp:featuredmedia":[{"embeddable":true,"href":"https:\/\/cheyennecarronparfums.com\/de\/wp-json\/wp\/v2\/media\/4854"}],"wp:attachment":[{"href":"https:\/\/cheyennecarronparfums.com\/de\/wp-json\/wp\/v2\/media?parent=4673"}],"wp:term":[{"taxonomy":"product_brand","embeddable":true,"href":"https:\/\/cheyennecarronparfums.com\/de\/wp-json\/wp\/v2\/product_brand?post=4673"},{"taxonomy":"product_cat","embeddable":true,"href":"https:\/\/cheyennecarronparfums.com\/de\/wp-json\/wp\/v2\/product_cat?post=4673"},{"taxonomy":"product_tag","embeddable":true,"href":"https:\/\/cheyennecarronparfums.com\/de\/wp-json\/wp\/v2\/product_tag?post=4673"}],"curies":[{"name":"wp","href":"https:\/\/api.w.org\/{rel}","templated":true}]}}