{"id":4793,"date":"2026-01-19T09:07:26","date_gmt":"2026-01-19T08:07:26","guid":{"rendered":"https:\/\/cheyennecarronparfums.com\/?post_type=product&#038;p=4793"},"modified":"2026-03-24T16:50:24","modified_gmt":"2026-03-24T15:50:24","slug":"a-nos-amours-parfum-demotion-et-de-desir-cheyenne-marie-carron","status":"publish","type":"product","link":"https:\/\/cheyennecarronparfums.com\/de\/products\/a-nos-amours-parfum-demotion-et-de-desir-cheyenne-marie-carron\/","title":{"rendered":"\u00c0 Nos Amours \u2013 Ein Duft voller Emotion und Verlangen | Cheyenne Marie Carron"},"content":{"rendered":"<p data-start=\"639\" data-end=\"678\">\u00c0 Nos Amours \u2013 Eau de parfum \u2013 100 ml<\/p>\n<p data-start=\"680\" data-end=\"920\">Ein Duft ist manchmal alles, was von einer Liebe bleibt,<br data-start=\"733\" data-end=\"736\" \/>eine unsichtbare Spur, die schlafende Erinnerungen weckt.<br data-start=\"792\" data-end=\"795\" \/>Es gen\u00fcgt eine einzige Note, damit sich das Herz vor dem Verstand erinnert.<br data-start=\"861\" data-end=\"864\" \/>Der Duft wird dann zu einer geheimen Sprache zwischen zwei Seelen.<\/p>\n<p data-start=\"114\" data-end=\"418\">","protected":false},"excerpt":{"rendered":"<p><strong data-start=\"127\" data-end=\"143\">\u00c0 Nos Amours<\/strong> ist ein Parfum, das die Liebe feiert.<\/p>\n<p>Ce parfum est une eau de parfum aux notes fra\u00eeches et sensuelles, m\u00ealant agrumes, musc et ambre. Une fragrance \u00e9quilibr\u00e9e, id\u00e9ale pour une utilisation quotidienne.<\/p>\n<p>Die spritzige Frische von rosa Pfeffer und Orange er\u00f6ffnet den Duft mit einer vibrierenden, strahlenden Frische.<br data-start=\"326\" data-end=\"329\" \/>Aquatische Noten vermitteln ein Gef\u00fchl von Freiheit und Reinheit.<br data-start=\"398\" data-end=\"401\" \/>Dann umh\u00fcllen Moschus und Amber die Haut mit einer sinnlichen, wohltuenden W\u00e4rme.<br data-start=\"650\" data-end=\"653\" \/><strong data-start=\"653\" data-end=\"669\">\u00c0 Nos Amours<\/strong>es ist die Essenz von Herzen, die ohne Grenzen lieben.<\/p>\n<p data-start=\"428\" data-end=\"450\"><strong data-start=\"1102\" data-end=\"1124\">Caract\u00e9ristiques :<\/strong><br data-start=\"1124\" data-end=\"1127\" \/><em data-start=\"1127\" data-end=\"1149\">Type : Eau de parfum<\/em><br data-start=\"1149\" data-end=\"1152\" \/><em data-start=\"1152\" data-end=\"1173\">Contenance : 100 ml<\/em><br data-start=\"1173\" data-end=\"1176\" \/><em data-start=\"1176\" data-end=\"1191\">Genre : Mixte<\/em><br data-start=\"1191\" data-end=\"1194\" \/><em data-start=\"1194\" data-end=\"1216\">Fabrication : France<\/em><br data-start=\"1216\" data-end=\"1219\" \/><em data-start=\"1219\" data-end=\"1226\">Spray<\/em><\/p>\n<p data-start=\"173\" data-end=\"214\"><strong data-start=\"173\" data-end=\"192\">Kopfnoten<\/strong><br data-start=\"192\" data-end=\"195\" \/>Rosa Pfeffer, Orange<\/p>\n<p data-start=\"216\" data-end=\"316\"><strong data-start=\"216\" data-end=\"235\">Herznoten<\/strong><br data-start=\"235\" data-end=\"238\" \/>Aquatische Noten, Leichter floraler Akkord<\/p>\n<p data-start=\"318\" data-end=\"351\"><strong data-start=\"318\" data-end=\"337\">Basisnoten<\/strong><br data-start=\"337\" data-end=\"340\" \/>Moschus, Amber, Karmawood<\/p>","protected":false},"featured_media":4853,"comment_status":"open","ping_status":"closed","template":"","meta":{"_acf_changed":false,"_et_pb_use_builder":"off","_et_pb_old_content":"<p data-start=\"114\" data-end=\"418\">Un parfum est parfois tout ce qu\u2019il reste d\u2019un amour,<br data-start=\"167\" data-end=\"170\" \/>une trace invisible qui r\u00e9veille les souvenirs endormis.<br data-start=\"226\" data-end=\"229\" data-is-only-node=\"\" \/>Il suffit d\u2019une note pour que le c\u0153ur se souvienne avant l\u2019esprit.<br data-start=\"295\" data-end=\"298\" \/>L\u2019odeur devient alors un langage secret entre deux \u00e2mes.<br data-start=\"354\" data-end=\"357\" \/>Et dans cette magie, l\u2019amour ne dispara\u00eet jamais vraiment.<\/p>\r\n<p data-start=\"173\" data-end=\"214\"><strong data-start=\"173\" data-end=\"192\">Notes de t\u00eate :<\/strong><br data-start=\"192\" data-end=\"195\" \/>Poivre rose, Orange<\/p>\r\n<p data-start=\"216\" data-end=\"316\"><strong data-start=\"216\" data-end=\"235\">Notes de c\u0153ur :<\/strong><br data-start=\"235\" data-end=\"238\" \/>Notes aquatiques, Accord floral l\u00e9ger (pour arrondir et sublimer la fra\u00eecheur)<\/p>\r\n<p data-start=\"318\" data-end=\"351\"><strong data-start=\"318\" data-end=\"337\">Notes de fond :<\/strong><br data-start=\"337\" data-end=\"340\" \/>Musc, Ambre, Karmawood<\/p>","_et_gb_content_width":""},"product_brand":[],"product_cat":[18,19,58],"product_tag":[],"class_list":{"0":"post-4793","1":"product","2":"type-product","3":"status-publish","4":"has-post-thumbnail","6":"product_cat-femme","7":"product_cat-homme","8":"product_cat-parfums","10":"first","11":"instock","12":"taxable","13":"shipping-taxable","14":"purchasable","15":"product-type-simple"},"acf":[],"jetpack_sharing_enabled":true,"_links":{"self":[{"href":"https:\/\/cheyennecarronparfums.com\/de\/wp-json\/wp\/v2\/product\/4793","targetHints":{"allow":["GET"]}}],"collection":[{"href":"https:\/\/cheyennecarronparfums.com\/de\/wp-json\/wp\/v2\/product"}],"about":[{"href":"https:\/\/cheyennecarronparfums.com\/de\/wp-json\/wp\/v2\/types\/product"}],"replies":[{"embeddable":true,"href":"https:\/\/cheyennecarronparfums.com\/de\/wp-json\/wp\/v2\/comments?post=4793"}],"wp:featuredmedia":[{"embeddable":true,"href":"https:\/\/cheyennecarronparfums.com\/de\/wp-json\/wp\/v2\/media\/4853"}],"wp:attachment":[{"href":"https:\/\/cheyennecarronparfums.com\/de\/wp-json\/wp\/v2\/media?parent=4793"}],"wp:term":[{"taxonomy":"product_brand","embeddable":true,"href":"https:\/\/cheyennecarronparfums.com\/de\/wp-json\/wp\/v2\/product_brand?post=4793"},{"taxonomy":"product_cat","embeddable":true,"href":"https:\/\/cheyennecarronparfums.com\/de\/wp-json\/wp\/v2\/product_cat?post=4793"},{"taxonomy":"product_tag","embeddable":true,"href":"https:\/\/cheyennecarronparfums.com\/de\/wp-json\/wp\/v2\/product_tag?post=4793"}],"curies":[{"name":"wp","href":"https:\/\/api.w.org\/{rel}","templated":true}]}}