{"id":993,"date":"2018-08-28T23:04:29","date_gmt":"2018-08-28T21:04:29","guid":{"rendered":"http:\/\/www.cheyennecarronparfums.com\/?post_type=product&#038;p=993"},"modified":"2026-03-24T18:11:38","modified_gmt":"2026-03-24T17:11:38","slug":"monsieur-legionnaire","status":"publish","type":"product","link":"https:\/\/cheyennecarronparfums.com\/de\/products\/monsieur-legionnaire\/","title":{"rendered":"HERR LEGION\u00c4R"},"content":{"rendered":"<p data-start=\"30\" data-end=\"270\">Monsieur L\u00e9gionnaire associe la noblesse des bois \u00e0 une fra\u00eecheur aquatique discr\u00e8te. Un parfum sobre, rac\u00e9, au sillage myst\u00e9rieux, qui \u00e9voque la force tranquille, la loyaut\u00e9 et l\u2019\u00e9l\u00e9gance d\u2019un homme s\u00fbr de lui.<\/p>\n<p data-start=\"30\" data-end=\"270\">Note de T\u00eate : Ambre, Notes de violette.<\/p>\n<p data-start=\"30\" data-end=\"270\">Note de Coeur : Patchouli, Musc, Note aquatique.<\/p>\n<p data-start=\"30\" data-end=\"270\">Note de Fond : Boisiris, Notes bois\u00e9es, Ambre.<\/p>","protected":false},"excerpt":{"rendered":"<p class=\"p1\"><b>MONSIEUR L\u00c9GIONNAIRE \u2013 Eau de parfum \u2013 100 ml<\/b><b><\/b><\/p>\n<p class=\"p1\">Ce parfum est une eau de parfum bois\u00e9e et aquatique, m\u00ealant notes ambr\u00e9es, musqu\u00e9es et accords frais. Une fragrance \u00e9l\u00e9gante et \u00e9quilibr\u00e9e, id\u00e9ale pour une utilisation quotidienne.<\/p>\n<p class=\"p1\">Monsieur L\u00e9gionnaire est un parfum de retenue et de caract\u00e8re. Les notes bois\u00e9es, franches et rac\u00e9es, se m\u00ealent \u00e0 une fra\u00eecheur aquatique subtile, \u00e9voquant la discipline, le silence et la force tranquille.<\/p>\n<p class=\"p1\">Son sillage, \u00e0 la fois net et myst\u00e9rieux, ne cherche jamais \u00e0 s\u2019imposer : il se r\u00e9v\u00e8le avec \u00e9l\u00e9gance, comme une pr\u00e9sence s\u00fbre d\u2019elle.<\/p>\n<p class=\"p1\">Un parfum d\u2019homme droit, loyal et profond\u00e9ment attach\u00e9 \u2014 un hommage intime \u00e0 cette force discr\u00e8te.<\/p>\n<p class=\"p1\"><b>Caract\u00e9ristiques :<\/b><b><\/b><\/p>\n<ul class=\"ul1\">\n<li class=\"li3\">Type : Eau de parfum<\/li>\n<li class=\"li3\">Contenance : 100 ml<\/li>\n<li class=\"li3\">Genre : Masculin<\/li>\n<li class=\"li3\">Fabrication : France<\/li>\n<li class=\"li3\">Application : Spray<\/li>\n<\/ul>\n<p class=\"p1\"><b>Kopfnoten<\/b><br \/>\nAmbre, notes de violette<\/p>\n<p class=\"p1\"><b>Herznoten<\/b><br \/>\nPatchouli, musc, note aquatique<\/p>\n<p class=\"p1\"><b>Basisnoten<\/b><br \/>\nBoisiris, notes bois\u00e9es, ambre<\/p>","protected":false},"featured_media":4832,"comment_status":"open","ping_status":"closed","template":"","meta":{"_acf_changed":false,"_et_pb_use_builder":"","_et_pb_old_content":"","_et_gb_content_width":""},"product_brand":[],"product_cat":[19,69,58],"product_tag":[],"class_list":{"0":"post-993","1":"product","2":"type-product","3":"status-publish","4":"has-post-thumbnail","6":"product_cat-homme","7":"product_cat-legion","8":"product_cat-parfums","10":"first","11":"instock","12":"taxable","13":"shipping-taxable","14":"purchasable","15":"product-type-variable","16":"has-default-attributes"},"acf":[],"jetpack_sharing_enabled":true,"_links":{"self":[{"href":"https:\/\/cheyennecarronparfums.com\/de\/wp-json\/wp\/v2\/product\/993","targetHints":{"allow":["GET"]}}],"collection":[{"href":"https:\/\/cheyennecarronparfums.com\/de\/wp-json\/wp\/v2\/product"}],"about":[{"href":"https:\/\/cheyennecarronparfums.com\/de\/wp-json\/wp\/v2\/types\/product"}],"replies":[{"embeddable":true,"href":"https:\/\/cheyennecarronparfums.com\/de\/wp-json\/wp\/v2\/comments?post=993"}],"wp:featuredmedia":[{"embeddable":true,"href":"https:\/\/cheyennecarronparfums.com\/de\/wp-json\/wp\/v2\/media\/4832"}],"wp:attachment":[{"href":"https:\/\/cheyennecarronparfums.com\/de\/wp-json\/wp\/v2\/media?parent=993"}],"wp:term":[{"taxonomy":"product_brand","embeddable":true,"href":"https:\/\/cheyennecarronparfums.com\/de\/wp-json\/wp\/v2\/product_brand?post=993"},{"taxonomy":"product_cat","embeddable":true,"href":"https:\/\/cheyennecarronparfums.com\/de\/wp-json\/wp\/v2\/product_cat?post=993"},{"taxonomy":"product_tag","embeddable":true,"href":"https:\/\/cheyennecarronparfums.com\/de\/wp-json\/wp\/v2\/product_tag?post=993"}],"curies":[{"name":"wp","href":"https:\/\/api.w.org\/{rel}","templated":true}]}}