{"id":4985,"date":"2026-03-09T16:01:05","date_gmt":"2026-03-09T15:01:05","guid":{"rendered":"https:\/\/cheyennecarronparfums.com\/?page_id=4985"},"modified":"2026-03-09T16:02:43","modified_gmt":"2026-03-09T15:02:43","slug":"politique-de-livraison","status":"publish","type":"page","link":"https:\/\/cheyennecarronparfums.com\/en\/politique-de-livraison\/","title":{"rendered":"Politique de livraison"},"content":{"rendered":"<p>[et_pb_section fb_built=\u00a0\u00bb1&Prime; theme_builder_area=\u00a0\u00bbpost_content\u00a0\u00bb _builder_version=\u00a0\u00bb4.27.6&Prime; _module_preset=\u00a0\u00bbdefault\u00a0\u00bb][et_pb_row _builder_version=\u00a0\u00bb4.27.6&Prime; _module_preset=\u00a0\u00bbdefault\u00a0\u00bb theme_builder_area=\u00a0\u00bbpost_content\u00a0\u00bb][et_pb_column _builder_version=\u00a0\u00bb4.27.6&Prime; _module_preset=\u00a0\u00bbdefault\u00a0\u00bb type=\u00a0\u00bb4_4&Prime; theme_builder_area=\u00a0\u00bbpost_content\u00a0\u00bb][et_pb_text _builder_version=\u00a0\u00bb4.27.6&Prime; _module_preset=\u00a0\u00bbdefault\u00a0\u00bb theme_builder_area=\u00a0\u00bbpost_content\u00a0\u00bb text_orientation=\u00a0\u00bbjustified\u00a0\u00bb text_font_size=\u00a0\u00bb20px\u00a0\u00bb text_line_height=\u00a0\u00bb1.5em\u00a0\u00bb hover_enabled=\u00a0\u00bb0&Prime; sticky_enabled=\u00a0\u00bb0&Prime;]<\/p>\n<h1><span>Politique de livraison<\/span><\/h1>\n<p><span><\/span><\/p>\n<p><span>Les commandes sont pr\u00e9par\u00e9es et exp\u00e9di\u00e9es dans les meilleurs d\u00e9lais apr\u00e8s validation du paiement.<\/span><br \/><span>Les produits sont g\u00e9n\u00e9ralement exp\u00e9di\u00e9s sous 2 \u00e0 5 jours ouvr\u00e9s.<\/span><br \/><span>La livraison est effectu\u00e9e \u00e0 l\u2019adresse indiqu\u00e9e par le client lors de la commande. Il est de la responsabilit\u00e9 du client de v\u00e9rifier l\u2019exactitude des informations fournies.<\/span><br \/><span>Les d\u00e9lais de livraison peuvent varier selon la destination et le transporteur utilis\u00e9.<\/span><br \/><span>Les frais de livraison sont indiqu\u00e9s lors de la validation de la commande avant le paiement.<\/span><br \/><span>Une fois la commande exp\u00e9di\u00e9e, un e-mail de confirmation peut \u00eatre envoy\u00e9 avec les informations de suivi lorsque celles-ci sont disponibles.<\/span><br \/><span>En cas de probl\u00e8me de livraison ou de colis endommag\u00e9, nous vous invitons \u00e0 nous contacter rapidement afin que nous puissions vous aider \u00e0 trouver une solution.<\/span><\/p>\n<p>[\/et_pb_text][\/et_pb_column][\/et_pb_row][\/et_pb_section]<\/p>\n","protected":false},"excerpt":{"rendered":"<p>Politique de livraison Les commandes sont pr\u00e9par\u00e9es et exp\u00e9di\u00e9es dans les meilleurs d\u00e9lais apr\u00e8s validation du paiement.Les produits sont g\u00e9n\u00e9ralement exp\u00e9di\u00e9s sous 2 \u00e0 5 jours ouvr\u00e9s.La livraison est effectu\u00e9e \u00e0 l\u2019adresse indiqu\u00e9e par le client lors de la commande. Il est de la responsabilit\u00e9 du client de v\u00e9rifier l\u2019exactitude des informations fournies.Les d\u00e9lais de [&hellip;]<\/p>\n","protected":false},"author":96,"featured_media":0,"parent":0,"menu_order":0,"comment_status":"closed","ping_status":"closed","template":"","meta":{"_acf_changed":false,"_et_pb_use_builder":"on","_et_pb_old_content":"","_et_gb_content_width":"","footnotes":""},"class_list":["post-4985","page","type-page","status-publish","hentry"],"acf":[],"jetpack_sharing_enabled":true,"_links":{"self":[{"href":"https:\/\/cheyennecarronparfums.com\/en\/wp-json\/wp\/v2\/pages\/4985","targetHints":{"allow":["GET"]}}],"collection":[{"href":"https:\/\/cheyennecarronparfums.com\/en\/wp-json\/wp\/v2\/pages"}],"about":[{"href":"https:\/\/cheyennecarronparfums.com\/en\/wp-json\/wp\/v2\/types\/page"}],"author":[{"embeddable":true,"href":"https:\/\/cheyennecarronparfums.com\/en\/wp-json\/wp\/v2\/users\/96"}],"replies":[{"embeddable":true,"href":"https:\/\/cheyennecarronparfums.com\/en\/wp-json\/wp\/v2\/comments?post=4985"}],"version-history":[{"count":3,"href":"https:\/\/cheyennecarronparfums.com\/en\/wp-json\/wp\/v2\/pages\/4985\/revisions"}],"predecessor-version":[{"id":4989,"href":"https:\/\/cheyennecarronparfums.com\/en\/wp-json\/wp\/v2\/pages\/4985\/revisions\/4989"}],"wp:attachment":[{"href":"https:\/\/cheyennecarronparfums.com\/en\/wp-json\/wp\/v2\/media?parent=4985"}],"curies":[{"name":"wp","href":"https:\/\/api.w.org\/{rel}","templated":true}]}}