{"id":106,"date":"2018-01-13T00:45:49","date_gmt":"2018-01-12T23:45:49","guid":{"rendered":"http:\/\/www.cheyennecarronparfums.com\/?post_type=product&#038;p=106"},"modified":"2026-03-24T17:25:48","modified_gmt":"2026-03-24T16:25:48","slug":"soleil-paien","status":"publish","type":"product","link":"https:\/\/cheyennecarronparfums.com\/en\/products\/soleil-paien\/","title":{"rendered":"PAGAN SUN"},"content":{"rendered":"<div class=\"flex flex-col text-sm pb-25\">\n<article class=\"text-token-text-primary w-full focus:outline-none [--shadow-height:45px] has-data-writing-block:pointer-events-none has-data-writing-block:-mt-(--shadow-height) has-data-writing-block:pt-(--shadow-height) [&amp;:has([data-writing-block])&gt;*]:pointer-events-auto scroll-mt-[calc(var(--header-height)+min(200px,max(70px,20svh)))]\" dir=\"auto\" tabindex=\"-1\" data-turn-id=\"request-WEB:465f5481-4cc0-4037-90e3-2fcc7be9cd53-216\" data-testid=\"conversation-turn-434\" data-scroll-anchor=\"true\" data-turn=\"assistant\">\n<div class=\"text-base my-auto mx-auto pb-10 [--thread-content-margin:--spacing(4)] @w-sm\/main:[--thread-content-margin:--spacing(6)] @w-lg\/main:[--thread-content-margin:--spacing(16)] px-(--thread-content-margin)\">\n<div class=\"[--thread-content-max-width:40rem] @w-lg\/main:[--thread-content-max-width:48rem] mx-auto max-w-(--thread-content-max-width) flex-1 group\/turn-messages focus-visible:outline-hidden relative flex w-full min-w-0 flex-col agent-turn\" tabindex=\"-1\">\n<div class=\"flex max-w-full flex-col grow\">\n<div class=\"min-h-8 text-message relative flex w-full flex-col items-end gap-2 text-start break-words whitespace-normal [.text-message+&amp;]:mt-1\" dir=\"auto\" data-message-author-role=\"assistant\" data-message-id=\"cb3a4254-7493-4940-b63a-3ed4b3852ee3\" data-message-model-slug=\"gpt-5-2\">\n<div class=\"flex w-full flex-col gap-1 empty:hidden first:pt-[1px]\">\n<div class=\"markdown prose dark:prose-invert w-full break-words light markdown-new-styling\">\n<p data-start=\"30\" data-end=\"58\"><strong data-start=\"193\" data-end=\"242\">SOLEIL PA\u00cfEN \u2013 Eau de parfum\u00a0<\/strong><\/p>\n<\/div>\n<\/div>\n<\/div>\n<\/div>\n<div class=\"mt-3 w-full empty:hidden\">\n<div class=\"text-center\">\n<div class=\"flex max-w-full flex-col grow\">\n<div class=\"min-h-8 text-message relative flex w-full flex-col items-end gap-2 text-start break-words whitespace-normal [.text-message+&amp;]:mt-1\" dir=\"auto\" data-message-author-role=\"user\" data-message-id=\"97c42fd9-c89a-4723-95ac-a86349aaa5b7\">\n<div class=\"flex w-full flex-col gap-1 empty:hidden items-end rtl:items-start\">\n<div class=\"user-message-bubble-color corner-superellipse\/1.1 relative rounded-[18px] px-4 py-1.5 data-[multiline]:py-3 max-w-[var(--user-chat-width,70%)]\" data-multiline=\"\">\n<div class=\"whitespace-pre-wrap\">\n<p data-start=\"244\" data-end=\"435\">Ce parfum est une eau de parfum solaire et sensuelle, m\u00ealant fleurs blanches, notes hesp\u00e9rid\u00e9es et fond ambr\u00e9. Une fragrance lumineuse et chaleureuse, id\u00e9ale pour une utilisation quotidienne.<\/p>\n<\/div>\n<\/div>\n<\/div>\n<\/div>\n<\/div>\n<div class=\"z-0 flex justify-end\"><\/div>\n<\/div>\n<\/div>\n<\/div>\n<\/div>\n<\/article>\n<\/div>\n<div class=\"pointer-events-none h-px w-px absolute bottom-0\" aria-hidden=\"true\" data-edge=\"true\"><\/div>\n","protected":false},"excerpt":{"rendered":"<article class=\"text-token-text-primary w-full focus:outline-none [--shadow-height:45px] has-data-writing-block:pointer-events-none has-data-writing-block:-mt-(--shadow-height) has-data-writing-block:pt-(--shadow-height) [&amp;:has([data-writing-block])&gt;*]:pointer-events-auto scroll-mt-(--header-height)\" dir=\"auto\" tabindex=\"-1\" data-turn-id=\"97c42fd9-c89a-4723-95ac-a86349aaa5b7\" data-testid=\"conversation-turn-439\" data-scroll-anchor=\"false\" data-turn=\"user\">\n<div class=\"text-base my-auto mx-auto pt-12 [--thread-content-margin:--spacing(4)] @w-sm\/main:[--thread-content-margin:--spacing(6)] @w-lg\/main:[--thread-content-margin:--spacing(16)] px-(--thread-content-margin)\">\n<div class=\"[--thread-content-max-width:40rem] @w-lg\/main:[--thread-content-max-width:48rem] mx-auto max-w-(--thread-content-max-width) flex-1 group\/turn-messages focus-visible:outline-hidden relative flex w-full min-w-0 flex-col\" tabindex=\"-1\">\n<div class=\"flex max-w-full flex-col grow\">\n<div class=\"min-h-8 text-message relative flex w-full flex-col items-end gap-2 text-start break-words whitespace-normal [.text-message+&amp;]:mt-1\" dir=\"auto\" data-message-author-role=\"user\" data-message-id=\"97c42fd9-c89a-4723-95ac-a86349aaa5b7\">\n<div class=\"flex w-full flex-col gap-1 empty:hidden items-end rtl:items-start\">\n<div class=\"user-message-bubble-color corner-superellipse\/1.1 relative rounded-[18px] px-4 py-1.5 data-[multiline]:py-3 max-w-[var(--user-chat-width,70%)]\" data-multiline=\"\">\n<div class=\"whitespace-pre-wrap\">\n<p data-start=\"30\" data-end=\"58\">PARFUM : Soleil Pa\u00efen<\/p>\n<p data-start=\"577\" data-end=\"783\">Un parfum cr\u00e9\u00e9 en hommage au soleil. La fragrance s\u2019ouvre sur des notes florales de jasmin et d\u2019ylang-ylang. Rapidement, un c\u0153ur solaire dense occupe le devant de la sc\u00e8ne, domin\u00e9 par des notes hesp\u00e9rid\u00e9es. Cette dimension fruit\u00e9e est relev\u00e9e par une pr\u00e9sence ambr\u00e9e et d\u2019orange, apportant du caract\u00e8re et de la po\u00e9sie \u00e0 l\u2019ensemble, sur un fond bois\u00e9 et chaud, presque min\u00e9ral.<\/p>\n<p data-start=\"899\" data-end=\"921\"><strong data-start=\"899\" data-end=\"921\">Caract\u00e9ristiques :<\/strong><\/p>\n<ul data-start=\"923\" data-end=\"1046\">\n<li data-start=\"923\" data-end=\"947\">Type : Eau de parfum<\/li>\n<li data-start=\"948\" data-end=\"979\">Contenance : 100 ml \/ 50 ml<\/li>\n<li data-start=\"980\" data-end=\"997\">Genre : Mixte<\/li>\n<li data-start=\"998\" data-end=\"1022\">Fabrication : France<\/li>\n<li data-start=\"1023\" data-end=\"1046\">Application : Spray<\/li>\n<\/ul>\n<p data-start=\"30\" data-end=\"58\">Note de T\u00eate : Jasmin, Ylang-Ylang, Frangipanier<\/p>\n<p data-start=\"30\" data-end=\"58\">Note de Coeur : Notes Solaires, Feuille figuier<\/p>\n<p data-start=\"30\" data-end=\"58\">Note de Fond : Myrrhe, Musc, Orange d&rsquo;Italie<\/p>\n<\/div>\n<\/div>\n<\/div>\n<\/div>\n<\/div>\n<div class=\"z-0 flex justify-end\"><\/div>\n<\/div>\n<\/div>\n<\/article>\n<article class=\"text-token-text-primary w-full focus:outline-none [--shadow-height:45px] has-data-writing-block:pointer-events-none has-data-writing-block:-mt-(--shadow-height) has-data-writing-block:pt-(--shadow-height) [&amp;:has([data-writing-block])&gt;*]:pointer-events-auto [content-visibility:auto] supports-[content-visibility:auto]:[contain-intrinsic-size:auto_100lvh] scroll-mt-[calc(var(--header-height)+min(200px,max(70px,20svh)))]\" dir=\"auto\" tabindex=\"-1\" data-turn-id=\"request-WEB:465f5481-4cc0-4037-90e3-2fcc7be9cd53-219\" data-testid=\"conversation-turn-440\" data-scroll-anchor=\"false\" data-turn=\"assistant\"><\/article>\n","protected":false},"featured_media":4843,"comment_status":"open","ping_status":"closed","template":"","meta":{"_acf_changed":false,"_et_pb_use_builder":"","_et_pb_old_content":"","_et_gb_content_width":""},"product_brand":[],"product_cat":[18,19,58],"product_tag":[],"class_list":{"0":"post-106","1":"product","2":"type-product","3":"status-publish","4":"has-post-thumbnail","6":"product_cat-femme","7":"product_cat-homme","8":"product_cat-parfums","9":"product_shipping_class-bij","11":"first","12":"instock","13":"taxable","14":"shipping-taxable","15":"purchasable","16":"product-type-variable","17":"has-default-attributes"},"acf":[],"jetpack_sharing_enabled":true,"_links":{"self":[{"href":"https:\/\/cheyennecarronparfums.com\/en\/wp-json\/wp\/v2\/product\/106","targetHints":{"allow":["GET"]}}],"collection":[{"href":"https:\/\/cheyennecarronparfums.com\/en\/wp-json\/wp\/v2\/product"}],"about":[{"href":"https:\/\/cheyennecarronparfums.com\/en\/wp-json\/wp\/v2\/types\/product"}],"replies":[{"embeddable":true,"href":"https:\/\/cheyennecarronparfums.com\/en\/wp-json\/wp\/v2\/comments?post=106"}],"wp:featuredmedia":[{"embeddable":true,"href":"https:\/\/cheyennecarronparfums.com\/en\/wp-json\/wp\/v2\/media\/4843"}],"wp:attachment":[{"href":"https:\/\/cheyennecarronparfums.com\/en\/wp-json\/wp\/v2\/media?parent=106"}],"wp:term":[{"taxonomy":"product_brand","embeddable":true,"href":"https:\/\/cheyennecarronparfums.com\/en\/wp-json\/wp\/v2\/product_brand?post=106"},{"taxonomy":"product_cat","embeddable":true,"href":"https:\/\/cheyennecarronparfums.com\/en\/wp-json\/wp\/v2\/product_cat?post=106"},{"taxonomy":"product_tag","embeddable":true,"href":"https:\/\/cheyennecarronparfums.com\/en\/wp-json\/wp\/v2\/product_tag?post=106"}],"curies":[{"name":"wp","href":"https:\/\/api.w.org\/{rel}","templated":true}]}}