{"id":2248,"date":"2020-08-19T19:42:53","date_gmt":"2020-08-19T17:42:53","guid":{"rendered":"https:\/\/www.cheyennecarronparfums.com\/?post_type=product&#038;p=2248"},"modified":"2025-10-15T13:55:06","modified_gmt":"2025-10-15T11:55:06","slug":"le-gout-de-lenfance","status":"publish","type":"product","link":"https:\/\/cheyennecarronparfums.com\/en\/products\/le-gout-de-lenfance\/","title":{"rendered":"Le go\u00fbt de l&rsquo;enfance"},"content":{"rendered":"<p>J\u2019ai voulu cr\u00e9er une bougie qui rappelle l\u2019enfance, la douceur et la gourmandise. Cette bougie, c\u2019est le souvenir de mon enfance dans la Dr\u00f4me et l\u2019Ard\u00e8che, o\u00f9 ma grand-m\u00e8re faisait des tartes aux prunes exquises qui embaumaient dans toute la ferme.<\/p>\n<p>Cette odeur me rappelle les vacances, les cousinades et finalement l\u2019insouciance d\u2019une enfance heureuse.<\/p>\n<p>Parfum\u00a0: Prune, mirabelle, biscuit, vanille.<\/p>\n<p>Ingr\u00e9dients\u00a0: Cire de soja, cire d\u2019abeilles blanche, beurre de coco, parfums.<\/p>\n<p>Sans CMR, sans phtalate<\/p>\n<p>Dur\u00e9e : 45h<\/p>\n<p>Fait en France<\/p>","protected":false},"excerpt":{"rendered":"<p>J\u2019ai voulu cr\u00e9er une bougie qui rappelle l\u2019enfance, la douceur et la gourmandise. Cette bougie, c\u2019est le souvenir de mon enfance dans la Dr\u00f4me et l\u2019Ard\u00e8che, o\u00f9 ma grand-m\u00e8re faisait des tartes aux prunes exquises qui embaumaient dans toute la ferme.<\/p>\n<p>Cette odeur me rappelle les vacances, les cousinades et finalement l\u2019insouciance d\u2019une enfance heureuse.<\/p>","protected":false},"featured_media":2249,"comment_status":"open","ping_status":"closed","template":"","meta":{"_acf_changed":false,"_et_pb_use_builder":"","_et_pb_old_content":"","_et_gb_content_width":""},"product_brand":[],"product_cat":[53],"product_tag":[],"class_list":{"0":"post-2248","1":"product","2":"type-product","3":"status-publish","4":"has-post-thumbnail","6":"product_cat-bougies","8":"first","9":"instock","10":"taxable","11":"shipping-taxable","12":"purchasable","13":"product-type-simple"},"acf":[],"jetpack_sharing_enabled":true,"_links":{"self":[{"href":"https:\/\/cheyennecarronparfums.com\/en\/wp-json\/wp\/v2\/product\/2248","targetHints":{"allow":["GET"]}}],"collection":[{"href":"https:\/\/cheyennecarronparfums.com\/en\/wp-json\/wp\/v2\/product"}],"about":[{"href":"https:\/\/cheyennecarronparfums.com\/en\/wp-json\/wp\/v2\/types\/product"}],"replies":[{"embeddable":true,"href":"https:\/\/cheyennecarronparfums.com\/en\/wp-json\/wp\/v2\/comments?post=2248"}],"wp:featuredmedia":[{"embeddable":true,"href":"https:\/\/cheyennecarronparfums.com\/en\/wp-json\/wp\/v2\/media\/2249"}],"wp:attachment":[{"href":"https:\/\/cheyennecarronparfums.com\/en\/wp-json\/wp\/v2\/media?parent=2248"}],"wp:term":[{"taxonomy":"product_brand","embeddable":true,"href":"https:\/\/cheyennecarronparfums.com\/en\/wp-json\/wp\/v2\/product_brand?post=2248"},{"taxonomy":"product_cat","embeddable":true,"href":"https:\/\/cheyennecarronparfums.com\/en\/wp-json\/wp\/v2\/product_cat?post=2248"},{"taxonomy":"product_tag","embeddable":true,"href":"https:\/\/cheyennecarronparfums.com\/en\/wp-json\/wp\/v2\/product_tag?post=2248"}],"curies":[{"name":"wp","href":"https:\/\/api.w.org\/{rel}","templated":true}]}}