{"id":2330,"date":"2020-08-19T19:52:02","date_gmt":"2020-08-19T17:52:02","guid":{"rendered":"https:\/\/www.cheyennecarronparfums.com\/?post_type=product&#038;p=2330"},"modified":"2025-10-15T13:55:06","modified_gmt":"2025-10-15T11:55:06","slug":"lofficier","status":"publish","type":"product","link":"https:\/\/cheyennecarronparfums.com\/en\/products\/lofficier\/","title":{"rendered":"L&rsquo;officier"},"content":{"rendered":"<p>\u00ab Aux officiers de demain, dites que, s&rsquo;ils ont plac\u00e9 leur id\u00e9al dans une carri\u00e8re de guerres et d&rsquo;aventures, ce n&rsquo;est pas chez nous qu&rsquo;il faut poursuivre ; ils ne l&rsquo;y trouveront plus : arrachez-leur cette illusion avant les d\u00e9ceptions tardives. Mais donnez-leur cette conception f\u00e9conde du r\u00f4le moderne de l&rsquo;officier devenu l&rsquo;\u00e9ducateur de la nation enti\u00e8re. \u00bb<\/p>\n<p>Ainsi s&rsquo;exprime Lyautey dans le c\u00e9l\u00e8bre article paru en 1891 dans la Revue des Deux Mondes.<\/p>\n<p>Mar\u00e9chal Lyautey \u2013 Le r\u00f4le social de L\u2019Officier<\/p>\n<p>Parfum : Cuir \u2013 Iris \u2013 Ambre<\/p>\n<p>Ingr\u00e9dients : Cire de soja, cire d\u2019abeilles blanche, beurre de coco, parfums.<\/p>\n<p>Sans CMR, sans phtalate<\/p>\n<p>Dur\u00e9e : 45h<\/p>\n<p>Fait en France<\/p>","protected":false},"excerpt":{"rendered":"<p>\u00ab Aux officiers de demain, dites que, s&rsquo;ils ont plac\u00e9 leur id\u00e9al dans une carri\u00e8re de guerres et d&rsquo;aventures, ce n&rsquo;est pas chez nous qu&rsquo;il faut poursuivre ; ils ne l&rsquo;y trouveront plus : arrachez-leur cette illusion avant les d\u00e9ceptions tardives. Mais donnez-leur cette conception f\u00e9conde du r\u00f4le moderne de l&rsquo;officier devenu l&rsquo;\u00e9ducateur de la nation enti\u00e8re. \u00bb<\/p>\n<p>Ainsi s&rsquo;exprime Lyautey dans le c\u00e9l\u00e8bre article paru en 1891 dans la Revue des Deux Mondes.<\/p>\n<p>Mar\u00e9chal Lyautey \u2013 Le r\u00f4le social de L\u2019Officier<\/p>","protected":false},"featured_media":2331,"comment_status":"open","ping_status":"closed","template":"","meta":{"_acf_changed":false,"_et_pb_use_builder":"","_et_pb_old_content":"","_et_gb_content_width":""},"product_brand":[],"product_cat":[53],"product_tag":[],"class_list":{"0":"post-2330","1":"product","2":"type-product","3":"status-publish","4":"has-post-thumbnail","6":"product_cat-bougies","8":"first","9":"instock","10":"taxable","11":"shipping-taxable","12":"purchasable","13":"product-type-simple"},"acf":[],"jetpack_sharing_enabled":true,"_links":{"self":[{"href":"https:\/\/cheyennecarronparfums.com\/en\/wp-json\/wp\/v2\/product\/2330","targetHints":{"allow":["GET"]}}],"collection":[{"href":"https:\/\/cheyennecarronparfums.com\/en\/wp-json\/wp\/v2\/product"}],"about":[{"href":"https:\/\/cheyennecarronparfums.com\/en\/wp-json\/wp\/v2\/types\/product"}],"replies":[{"embeddable":true,"href":"https:\/\/cheyennecarronparfums.com\/en\/wp-json\/wp\/v2\/comments?post=2330"}],"wp:featuredmedia":[{"embeddable":true,"href":"https:\/\/cheyennecarronparfums.com\/en\/wp-json\/wp\/v2\/media\/2331"}],"wp:attachment":[{"href":"https:\/\/cheyennecarronparfums.com\/en\/wp-json\/wp\/v2\/media?parent=2330"}],"wp:term":[{"taxonomy":"product_brand","embeddable":true,"href":"https:\/\/cheyennecarronparfums.com\/en\/wp-json\/wp\/v2\/product_brand?post=2330"},{"taxonomy":"product_cat","embeddable":true,"href":"https:\/\/cheyennecarronparfums.com\/en\/wp-json\/wp\/v2\/product_cat?post=2330"},{"taxonomy":"product_tag","embeddable":true,"href":"https:\/\/cheyennecarronparfums.com\/en\/wp-json\/wp\/v2\/product_tag?post=2330"}],"curies":[{"name":"wp","href":"https:\/\/api.w.org\/{rel}","templated":true}]}}