{"id":2436,"date":"2020-09-04T15:48:27","date_gmt":"2020-09-04T13:48:27","guid":{"rendered":"https:\/\/www.cheyennecarronparfums.com\/?post_type=product&#038;p=2436"},"modified":"2025-10-15T13:55:06","modified_gmt":"2025-10-15T11:55:06","slug":"athena","status":"publish","type":"product","link":"https:\/\/cheyennecarronparfums.com\/en\/products\/athena\/","title":{"rendered":"Athena"},"content":{"rendered":"<p>Orn\u00e9es de d\u00e9licates fleurs stabilis\u00e9es, les boucles d\u2019oreilles ATHENA donneront une touche po\u00e9tique \u00e0 votre allure.<\/p>\n<ul>\n<li>Composition : fleurs stabilis\u00e9es, titane m\u00e9dical argent\u00e9 (utilis\u00e9 pour les implants chirurgicaux, sans danger pour la sant\u00e9).<\/li>\n<li>Taille : 8cm (ou 6cm, 5cm, 4cm sur demande)<\/li>\n<li>Dur\u00e9e de conservation : les fleurs qui composent ces boucles d\u2019oreilles sont \u00e9ternelles.<\/li>\n<li>Conseils de conservation : pr\u00e9server du soleil, de la chaleur et de l\u2019humidit\u00e9.<\/li>\n<li>Livraison : 5 jours \u00e0 compter de la commande.<\/li>\n<\/ul>","protected":false},"excerpt":{"rendered":"<p>Orn\u00e9es de d\u00e9licates fleurs stabilis\u00e9es, les boucles d\u2019oreilles ATHENA donneront une touche po\u00e9tique \u00e0 votre allure. Composition : fleurs stabilis\u00e9es, titane m\u00e9dical argent\u00e9 (utilis\u00e9 pour les implants chirurgicaux, sans danger pour la sant\u00e9). Taille : 8cm (ou 6cm, 5cm, 4cm sur demande) Dur\u00e9e de conservation : les fleurs qui composent ces boucles d\u2019oreilles sont \u00e9ternelles. [&hellip;]<\/p>\n","protected":false},"featured_media":2720,"comment_status":"open","ping_status":"closed","template":"","meta":{"_acf_changed":false,"_et_pb_use_builder":"","_et_pb_old_content":"","_et_gb_content_width":""},"product_brand":[],"product_cat":[54],"product_tag":[],"class_list":{"0":"post-2436","1":"product","2":"type-product","3":"status-publish","4":"has-post-thumbnail","6":"product_cat-bijoux","7":"product_shipping_class-bijgro","9":"first","10":"instock","11":"taxable","12":"shipping-taxable","13":"purchasable","14":"product-type-simple"},"acf":[],"jetpack_sharing_enabled":true,"_links":{"self":[{"href":"https:\/\/cheyennecarronparfums.com\/en\/wp-json\/wp\/v2\/product\/2436","targetHints":{"allow":["GET"]}}],"collection":[{"href":"https:\/\/cheyennecarronparfums.com\/en\/wp-json\/wp\/v2\/product"}],"about":[{"href":"https:\/\/cheyennecarronparfums.com\/en\/wp-json\/wp\/v2\/types\/product"}],"replies":[{"embeddable":true,"href":"https:\/\/cheyennecarronparfums.com\/en\/wp-json\/wp\/v2\/comments?post=2436"}],"wp:featuredmedia":[{"embeddable":true,"href":"https:\/\/cheyennecarronparfums.com\/en\/wp-json\/wp\/v2\/media\/2720"}],"wp:attachment":[{"href":"https:\/\/cheyennecarronparfums.com\/en\/wp-json\/wp\/v2\/media?parent=2436"}],"wp:term":[{"taxonomy":"product_brand","embeddable":true,"href":"https:\/\/cheyennecarronparfums.com\/en\/wp-json\/wp\/v2\/product_brand?post=2436"},{"taxonomy":"product_cat","embeddable":true,"href":"https:\/\/cheyennecarronparfums.com\/en\/wp-json\/wp\/v2\/product_cat?post=2436"},{"taxonomy":"product_tag","embeddable":true,"href":"https:\/\/cheyennecarronparfums.com\/en\/wp-json\/wp\/v2\/product_tag?post=2436"}],"curies":[{"name":"wp","href":"https:\/\/api.w.org\/{rel}","templated":true}]}}