{"id":2806,"date":"2020-10-02T13:13:07","date_gmt":"2020-10-02T11:13:07","guid":{"rendered":"https:\/\/www.cheyennecarronparfums.com\/?post_type=product&#038;p=2806"},"modified":"2025-10-15T13:55:05","modified_gmt":"2025-10-15T11:55:05","slug":"stella","status":"publish","type":"product","link":"https:\/\/cheyennecarronparfums.com\/en\/products\/stella\/","title":{"rendered":"Stella"},"content":{"rendered":"<p>Orn\u00e9es de d\u00e9licates fleurs stabilis\u00e9es, les boucles d\u2019oreilles STELLA donneront une touche po\u00e9tique \u00e0 votre allure.<\/p>\n<ul>\n<li>Composition : fleurs stabilis\u00e9es, anneaux plaqu\u00e9s or (24K)<\/li>\n<li>Taille : 5cm (possibilit\u00e9 clips sur demande)<\/li>\n<li>Dur\u00e9e de conservation : les fleurs qui composent ces boucles d\u2019oreilles sont \u00e9ternelles.<\/li>\n<li>Conseils de conservation : pr\u00e9server du soleil, de la chaleur et de l\u2019humidit\u00e9.<\/li>\n<li>Livraison : 5 jours \u00e0 compter de la commande.<\/li>\n<\/ul>","protected":false},"excerpt":{"rendered":"<p>Orn\u00e9es de d\u00e9licates fleurs stabilis\u00e9es, les boucles d\u2019oreilles STELLA donneront une touche po\u00e9tique \u00e0 votre allure.<\/p>","protected":false},"featured_media":2807,"comment_status":"open","ping_status":"closed","template":"","meta":{"_acf_changed":false,"_et_pb_use_builder":"","_et_pb_old_content":"","_et_gb_content_width":""},"product_brand":[],"product_cat":[54],"product_tag":[],"class_list":{"0":"post-2806","1":"product","2":"type-product","3":"status-publish","4":"has-post-thumbnail","6":"product_cat-bijoux","7":"product_shipping_class-bij","9":"first","10":"instock","11":"taxable","12":"shipping-taxable","13":"purchasable","14":"product-type-simple"},"acf":[],"jetpack_sharing_enabled":true,"_links":{"self":[{"href":"https:\/\/cheyennecarronparfums.com\/en\/wp-json\/wp\/v2\/product\/2806","targetHints":{"allow":["GET"]}}],"collection":[{"href":"https:\/\/cheyennecarronparfums.com\/en\/wp-json\/wp\/v2\/product"}],"about":[{"href":"https:\/\/cheyennecarronparfums.com\/en\/wp-json\/wp\/v2\/types\/product"}],"replies":[{"embeddable":true,"href":"https:\/\/cheyennecarronparfums.com\/en\/wp-json\/wp\/v2\/comments?post=2806"}],"wp:featuredmedia":[{"embeddable":true,"href":"https:\/\/cheyennecarronparfums.com\/en\/wp-json\/wp\/v2\/media\/2807"}],"wp:attachment":[{"href":"https:\/\/cheyennecarronparfums.com\/en\/wp-json\/wp\/v2\/media?parent=2806"}],"wp:term":[{"taxonomy":"product_brand","embeddable":true,"href":"https:\/\/cheyennecarronparfums.com\/en\/wp-json\/wp\/v2\/product_brand?post=2806"},{"taxonomy":"product_cat","embeddable":true,"href":"https:\/\/cheyennecarronparfums.com\/en\/wp-json\/wp\/v2\/product_cat?post=2806"},{"taxonomy":"product_tag","embeddable":true,"href":"https:\/\/cheyennecarronparfums.com\/en\/wp-json\/wp\/v2\/product_tag?post=2806"}],"curies":[{"name":"wp","href":"https:\/\/api.w.org\/{rel}","templated":true}]}}