{"id":3182,"date":"2021-09-08T10:32:49","date_gmt":"2021-09-08T08:32:49","guid":{"rendered":"https:\/\/www.cheyennecarronparfums.com\/?post_type=product&#038;p=3182"},"modified":"2026-01-11T22:19:38","modified_gmt":"2026-01-11T21:19:38","slug":"huile-a-barbe-monsieur-legionnaire","status":"publish","type":"product","link":"https:\/\/cheyennecarronparfums.com\/en\/products\/huile-a-barbe-monsieur-legionnaire\/","title":{"rendered":"Monsieur L\u00e9gionnaire Beard Oil"},"content":{"rendered":"<div class=\"flex flex-col text-sm pb-25\">\n<article class=\"text-token-text-primary w-full focus:outline-none [--shadow-height:45px] has-data-writing-block:pointer-events-none has-data-writing-block:-mt-(--shadow-height) has-data-writing-block:pt-(--shadow-height) [&amp;:has([data-writing-block])&gt;*]:pointer-events-auto scroll-mt-[calc(var(--header-height)+min(200px,max(70px,20svh)))]\" dir=\"auto\" tabindex=\"-1\" data-turn-id=\"request-WEB:465f5481-4cc0-4037-90e3-2fcc7be9cd53-148\" data-testid=\"conversation-turn-298\" data-scroll-anchor=\"true\" data-turn=\"assistant\">\n<div class=\"text-base my-auto mx-auto pb-10 [--thread-content-margin:--spacing(4)] @w-sm\/main:[--thread-content-margin:--spacing(6)] @w-lg\/main:[--thread-content-margin:--spacing(16)] px-(--thread-content-margin)\">\n<div class=\"[--thread-content-max-width:40rem] @w-lg\/main:[--thread-content-max-width:48rem] mx-auto max-w-(--thread-content-max-width) flex-1 group\/turn-messages focus-visible:outline-hidden relative flex w-full min-w-0 flex-col agent-turn\" tabindex=\"-1\">\n<div class=\"flex max-w-full flex-col grow\">\n<div class=\"min-h-8 text-message relative flex w-full flex-col items-end gap-2 text-start break-words whitespace-normal [.text-message+&amp;]:mt-1\" dir=\"auto\" data-message-author-role=\"assistant\" data-message-id=\"9deec666-888f-47b8-a823-5ed0a3918169\" data-message-model-slug=\"gpt-5-2\">\n<div class=\"flex w-full flex-col gap-1 empty:hidden first:pt-[1px]\">\n<div class=\"markdown prose dark:prose-invert w-full break-words light markdown-new-styling\">\n<p data-start=\"30\" data-end=\"570\">Le s\u00e9rum \u00e0 barbe\u00a0Monsieur L\u00e9gionnaire\u00a0est sp\u00e9cialement con\u00e7u pour toutes les barbes. Un condens\u00e9 du meilleur de la nature dans un flacon format poche de 30ml : Huile de ricin, huile de jojoba, huile d\u2019amande douce, de baobab et de tournesol, le tout issu de l\u2019agriculture biologique. L\u2019huile \u00e0 barbe\u00a0Monsieur L\u00e9gionnaire\u00a0est sp\u00e9cialement con\u00e7ue pour assouplir et nourrir les barbes longues et \u00e9paisses.<\/p>\n<p data-start=\"30\" data-end=\"570\">Vous modelez et prot\u00e9gez votre barbe, laquelle conserve ainsi tout son lustre et sa \u00ab contr\u00f4labilit\u00e9 \u00bb. L\u2019huile \u00e0 barbe pr\u00e9sente un parfum sensuel et viril unique. Mode d\u2019emploi : Versez 4 \u00e0 6 gouttes d\u2019huile \u00e0 barbe dans votre paume et frottez-la entre vos mains. Appliquez-la ensuite dans votre barbe mouill\u00e9e, des racines jusqu\u2019aux pointes.<\/p>\n<p data-start=\"30\" data-end=\"570\"><strong>INGREDIENTS HUILE A BARBE<\/strong> : Huile de p\u00e9pin de raisin, huile d\u2019amande douce, huile de ricin, huile d\u2019avocat, huile de jojoba, huile d\u2019argan, huile de tournesol. Parfum Monsieur L\u00e9gionnaire.<\/p>\n<p data-start=\"30\" data-end=\"570\"><strong>INCI\u00a0<\/strong>: Aqua, ricinus communis oil, vitis vinifera seed oil, argania spinosa oil, persea gratissima oil, prunus amygdalus dulcis oil, sodium hydroxide, helianthus annuus oil. Fragrance<\/p>\n<\/div>\n<\/div>\n<\/div>\n<\/div>\n<div class=\"z-0 flex min-h-[46px] justify-start\"><\/div>\n<div class=\"mt-3 w-full empty:hidden\">\n<div class=\"text-center\"><\/div>\n<\/div>\n<\/div>\n<\/div>\n<\/article>\n<\/div>\n<div class=\"pointer-events-none h-px w-px absolute bottom-0\" aria-hidden=\"true\" data-edge=\"true\"><\/div>\n","protected":false},"excerpt":{"rendered":"<p><strong>Monsieur L\u00e9gionnaire Beard Serum<\/strong>\u00a0is specially designed for all beard types. A concentrated blend of nature\u2019s finest ingredients in a convenient 30 ml pocket-sized bottle: castor oil, jojoba oil, sweet almond oil, baobab oil, and sunflower oil\u2014all sourced from organic farming.<\/p>","protected":false},"featured_media":3183,"comment_status":"open","ping_status":"closed","template":"","meta":{"_acf_changed":false,"_et_pb_use_builder":"off","_et_pb_old_content":"Le s\u00e9rum \u00e0 barbe\u00a0<em>Monsieur L\u00e9gionnaire<\/em>\u00a0est sp\u00e9cialement con\u00e7u pour toutes les barbes. Un condens\u00e9 du meilleur de la nature dans un flacon format poche de 30ml : Huile de ricin, huile de jojoba, huile d\u2019amande douce, de baobab et de tournesol, le tout issu de l\u2019agriculture biologique.\r\n\r\nL\u2019huile \u00e0 barbe\u00a0<em>Monsieur L\u00e9gionnaire<\/em>\u00a0est sp\u00e9cialement con\u00e7ue pour assouplir et nourrir les barbes longues et \u00e9paisses.\r\nVous modelez et prot\u00e9gez votre barbe, laquelle conserve ainsi tout son lustre et sa \u00ab contr\u00f4labilit\u00e9 \u00bb. L\u2019huile \u00e0 barbe pr\u00e9sente un parfum sensuel et viril unique.\r\n\r\nMode d\u2019emploi : Versez 4 \u00e0 6 gouttes d\u2019huile \u00e0 barbe dans votre paume et frottez-la entre vos mains. Appliquez-la ensuite dans votre barbe mouill\u00e9e, des racines jusqu\u2019aux pointes.\r\n\r\nINGREDIENTS HUILE A BARBE :\r\n\r\nHuile de p\u00e9pin de raisin, huile d\u2019amande douce, huile de ricin, huile d\u2019avocat, huile de jojoba, huile d\u2019argan, huile de tournesol. Parfum Monsieur L\u00e9gionnaire.\r\n\r\n<strong>INCI\u00a0:<\/strong>\r\n\r\nAqua, ricinus communis oil, vitis vinifera seed oil, argania spinosa oil, persea gratissima oil, prunus amygdalus dulcis oil, sodium hydroxide, helianthus annuus oil. Fragrance","_et_gb_content_width":""},"product_brand":[],"product_cat":[52,69],"product_tag":[],"class_list":{"0":"post-3182","1":"product","2":"type-product","3":"status-publish","4":"has-post-thumbnail","6":"product_cat-huiles","7":"product_cat-legion","9":"first","10":"instock","11":"taxable","12":"shipping-taxable","13":"purchasable","14":"product-type-simple"},"acf":[],"jetpack_sharing_enabled":true,"_links":{"self":[{"href":"https:\/\/cheyennecarronparfums.com\/en\/wp-json\/wp\/v2\/product\/3182","targetHints":{"allow":["GET"]}}],"collection":[{"href":"https:\/\/cheyennecarronparfums.com\/en\/wp-json\/wp\/v2\/product"}],"about":[{"href":"https:\/\/cheyennecarronparfums.com\/en\/wp-json\/wp\/v2\/types\/product"}],"replies":[{"embeddable":true,"href":"https:\/\/cheyennecarronparfums.com\/en\/wp-json\/wp\/v2\/comments?post=3182"}],"wp:featuredmedia":[{"embeddable":true,"href":"https:\/\/cheyennecarronparfums.com\/en\/wp-json\/wp\/v2\/media\/3183"}],"wp:attachment":[{"href":"https:\/\/cheyennecarronparfums.com\/en\/wp-json\/wp\/v2\/media?parent=3182"}],"wp:term":[{"taxonomy":"product_brand","embeddable":true,"href":"https:\/\/cheyennecarronparfums.com\/en\/wp-json\/wp\/v2\/product_brand?post=3182"},{"taxonomy":"product_cat","embeddable":true,"href":"https:\/\/cheyennecarronparfums.com\/en\/wp-json\/wp\/v2\/product_cat?post=3182"},{"taxonomy":"product_tag","embeddable":true,"href":"https:\/\/cheyennecarronparfums.com\/en\/wp-json\/wp\/v2\/product_tag?post=3182"}],"curies":[{"name":"wp","href":"https:\/\/api.w.org\/{rel}","templated":true}]}}