{"id":3235,"date":"2021-11-30T15:19:01","date_gmt":"2021-11-30T14:19:01","guid":{"rendered":"https:\/\/www.cheyennecarronparfums.com\/?post_type=product&#038;p=3235"},"modified":"2025-10-15T13:55:05","modified_gmt":"2025-10-15T11:55:05","slug":"le-retour-du-printemps","status":"publish","type":"product","link":"https:\/\/cheyennecarronparfums.com\/en\/products\/le-retour-du-printemps\/","title":{"rendered":"Nappe &#8211; Le retour du printemps"},"content":{"rendered":"<p>Majestueux ! Inspir\u00e9 des peintures japonaises, la nappe, le retour du printemps \u00e9gayera votre table. Pour une d\u00e9coration raffin\u00e9e, avec toujours avec un souci d\u2019\u00e9l\u00e9gance et de qualit\u00e9. Une touche de soleil primordiale dans tout int\u00e9rieur.<\/p>\n<p>Dimensions : 255 cm X 165 cm<\/p>\n<p>Tissu : Polyester 100% OEKO-TEX<\/p>\n<p>Lavable en machine<\/p>","protected":false},"excerpt":{"rendered":"<p>Majestueux ! Inspir\u00e9 des peintures japonaises, la nappe, le retour du printemps \u00e9gayera votre table. Pour une d\u00e9coration raffin\u00e9e, avec toujours avec un souci d\u2019\u00e9l\u00e9gance et de qualit\u00e9. Une touche de soleil primordiale dans tout int\u00e9rieur.<\/p>\n<p>Dimensions : 255 cm X 165 cm<\/p>","protected":false},"featured_media":3243,"comment_status":"open","ping_status":"closed","template":"","meta":{"_acf_changed":false,"_et_pb_use_builder":"","_et_pb_old_content":"","_et_gb_content_width":""},"product_brand":[],"product_cat":[61,65],"product_tag":[],"class_list":{"0":"post-3235","1":"product","2":"type-product","3":"status-publish","4":"has-post-thumbnail","6":"product_cat-maison-deurope","7":"product_cat-nappes","8":"product_shipping_class-maison","10":"first","11":"instock","12":"taxable","13":"shipping-taxable","14":"purchasable","15":"product-type-variable"},"acf":[],"jetpack_sharing_enabled":true,"_links":{"self":[{"href":"https:\/\/cheyennecarronparfums.com\/en\/wp-json\/wp\/v2\/product\/3235","targetHints":{"allow":["GET"]}}],"collection":[{"href":"https:\/\/cheyennecarronparfums.com\/en\/wp-json\/wp\/v2\/product"}],"about":[{"href":"https:\/\/cheyennecarronparfums.com\/en\/wp-json\/wp\/v2\/types\/product"}],"replies":[{"embeddable":true,"href":"https:\/\/cheyennecarronparfums.com\/en\/wp-json\/wp\/v2\/comments?post=3235"}],"wp:featuredmedia":[{"embeddable":true,"href":"https:\/\/cheyennecarronparfums.com\/en\/wp-json\/wp\/v2\/media\/3243"}],"wp:attachment":[{"href":"https:\/\/cheyennecarronparfums.com\/en\/wp-json\/wp\/v2\/media?parent=3235"}],"wp:term":[{"taxonomy":"product_brand","embeddable":true,"href":"https:\/\/cheyennecarronparfums.com\/en\/wp-json\/wp\/v2\/product_brand?post=3235"},{"taxonomy":"product_cat","embeddable":true,"href":"https:\/\/cheyennecarronparfums.com\/en\/wp-json\/wp\/v2\/product_cat?post=3235"},{"taxonomy":"product_tag","embeddable":true,"href":"https:\/\/cheyennecarronparfums.com\/en\/wp-json\/wp\/v2\/product_tag?post=3235"}],"curies":[{"name":"wp","href":"https:\/\/api.w.org\/{rel}","templated":true}]}}