{"id":3254,"date":"2021-12-11T15:09:54","date_gmt":"2021-12-11T14:09:54","guid":{"rendered":"https:\/\/www.cheyennecarronparfums.com\/?post_type=product&#038;p=3254"},"modified":"2026-01-11T22:17:43","modified_gmt":"2026-01-11T21:17:43","slug":"sainte-chapelle","status":"publish","type":"product","link":"https:\/\/cheyennecarronparfums.com\/en\/products\/sainte-chapelle\/","title":{"rendered":"Sainte Chapelle"},"content":{"rendered":"<p data-start=\"30\" data-end=\"227\"><strong>La bougie Saint Chapelle<\/strong> est un hommage \u00e0 nos \u00e9glises. Les parfums si particuliers qui r\u00e8gnent dans nos \u00e9glises, sont une invitation au bien-\u00eatre, \u00e0 la s\u00e9r\u00e9nit\u00e9 et m\u00eame \u00e0 la joie\u00a0!<\/p>\n<p data-start=\"30\" data-end=\"227\">Parfum\u00a0: Myrrhe, encens du Liban en grains, r\u00e9sine Oliban, elemi, huile essentielle de lys blanc, vanille Bourbon.<\/p>\n<p data-start=\"30\" data-end=\"227\">Ingr\u00e9dients\u00a0: Cire de soja, cire d\u2019abeilles blanche, beurre de coco, parfums.<\/p>\n<p data-start=\"30\" data-end=\"227\">Sans CMR sans phtalate<\/p>\n<p data-start=\"30\" data-end=\"227\">Dur\u00e9e : 45h Fait en France<\/p>","protected":false},"excerpt":{"rendered":"<p>La bougie Saint Chapelle est un hommage \u00e0 nos \u00e9glises. Les parfums si particuliers qui r\u00e8gnent dans nos \u00e9glises, sont une invitation au bien-\u00eatre, \u00e0 la s\u00e9r\u00e9nit\u00e9 et m\u00eame \u00e0 la joie\u00a0!<\/p>","protected":false},"featured_media":3255,"comment_status":"open","ping_status":"closed","template":"","meta":{"_acf_changed":false,"_et_pb_use_builder":"","_et_pb_old_content":"","_et_gb_content_width":""},"product_brand":[],"product_cat":[53],"product_tag":[],"class_list":{"0":"post-3254","1":"product","2":"type-product","3":"status-publish","4":"has-post-thumbnail","6":"product_cat-bougies","8":"first","9":"instock","10":"taxable","11":"shipping-taxable","12":"purchasable","13":"product-type-simple"},"acf":[],"jetpack_sharing_enabled":true,"_links":{"self":[{"href":"https:\/\/cheyennecarronparfums.com\/en\/wp-json\/wp\/v2\/product\/3254","targetHints":{"allow":["GET"]}}],"collection":[{"href":"https:\/\/cheyennecarronparfums.com\/en\/wp-json\/wp\/v2\/product"}],"about":[{"href":"https:\/\/cheyennecarronparfums.com\/en\/wp-json\/wp\/v2\/types\/product"}],"replies":[{"embeddable":true,"href":"https:\/\/cheyennecarronparfums.com\/en\/wp-json\/wp\/v2\/comments?post=3254"}],"wp:featuredmedia":[{"embeddable":true,"href":"https:\/\/cheyennecarronparfums.com\/en\/wp-json\/wp\/v2\/media\/3255"}],"wp:attachment":[{"href":"https:\/\/cheyennecarronparfums.com\/en\/wp-json\/wp\/v2\/media?parent=3254"}],"wp:term":[{"taxonomy":"product_brand","embeddable":true,"href":"https:\/\/cheyennecarronparfums.com\/en\/wp-json\/wp\/v2\/product_brand?post=3254"},{"taxonomy":"product_cat","embeddable":true,"href":"https:\/\/cheyennecarronparfums.com\/en\/wp-json\/wp\/v2\/product_cat?post=3254"},{"taxonomy":"product_tag","embeddable":true,"href":"https:\/\/cheyennecarronparfums.com\/en\/wp-json\/wp\/v2\/product_tag?post=3254"}],"curies":[{"name":"wp","href":"https:\/\/api.w.org\/{rel}","templated":true}]}}