{"id":3727,"date":"2023-07-31T21:41:58","date_gmt":"2023-07-31T19:41:58","guid":{"rendered":"https:\/\/www.cheyennecarronparfums.com\/?post_type=product&#038;p=3727"},"modified":"2026-01-22T22:25:45","modified_gmt":"2026-01-22T21:25:45","slug":"echantillon-2-ml-les-beaux-jours","status":"publish","type":"product","link":"https:\/\/cheyennecarronparfums.com\/en\/products\/echantillon-2-ml-les-beaux-jours\/","title":{"rendered":"\u00c9chantillon 2 ml &#8211; Les beaux jours"},"content":{"rendered":"<h3 data-start=\"108\" data-end=\"131\"><strong>Les Beaux Jours<\/strong><\/h3>\n<p data-start=\"30\" data-end=\"62\">Clart\u00e9. S\u00e9r\u00e9nit\u00e9. \u00c9l\u00e9gance.<\/p>\n<p data-start=\"64\" data-end=\"314\">Les Beaux Jours est le parfum de l\u2019homme qui avance avec optimisme et assurance. Une fragrance qui capture l\u2019\u00e9nergie simple des matins lumineux, la libert\u00e9 de l\u2019air ti\u00e8de et l\u2019\u00e9l\u00e9gance naturelle des instants heureux. L\u2019ouverture s\u2019illumine de notes fra\u00eeches et \u00e9clatantes, \u00e9voquant le soleil sur la peau et le ciel sans nuages.<\/p>\n<p data-start=\"64\" data-end=\"314\">Le c\u0153ur r\u00e9v\u00e8le une masculinit\u00e9 douce et raffin\u00e9e, m\u00ealant accords aromatiques et nuances l\u00e9g\u00e8rement bois\u00e9es. En fond, des muscs propres et des bois clairs s\u2019installent avec subtilit\u00e9, laissant un sillage propre, lumineux et profond\u00e9ment apaisant.<\/p>\n<p data-start=\"64\" data-end=\"314\"><strong>Les Beaux Jours<\/strong> ne promet pas l\u2019exc\u00e8s. Il c\u00e9l\u00e8bre l\u2019essentiel. La beaut\u00e9 des instants simples.<\/p>\n<hr data-start=\"846\" data-end=\"849\" \/>\n<p data-start=\"851\" data-end=\"890\">","protected":false},"excerpt":{"rendered":"<p>A luminous and soothing fragrance. The trail of beautiful days.<\/p>","protected":false},"featured_media":4840,"comment_status":"open","ping_status":"closed","template":"","meta":{"_acf_changed":false,"_et_pb_use_builder":"","_et_pb_old_content":"","_et_gb_content_width":""},"product_brand":[],"product_cat":[68],"product_tag":[],"class_list":{"0":"post-3727","1":"product","2":"type-product","3":"status-publish","4":"has-post-thumbnail","6":"product_cat-echantillons","8":"first","9":"instock","10":"taxable","11":"shipping-taxable","12":"purchasable","13":"product-type-simple"},"acf":[],"jetpack_sharing_enabled":true,"_links":{"self":[{"href":"https:\/\/cheyennecarronparfums.com\/en\/wp-json\/wp\/v2\/product\/3727","targetHints":{"allow":["GET"]}}],"collection":[{"href":"https:\/\/cheyennecarronparfums.com\/en\/wp-json\/wp\/v2\/product"}],"about":[{"href":"https:\/\/cheyennecarronparfums.com\/en\/wp-json\/wp\/v2\/types\/product"}],"replies":[{"embeddable":true,"href":"https:\/\/cheyennecarronparfums.com\/en\/wp-json\/wp\/v2\/comments?post=3727"}],"wp:featuredmedia":[{"embeddable":true,"href":"https:\/\/cheyennecarronparfums.com\/en\/wp-json\/wp\/v2\/media\/4840"}],"wp:attachment":[{"href":"https:\/\/cheyennecarronparfums.com\/en\/wp-json\/wp\/v2\/media?parent=3727"}],"wp:term":[{"taxonomy":"product_brand","embeddable":true,"href":"https:\/\/cheyennecarronparfums.com\/en\/wp-json\/wp\/v2\/product_brand?post=3727"},{"taxonomy":"product_cat","embeddable":true,"href":"https:\/\/cheyennecarronparfums.com\/en\/wp-json\/wp\/v2\/product_cat?post=3727"},{"taxonomy":"product_tag","embeddable":true,"href":"https:\/\/cheyennecarronparfums.com\/en\/wp-json\/wp\/v2\/product_tag?post=3727"}],"curies":[{"name":"wp","href":"https:\/\/api.w.org\/{rel}","templated":true}]}}