{"id":3731,"date":"2023-07-31T21:44:50","date_gmt":"2023-07-31T19:44:50","guid":{"rendered":"https:\/\/www.cheyennecarronparfums.com\/?post_type=product&#038;p=3731"},"modified":"2026-03-24T17:31:06","modified_gmt":"2026-03-24T16:31:06","slug":"echantillon-2-ml-le-parfum-dun-roi","status":"publish","type":"product","link":"https:\/\/cheyennecarronparfums.com\/en\/products\/echantillon-2-ml-le-parfum-dun-roi\/","title":{"rendered":"Le Parfum d\u2019un Roi"},"content":{"rendered":"<div class=\"flex flex-col text-sm pb-25\">\n<article class=\"text-token-text-primary w-full focus:outline-none [--shadow-height:45px] has-data-writing-block:pointer-events-none has-data-writing-block:-mt-(--shadow-height) has-data-writing-block:pt-(--shadow-height) [&amp;:has([data-writing-block])&gt;*]:pointer-events-auto scroll-mt-[calc(var(--header-height)+min(200px,max(70px,20svh)))]\" dir=\"auto\" tabindex=\"-1\" data-turn-id=\"request-WEB:465f5481-4cc0-4037-90e3-2fcc7be9cd53-113\" data-testid=\"conversation-turn-228\" data-scroll-anchor=\"true\" data-turn=\"assistant\">\n<div class=\"text-base my-auto mx-auto pb-10 [--thread-content-margin:--spacing(4)] @w-sm\/main:[--thread-content-margin:--spacing(6)] @w-lg\/main:[--thread-content-margin:--spacing(16)] px-(--thread-content-margin)\">\n<div class=\"[--thread-content-max-width:40rem] @w-lg\/main:[--thread-content-max-width:48rem] mx-auto max-w-(--thread-content-max-width) flex-1 group\/turn-messages focus-visible:outline-hidden relative flex w-full min-w-0 flex-col agent-turn\" tabindex=\"-1\">\n<div class=\"flex max-w-full flex-col grow\">\n<div class=\"min-h-8 text-message relative flex w-full flex-col items-end gap-2 text-start break-words whitespace-normal [.text-message+&amp;]:mt-1\" dir=\"auto\" data-message-author-role=\"assistant\" data-message-id=\"2ab6a2ff-3eae-4fe8-8e44-c3e675584050\" data-message-model-slug=\"gpt-5-2\">\n<div class=\"flex w-full flex-col gap-1 empty:hidden first:pt-[1px]\">\n<div class=\"markdown prose dark:prose-invert w-full break-words light markdown-new-styling\">\n<p data-start=\"1477\" data-end=\"1524\"><strong data-start=\"1477\" data-end=\"1524\">LE PARFUM D\u2019UN ROI \u2013 Eau de parfum \u2013 100 ml<\/strong><\/p>\n<p data-start=\"1526\" data-end=\"1711\">Une fragrance profonde et structur\u00e9e, o\u00f9 l\u2019iris et l\u2019encens rencontrent la chaleur des notes bois\u00e9es et ambr\u00e9es. Un parfum inspir\u00e9 par la verticalit\u00e9, la pr\u00e9sence et la ma\u00eetrise de soi.<\/p>\n<p data-start=\"1526\" data-end=\"1711\">\n<\/div>\n<\/div>\n<\/div>\n<\/div>\n<\/div>\n<\/div>\n<\/article>\n<\/div>\n<div class=\"pointer-events-none h-px w-px absolute bottom-0\" aria-hidden=\"true\" data-edge=\"true\"><\/div>\n","protected":false},"excerpt":{"rendered":"<p data-start=\"224\" data-end=\"271\"><strong data-start=\"224\" data-end=\"271\">LE PARFUM D\u2019UN ROI \u2013 Eau de parfum \u2013 100 ml<\/strong><\/p>\n<p data-start=\"273\" data-end=\"442\">Ce parfum est une eau de parfum intense et profonde, m\u00ealant iris, encens et notes bois\u00e9es. Une fragrance structur\u00e9e et \u00e9l\u00e9gante, id\u00e9ale pour une utilisation quotidienne.<\/p>\n<p data-start=\"495\" data-end=\"728\">Le Parfum d\u2019un Roi est une d\u00e9claration \u00e0 la beaut\u00e9 souveraine et au sacr\u00e9 oubli\u00e9. Il ne c\u00e9l\u00e8bre ni le pouvoir ni la domination, mais la verticalit\u00e9 int\u00e9rieure : celle de l\u2019homme qui se tient droit, fid\u00e8le \u00e0 sa parole et \u00e0 sa lumi\u00e8re.<\/p>\n<p data-start=\"730\" data-end=\"910\">Cette fragrance \u00e9voque une royaut\u00e9 silencieuse, celle qui ne s\u2019impose pas mais rayonne. Un parfum pour ceux qui gouvernent d\u2019abord leur propre royaume \u2014 l\u2019\u00e2me, le corps, le destin.<\/p>\n<p data-start=\"912\" data-end=\"1055\">Porter Le Parfum d\u2019un Roi, c\u2019est choisir l\u2019\u00e9l\u00e9vation plut\u00f4t que le tumulte, la pr\u00e9sence plut\u00f4t que le bruit, l\u2019essentiel plut\u00f4t que l\u2019\u00e9ph\u00e9m\u00e8re.<\/p>\n<p data-start=\"1086\" data-end=\"1108\"><strong data-start=\"1086\" data-end=\"1108\">Caract\u00e9ristiques :<\/strong><\/p>\n<ul data-start=\"1110\" data-end=\"1228\">\n<li data-start=\"1110\" data-end=\"1134\"><em>Type : Eau de parfum<\/em><\/li>\n<li data-start=\"1135\" data-end=\"1158\"><em>Contenance : 100 ml<\/em><\/li>\n<li data-start=\"1159\" data-end=\"1179\"><em>Genre : Masculin<\/em><\/li>\n<li data-start=\"1180\" data-end=\"1204\"><em>Fabrication : France<\/em><\/li>\n<li data-start=\"1205\" data-end=\"1228\"><em>Application : Spray<\/em><\/li>\n<\/ul>\n<p data-start=\"1248\" data-end=\"1294\"><strong data-start=\"1248\" data-end=\"1267\">Head notes :<\/strong><br data-start=\"1267\" data-end=\"1270\" \/>Iris, vanilline, ambre<\/p>\n<p data-start=\"1296\" data-end=\"1354\"><strong data-start=\"1296\" data-end=\"1315\">Heart notes :<\/strong><br data-start=\"1315\" data-end=\"1318\" \/>Tub\u00e9reuse, c\u00e8dre de Virginie, musc<\/p>\n<p data-start=\"1356\" data-end=\"1415\"><strong data-start=\"1356\" data-end=\"1375\">Base note :<\/strong><br data-start=\"1375\" data-end=\"1378\" \/>Myrrhe, notes bois\u00e9es, encens, cuir<\/p>\n<hr data-start=\"444\" data-end=\"447\" \/>\n<h2 data-start=\"449\" data-end=\"493\"><\/h2>","protected":false},"featured_media":4828,"comment_status":"open","ping_status":"closed","template":"","meta":{"_acf_changed":false,"_et_pb_use_builder":"","_et_pb_old_content":"","_et_gb_content_width":""},"product_brand":[],"product_cat":[68,19],"product_tag":[],"class_list":{"0":"post-3731","1":"product","2":"type-product","3":"status-publish","4":"has-post-thumbnail","6":"product_cat-echantillons","7":"product_cat-homme","9":"first","10":"instock","11":"taxable","12":"shipping-taxable","13":"purchasable","14":"product-type-simple"},"acf":[],"jetpack_sharing_enabled":true,"_links":{"self":[{"href":"https:\/\/cheyennecarronparfums.com\/en\/wp-json\/wp\/v2\/product\/3731","targetHints":{"allow":["GET"]}}],"collection":[{"href":"https:\/\/cheyennecarronparfums.com\/en\/wp-json\/wp\/v2\/product"}],"about":[{"href":"https:\/\/cheyennecarronparfums.com\/en\/wp-json\/wp\/v2\/types\/product"}],"replies":[{"embeddable":true,"href":"https:\/\/cheyennecarronparfums.com\/en\/wp-json\/wp\/v2\/comments?post=3731"}],"wp:featuredmedia":[{"embeddable":true,"href":"https:\/\/cheyennecarronparfums.com\/en\/wp-json\/wp\/v2\/media\/4828"}],"wp:attachment":[{"href":"https:\/\/cheyennecarronparfums.com\/en\/wp-json\/wp\/v2\/media?parent=3731"}],"wp:term":[{"taxonomy":"product_brand","embeddable":true,"href":"https:\/\/cheyennecarronparfums.com\/en\/wp-json\/wp\/v2\/product_brand?post=3731"},{"taxonomy":"product_cat","embeddable":true,"href":"https:\/\/cheyennecarronparfums.com\/en\/wp-json\/wp\/v2\/product_cat?post=3731"},{"taxonomy":"product_tag","embeddable":true,"href":"https:\/\/cheyennecarronparfums.com\/en\/wp-json\/wp\/v2\/product_tag?post=3731"}],"curies":[{"name":"wp","href":"https:\/\/api.w.org\/{rel}","templated":true}]}}