{"id":3739,"date":"2023-07-31T21:52:57","date_gmt":"2023-07-31T19:52:57","guid":{"rendered":"https:\/\/www.cheyennecarronparfums.com\/?post_type=product&#038;p=3739"},"modified":"2026-01-22T22:10:19","modified_gmt":"2026-01-22T21:10:19","slug":"echantillon-2-ml-mademoiselle-roma","status":"publish","type":"product","link":"https:\/\/cheyennecarronparfums.com\/en\/products\/echantillon-2-ml-mademoiselle-roma\/","title":{"rendered":"\u00c9chantillon 2 ml &#8211; Mademoiselle Roma"},"content":{"rendered":"<p data-start=\"30\" data-end=\"311\">Mademoiselle Roma incarne la femme moderne au c\u0153ur latin, \u00e9l\u00e9gante sans effort, passionn\u00e9e sans exc\u00e8s. Elle marche dans les rues de Rome avec assurance, entre vestiges antiques et terrasses baign\u00e9es de soleil, laissant derri\u00e8re elle un sillage inoubliable. L\u2019ouverture est lumineuse et p\u00e9tillante, comme un matin sur une piazza. Le c\u0153ur d\u00e9voile une f\u00e9minit\u00e9 raffin\u00e9e et chaleureuse, o\u00f9 les fleurs \u00e9l\u00e9gantes se m\u00ealent \u00e0 des accents l\u00e9g\u00e8rement gourmands.<\/p>\n<p data-start=\"30\" data-end=\"311\">En fond, les bois doux, la vanille et les muscs enveloppent la peau d\u2019une sensualit\u00e9 profonde, chic et addictive. Mademoiselle Roma n\u2019est pas un parfum que l\u2019on suit. C\u2019est un parfum qui attire. Une d\u00e9claration de charme, \u00e0 l\u2019italienne.<\/p>","protected":false},"excerpt":{"rendered":"<p>L\u2019\u00e9l\u00e9gance libre, au charme italien. Un sillage lumineux et sensuel.\u00a0 Mademoiselle Roma.<\/p>","protected":false},"featured_media":4841,"comment_status":"open","ping_status":"closed","template":"","meta":{"_acf_changed":false,"_et_pb_use_builder":"","_et_pb_old_content":"","_et_gb_content_width":""},"product_brand":[],"product_cat":[68],"product_tag":[],"class_list":{"0":"post-3739","1":"product","2":"type-product","3":"status-publish","4":"has-post-thumbnail","6":"product_cat-echantillons","8":"first","9":"instock","10":"taxable","11":"shipping-taxable","12":"purchasable","13":"product-type-simple"},"acf":[],"jetpack_sharing_enabled":true,"_links":{"self":[{"href":"https:\/\/cheyennecarronparfums.com\/en\/wp-json\/wp\/v2\/product\/3739","targetHints":{"allow":["GET"]}}],"collection":[{"href":"https:\/\/cheyennecarronparfums.com\/en\/wp-json\/wp\/v2\/product"}],"about":[{"href":"https:\/\/cheyennecarronparfums.com\/en\/wp-json\/wp\/v2\/types\/product"}],"replies":[{"embeddable":true,"href":"https:\/\/cheyennecarronparfums.com\/en\/wp-json\/wp\/v2\/comments?post=3739"}],"wp:featuredmedia":[{"embeddable":true,"href":"https:\/\/cheyennecarronparfums.com\/en\/wp-json\/wp\/v2\/media\/4841"}],"wp:attachment":[{"href":"https:\/\/cheyennecarronparfums.com\/en\/wp-json\/wp\/v2\/media?parent=3739"}],"wp:term":[{"taxonomy":"product_brand","embeddable":true,"href":"https:\/\/cheyennecarronparfums.com\/en\/wp-json\/wp\/v2\/product_brand?post=3739"},{"taxonomy":"product_cat","embeddable":true,"href":"https:\/\/cheyennecarronparfums.com\/en\/wp-json\/wp\/v2\/product_cat?post=3739"},{"taxonomy":"product_tag","embeddable":true,"href":"https:\/\/cheyennecarronparfums.com\/en\/wp-json\/wp\/v2\/product_tag?post=3739"}],"curies":[{"name":"wp","href":"https:\/\/api.w.org\/{rel}","templated":true}]}}