{"id":3741,"date":"2023-07-31T21:54:02","date_gmt":"2023-07-31T19:54:02","guid":{"rendered":"https:\/\/www.cheyennecarronparfums.com\/?post_type=product&#038;p=3741"},"modified":"2026-01-22T22:07:11","modified_gmt":"2026-01-22T21:07:11","slug":"echantillon-2-ml-leau-delsa","status":"publish","type":"product","link":"https:\/\/cheyennecarronparfums.com\/en\/products\/echantillon-2-ml-leau-delsa\/","title":{"rendered":"\u00c9chantillon 2 ml &#8211; L&rsquo;eau d&rsquo;Elsa"},"content":{"rendered":"<h3 data-start=\"130\" data-end=\"150\"><strong>Elsa\u2019s Water<\/strong><\/h3>\n<p data-start=\"152\" data-end=\"182\">Douce. Lumineuse. Inoubliable.<\/p>\n<p data-start=\"30\" data-end=\"324\">L\u2019Eau d\u2019Elsa est n\u00e9e d\u2019un geste d\u2019amour. Un parfum cr\u00e9\u00e9 pour une jeune fille pr\u00e9cieuse, symbole de puret\u00e9, de joie et de promesses \u00e0 venir. C\u2019est une fragrance d\u00e9licate, sinc\u00e8re, qui capture l\u2019innocence d\u2019un sourire et la fra\u00eecheur d\u2019un matin clair. D\u00e8s les premi\u00e8res notes, la fragrance s\u2019ouvre sur une fra\u00eecheur l\u00e9g\u00e8re et p\u00e9tillante, comme une brise douce sur la peau. Le c\u0153ur r\u00e9v\u00e8le une f\u00e9minit\u00e9 tendre et lumineuse, aux accords floraux subtils, d\u00e9licats comme un souvenir d\u2019enfance.<\/p>\n<p data-start=\"30\" data-end=\"324\">En fond, une douceur enveloppante, l\u00e9g\u00e8rement musqu\u00e9e et poudr\u00e9e, vient rassurer et r\u00e9conforter, laissant un sillage propre, pur et apaisant. L\u2019Eau d\u2019Elsa n\u2019est pas seulement un parfum. C\u2019est un lien, un souvenir, une d\u00e9claration d\u2019amour invisible. Celui qu\u2019on porte pr\u00e8s du c\u0153ur.<\/p>","protected":false},"excerpt":{"rendered":"<article class=\"text-token-text-primary w-full focus:outline-none [--shadow-height:45px] has-data-writing-block:pointer-events-none has-data-writing-block:-mt-(--shadow-height) has-data-writing-block:pt-(--shadow-height) [&amp;:has([data-writing-block])&gt;*]:pointer-events-auto scroll-mt-(--header-height)\" dir=\"auto\" tabindex=\"-1\" data-turn-id=\"dbb39997-a1c7-47cd-a448-c9292fc2a7ce\" data-testid=\"conversation-turn-155\" data-scroll-anchor=\"false\" data-turn=\"user\">\n<div class=\"text-base my-auto mx-auto pt-12 [--thread-content-margin:--spacing(4)] @w-sm\/main:[--thread-content-margin:--spacing(6)] @w-lg\/main:[--thread-content-margin:--spacing(16)] px-(--thread-content-margin)\">\n<div class=\"[--thread-content-max-width:40rem] @w-lg\/main:[--thread-content-max-width:48rem] mx-auto max-w-(--thread-content-max-width) flex-1 group\/turn-messages focus-visible:outline-hidden relative flex w-full min-w-0 flex-col\" tabindex=\"-1\">\n<div class=\"flex max-w-full flex-col grow\">\n<div class=\"min-h-8 text-message relative flex w-full flex-col items-end gap-2 text-start break-words whitespace-normal [.text-message+&amp;]:mt-1\" dir=\"auto\" data-message-author-role=\"user\" data-message-id=\"dbb39997-a1c7-47cd-a448-c9292fc2a7ce\">\n<div class=\"flex w-full flex-col gap-1 empty:hidden items-end rtl:items-start\">\n<div class=\"user-message-bubble-color corner-superellipse\/1.1 relative rounded-[18px] px-4 py-1.5 data-[multiline]:py-3 max-w-[var(--user-chat-width,70%)]\" data-multiline=\"\">\n<div class=\"whitespace-pre-wrap\">Un souffle de fra\u00eecheur et de tendresse. Un parfum d\u00e9licat, pur et lumineux.<\/div>\n<div class=\"whitespace-pre-wrap\">L\u2019Eau d\u2019Elsa, n\u00e9e de l\u2019amour.<\/div>\n<\/div>\n<\/div>\n<\/div>\n<\/div>\n<div class=\"z-0 flex justify-end\"><\/div>\n<\/div>\n<\/div>\n<\/article>\n<article class=\"text-token-text-primary w-full focus:outline-none [--shadow-height:45px] has-data-writing-block:pointer-events-none has-data-writing-block:-mt-(--shadow-height) has-data-writing-block:pt-(--shadow-height) [&amp;:has([data-writing-block])&gt;*]:pointer-events-auto [content-visibility:auto] supports-[content-visibility:auto]:[contain-intrinsic-size:auto_100lvh] scroll-mt-[calc(var(--header-height)+min(200px,max(70px,20svh)))]\" dir=\"auto\" tabindex=\"-1\" data-turn-id=\"request-WEB:465f5481-4cc0-4037-90e3-2fcc7be9cd53-77\" data-testid=\"conversation-turn-156\" data-scroll-anchor=\"false\" data-turn=\"assistant\"><\/article>\n","protected":false},"featured_media":4848,"comment_status":"open","ping_status":"closed","template":"","meta":{"_acf_changed":false,"_et_pb_use_builder":"","_et_pb_old_content":"","_et_gb_content_width":""},"product_brand":[],"product_cat":[68],"product_tag":[],"class_list":{"0":"post-3741","1":"product","2":"type-product","3":"status-publish","4":"has-post-thumbnail","6":"product_cat-echantillons","8":"first","9":"instock","10":"taxable","11":"shipping-taxable","12":"purchasable","13":"product-type-simple"},"acf":[],"jetpack_sharing_enabled":true,"_links":{"self":[{"href":"https:\/\/cheyennecarronparfums.com\/en\/wp-json\/wp\/v2\/product\/3741","targetHints":{"allow":["GET"]}}],"collection":[{"href":"https:\/\/cheyennecarronparfums.com\/en\/wp-json\/wp\/v2\/product"}],"about":[{"href":"https:\/\/cheyennecarronparfums.com\/en\/wp-json\/wp\/v2\/types\/product"}],"replies":[{"embeddable":true,"href":"https:\/\/cheyennecarronparfums.com\/en\/wp-json\/wp\/v2\/comments?post=3741"}],"wp:featuredmedia":[{"embeddable":true,"href":"https:\/\/cheyennecarronparfums.com\/en\/wp-json\/wp\/v2\/media\/4848"}],"wp:attachment":[{"href":"https:\/\/cheyennecarronparfums.com\/en\/wp-json\/wp\/v2\/media?parent=3741"}],"wp:term":[{"taxonomy":"product_brand","embeddable":true,"href":"https:\/\/cheyennecarronparfums.com\/en\/wp-json\/wp\/v2\/product_brand?post=3741"},{"taxonomy":"product_cat","embeddable":true,"href":"https:\/\/cheyennecarronparfums.com\/en\/wp-json\/wp\/v2\/product_cat?post=3741"},{"taxonomy":"product_tag","embeddable":true,"href":"https:\/\/cheyennecarronparfums.com\/en\/wp-json\/wp\/v2\/product_tag?post=3741"}],"curies":[{"name":"wp","href":"https:\/\/api.w.org\/{rel}","templated":true}]}}