{"id":3742,"date":"2023-07-31T21:54:24","date_gmt":"2023-07-31T19:54:24","guid":{"rendered":"https:\/\/www.cheyennecarronparfums.com\/?post_type=product&#038;p=3742"},"modified":"2026-01-23T17:47:35","modified_gmt":"2026-01-23T16:47:35","slug":"echantillon-2-ml-beaute-enracinee","status":"publish","type":"product","link":"https:\/\/cheyennecarronparfums.com\/en\/products\/echantillon-2-ml-beaute-enracinee\/","title":{"rendered":"\u00c9chantillon 2 ml &#8211; Beaut\u00e9 enracin\u00e9e"},"content":{"rendered":"<h3 data-start=\"143\" data-end=\"167\"><strong>Rooted Beauty<\/strong><\/h3>\n<p data-start=\"169\" data-end=\"198\">Vraie. Profonde. Essentielle.<\/p>\n<p data-start=\"30\" data-end=\"351\">Beaut\u00e9 Enracin\u00e9e c\u00e9l\u00e8bre une beaut\u00e9 qui ne cherche pas \u00e0 briller, mais \u00e0 durer. Une beaut\u00e9 ancr\u00e9e dans la terre, les origines et la force int\u00e9rieure. Ce parfum est une ode \u00e0 l\u2019authenticit\u00e9, \u00e0 la femme (ou l\u2019homme) qui avance avec calme, conviction et harmonie.<\/p>\n<p data-start=\"30\" data-end=\"351\">L\u2019ouverture r\u00e9v\u00e8le une fra\u00eecheur naturelle et apaisante, comme un souffle v\u00e9g\u00e9tal au lever du jour. Le c\u0153ur se fait doux et enveloppant, m\u00ealant des accords floraux d\u00e9licats \u00e0 une chaleur subtile, \u00e9voquant la peau, la nature et le temps qui s\u2019installe. En fond, les bois profonds, l\u2019ambre et les muscs dessinent un sillage rassurant et \u00e9l\u00e9gant, puissant sans jamais \u00eatre excessif.<\/p>","protected":false},"excerpt":{"rendered":"<p>Beaut\u00e9 Enracin\u00e9e n\u2019est pas une promesse \u00e9ph\u00e9m\u00e8re. C\u2019est une pr\u00e9sence. Un retour \u00e0 l\u2019essentiel. Authentique et apaisante, une beaut\u00e9 qui prend racine. Des notes naturelles, bois\u00e9es et enveloppantes. Beaut\u00e9 Enracin\u00e9e, le parfum du retour \u00e0 l\u2019essentiel.<\/p>","protected":false},"featured_media":4849,"comment_status":"open","ping_status":"closed","template":"","meta":{"_acf_changed":false,"_et_pb_use_builder":"","_et_pb_old_content":"","_et_gb_content_width":""},"product_brand":[],"product_cat":[68],"product_tag":[],"class_list":{"0":"post-3742","1":"product","2":"type-product","3":"status-publish","4":"has-post-thumbnail","6":"product_cat-echantillons","8":"first","9":"instock","10":"taxable","11":"shipping-taxable","12":"purchasable","13":"product-type-simple"},"acf":[],"jetpack_sharing_enabled":true,"_links":{"self":[{"href":"https:\/\/cheyennecarronparfums.com\/en\/wp-json\/wp\/v2\/product\/3742","targetHints":{"allow":["GET"]}}],"collection":[{"href":"https:\/\/cheyennecarronparfums.com\/en\/wp-json\/wp\/v2\/product"}],"about":[{"href":"https:\/\/cheyennecarronparfums.com\/en\/wp-json\/wp\/v2\/types\/product"}],"replies":[{"embeddable":true,"href":"https:\/\/cheyennecarronparfums.com\/en\/wp-json\/wp\/v2\/comments?post=3742"}],"wp:featuredmedia":[{"embeddable":true,"href":"https:\/\/cheyennecarronparfums.com\/en\/wp-json\/wp\/v2\/media\/4849"}],"wp:attachment":[{"href":"https:\/\/cheyennecarronparfums.com\/en\/wp-json\/wp\/v2\/media?parent=3742"}],"wp:term":[{"taxonomy":"product_brand","embeddable":true,"href":"https:\/\/cheyennecarronparfums.com\/en\/wp-json\/wp\/v2\/product_brand?post=3742"},{"taxonomy":"product_cat","embeddable":true,"href":"https:\/\/cheyennecarronparfums.com\/en\/wp-json\/wp\/v2\/product_cat?post=3742"},{"taxonomy":"product_tag","embeddable":true,"href":"https:\/\/cheyennecarronparfums.com\/en\/wp-json\/wp\/v2\/product_tag?post=3742"}],"curies":[{"name":"wp","href":"https:\/\/api.w.org\/{rel}","templated":true}]}}